{"id":15614,"date":"2026-02-27T00:27:02","date_gmt":"2026-02-27T00:27:02","guid":{"rendered":"https:\/\/nordicmart.andreevmaster.com\/product\/vasagle-sideboard-med-skjutdorrar-och-hyllor\/"},"modified":"2026-02-27T08:18:13","modified_gmt":"2026-02-27T08:18:13","slug":"vasagle-sideboard-med-skjutdorrar-och-hyllor","status":"publish","type":"product","link":"https:\/\/nordicmart.andreevmaster.com\/sv\/produkt\/vasagle-sideboard-med-skjutdorrar-och-hyllor\/","title":{"rendered":"VASAGLE sideboard med skjutd\u00f6rrar och hyllor"},"content":{"rendered":"<p>VASAGLE sideboard, k\u00f6kssk\u00e5p, f\u00f6rvaringssk\u00e5p, med 2 skjutd\u00f6rrar, justerbar hylla, industriell, f\u00f6r vardagsrum, vintagebrun-svart LSC092B01<br \/>\nF\u00e4rg: Turkisbrun-bl\u00e4ksvart<br \/>\nMaterial: Sp\u00e5nskiva, st\u00e5l<br \/>\nStorlek: 33 x 100 x 80 cm (D x B x H)<br \/>\nVikt: 26,3 kg<br \/>\nMax. statisk belastningskapacitet f\u00f6r ytan: 79,4 kg<br \/>\nMax. statisk belastningskapacitet f\u00f6r det \u00f6ppna mellanlagret: 30 kg<br \/>\nMax. statisk belastningskapacitet per justerbar hylla: 18 kg<\/p>\n","protected":false},"excerpt":{"rendered":"<p>VASAGLE sideboard, k\u00f6kssk\u00e5p, f\u00f6rvaringssk\u00e5p, med 2 skjutd\u00f6rrar, justerbar hylla, industriell, f\u00f6r vardagsrum, vintagebrun-svart LSC092B01<\/p>\n","protected":false},"featured_media":46652,"comment_status":"open","ping_status":"closed","template":"","meta":[],"product_brand":[],"product_cat":[33],"product_tag":[],"class_list":{"0":"post-15614","1":"product","2":"type-product","3":"status-publish","4":"has-post-thumbnail","6":"product_cat-okategoriserad","8":"first","9":"instock","10":"shipping-taxable","11":"purchasable","12":"product-type-simple"},"_links":{"self":[{"href":"https:\/\/nordicmart.andreevmaster.com\/sv\/wp-json\/wp\/v2\/product\/15614","targetHints":{"allow":["GET"]}}],"collection":[{"href":"https:\/\/nordicmart.andreevmaster.com\/sv\/wp-json\/wp\/v2\/product"}],"about":[{"href":"https:\/\/nordicmart.andreevmaster.com\/sv\/wp-json\/wp\/v2\/types\/product"}],"replies":[{"embeddable":true,"href":"https:\/\/nordicmart.andreevmaster.com\/sv\/wp-json\/wp\/v2\/comments?post=15614"}],"wp:featuredmedia":[{"embeddable":true,"href":"https:\/\/nordicmart.andreevmaster.com\/sv\/wp-json\/wp\/v2\/media\/46652"}],"wp:attachment":[{"href":"https:\/\/nordicmart.andreevmaster.com\/sv\/wp-json\/wp\/v2\/media?parent=15614"}],"wp:term":[{"taxonomy":"product_brand","embeddable":true,"href":"https:\/\/nordicmart.andreevmaster.com\/sv\/wp-json\/wp\/v2\/product_brand?post=15614"},{"taxonomy":"product_cat","embeddable":true,"href":"https:\/\/nordicmart.andreevmaster.com\/sv\/wp-json\/wp\/v2\/product_cat?post=15614"},{"taxonomy":"product_tag","embeddable":true,"href":"https:\/\/nordicmart.andreevmaster.com\/sv\/wp-json\/wp\/v2\/product_tag?post=15614"}],"curies":[{"name":"wp","href":"https:\/\/api.w.org\/{rel}","templated":true}]}}