{"id":15613,"date":"2026-02-27T00:27:02","date_gmt":"2026-02-27T00:27:02","guid":{"rendered":"https:\/\/nordicmart.andreevmaster.com\/product\/vasagle-sideboard-med-skjutdorrar\/"},"modified":"2026-02-27T08:18:13","modified_gmt":"2026-02-27T08:18:13","slug":"vasagle-sideboard-med-skjutdorrar","status":"publish","type":"product","link":"https:\/\/nordicmart.andreevmaster.com\/sv\/produkt\/vasagle-sideboard-med-skjutdorrar\/","title":{"rendered":"VASAGLE sideboard med skjutd\u00f6rrar"},"content":{"rendered":"<p>Produktdetaljer: &#8211; F\u00e4rg: Naturf\u00e4rgad-Svart &#8211; Material: Sp\u00e5nskiva, st\u00e5l &#8211; Storlek: 33 x 100 x 80 cm (D x B x H) &#8211; Vikt: 26,7 kg &#8211; Max. statisk belastningskapacitet p\u00e5 ytan: 90 kg &#8211; Max. statisk belastningskapacitet p\u00e5 den \u00f6ppna mellanhyllan: 45 kg &#8211; Max. statisk belastningskapacitet per justerbar hylla: 18 kg Leveransomfattning: &#8211; 1 x sideboard &#8211; 1 x tillbeh\u00f6rspaket &#8211; 1 x tippskydd &#8211; 1 x bruksanvisning VASAGLE Anm\u00e4rkningar: &#8211; Av s\u00e4kerhetssk\u00e4l \u00e4r det f\u00f6rbjudet f\u00f6r barn att kl\u00e4ttra p\u00e5 eller leka med produkten. &#8211; F\u00e4st denna produkt p\u00e5 v\u00e4ggen med det medf\u00f6ljande tippskyddet f\u00f6r att f\u00f6rhindra att den v\u00e4lter.<\/p>\n","protected":false},"excerpt":{"rendered":"<p>VASAGLE sideboard, k\u00f6kssk\u00e5p, f\u00f6rvaringssk\u00e5p, med 2 skjutd\u00f6rrar, justerbar hylla, industriell, f\u00f6r vardagsrum, vintagebrun-svart LSC092B01<\/p>\n","protected":false},"featured_media":0,"comment_status":"open","ping_status":"closed","template":"","meta":[],"product_brand":[],"product_cat":[33],"product_tag":[],"class_list":{"0":"post-15613","1":"product","2":"type-product","3":"status-publish","5":"product_cat-okategoriserad","7":"first","8":"instock","9":"shipping-taxable","10":"purchasable","11":"product-type-simple"},"_links":{"self":[{"href":"https:\/\/nordicmart.andreevmaster.com\/sv\/wp-json\/wp\/v2\/product\/15613","targetHints":{"allow":["GET"]}}],"collection":[{"href":"https:\/\/nordicmart.andreevmaster.com\/sv\/wp-json\/wp\/v2\/product"}],"about":[{"href":"https:\/\/nordicmart.andreevmaster.com\/sv\/wp-json\/wp\/v2\/types\/product"}],"replies":[{"embeddable":true,"href":"https:\/\/nordicmart.andreevmaster.com\/sv\/wp-json\/wp\/v2\/comments?post=15613"}],"wp:attachment":[{"href":"https:\/\/nordicmart.andreevmaster.com\/sv\/wp-json\/wp\/v2\/media?parent=15613"}],"wp:term":[{"taxonomy":"product_brand","embeddable":true,"href":"https:\/\/nordicmart.andreevmaster.com\/sv\/wp-json\/wp\/v2\/product_brand?post=15613"},{"taxonomy":"product_cat","embeddable":true,"href":"https:\/\/nordicmart.andreevmaster.com\/sv\/wp-json\/wp\/v2\/product_cat?post=15613"},{"taxonomy":"product_tag","embeddable":true,"href":"https:\/\/nordicmart.andreevmaster.com\/sv\/wp-json\/wp\/v2\/product_tag?post=15613"}],"curies":[{"name":"wp","href":"https:\/\/api.w.org\/{rel}","templated":true}]}}