{"id":15609,"date":"2026-02-27T00:27:01","date_gmt":"2026-02-27T00:27:01","guid":{"rendered":"https:\/\/nordicmart.andreevmaster.com\/product\/vasagle-sideboard-med-skjutdorr-i-lantlig-stil-ekbrun-svart\/"},"modified":"2026-02-27T08:18:12","modified_gmt":"2026-02-27T08:18:12","slug":"vasagle-sideboard-med-skjutdorr-i-lantlig-stil-ekbrun-svart","status":"publish","type":"product","link":"https:\/\/nordicmart.andreevmaster.com\/sv\/produkt\/vasagle-sideboard-med-skjutdorr-i-lantlig-stil-ekbrun-svart\/","title":{"rendered":"VASAGLE sideboard med skjutd\u00f6rr i lantlig stil, ekbrun-svart"},"content":{"rendered":"<p>VASAGLE F\u00f6rvaringssk\u00e5p, k\u00f6kssk\u00e5p med skjutd\u00f6rr, \u00f6ppet fack, justerbar hylla, industriellt, f\u00f6r hall, vardagsrum, k\u00f6k, arbetsrum, vintagebrunt-svart LSC089B01<br \/>\nF\u00e4rg: ekbrun-svart<br \/>\nMaterial: sp\u00e5nskiva, st\u00e5l<br \/>\nStorlek: 30 x 70 x 80 cm (D x B x H)<br \/>\nVikt: 17,6 kg<br \/>\nMax. statisk belastningskapacitet f\u00f6r ytan: 30 kg<br \/>\nMax. statisk belastningskapacitet f\u00f6r varje hyllplan nedtill: 10 kg<\/p>\n","protected":false},"excerpt":{"rendered":"<p>VASAGLE F\u00f6rvaringssk\u00e5p, k\u00f6kssk\u00e5p med skjutd\u00f6rr, \u00f6ppet fack, justerbar hylla, industriellt, f\u00f6r hall, vardagsrum, k\u00f6k, arbetsrum, vintagebrunt-svart LSC089B01<\/p>\n","protected":false},"featured_media":43399,"comment_status":"open","ping_status":"closed","template":"","meta":[],"product_brand":[],"product_cat":[33],"product_tag":[],"class_list":{"0":"post-15609","1":"product","2":"type-product","3":"status-publish","4":"has-post-thumbnail","6":"product_cat-okategoriserad","8":"first","9":"instock","10":"shipping-taxable","11":"purchasable","12":"product-type-simple"},"_links":{"self":[{"href":"https:\/\/nordicmart.andreevmaster.com\/sv\/wp-json\/wp\/v2\/product\/15609","targetHints":{"allow":["GET"]}}],"collection":[{"href":"https:\/\/nordicmart.andreevmaster.com\/sv\/wp-json\/wp\/v2\/product"}],"about":[{"href":"https:\/\/nordicmart.andreevmaster.com\/sv\/wp-json\/wp\/v2\/types\/product"}],"replies":[{"embeddable":true,"href":"https:\/\/nordicmart.andreevmaster.com\/sv\/wp-json\/wp\/v2\/comments?post=15609"}],"wp:featuredmedia":[{"embeddable":true,"href":"https:\/\/nordicmart.andreevmaster.com\/sv\/wp-json\/wp\/v2\/media\/43399"}],"wp:attachment":[{"href":"https:\/\/nordicmart.andreevmaster.com\/sv\/wp-json\/wp\/v2\/media?parent=15609"}],"wp:term":[{"taxonomy":"product_brand","embeddable":true,"href":"https:\/\/nordicmart.andreevmaster.com\/sv\/wp-json\/wp\/v2\/product_brand?post=15609"},{"taxonomy":"product_cat","embeddable":true,"href":"https:\/\/nordicmart.andreevmaster.com\/sv\/wp-json\/wp\/v2\/product_cat?post=15609"},{"taxonomy":"product_tag","embeddable":true,"href":"https:\/\/nordicmart.andreevmaster.com\/sv\/wp-json\/wp\/v2\/product_tag?post=15609"}],"curies":[{"name":"wp","href":"https:\/\/api.w.org\/{rel}","templated":true}]}}