{"id":15597,"date":"2026-02-27T00:26:58","date_gmt":"2026-02-27T00:26:58","guid":{"rendered":"https:\/\/nordicmart.andreevmaster.com\/product\/vasagle-koksskap-med-justerbara-hyllor-i-ekbrunt-svart\/"},"modified":"2026-02-27T08:18:10","modified_gmt":"2026-02-27T08:18:10","slug":"vasagle-koksskap-med-justerbara-hyllor-i-ekbrunt-svart","status":"publish","type":"product","link":"https:\/\/nordicmart.andreevmaster.com\/sv\/produkt\/vasagle-koksskap-med-justerbara-hyllor-i-ekbrunt-svart\/","title":{"rendered":"VASAGLE k\u00f6kssk\u00e5p med justerbara hyllor i ekbrunt-svart"},"content":{"rendered":"<p>VASAGLE bokhylla, boksk\u00e5p, kontorshylla, k\u00f6kssk\u00e5p med 2 \u00f6ppna fack, justerbar hyllplan i sk\u00e5pet, multifunktionell, industriell design, vintagebrun-svart LSC66BX<br \/>\nF\u00e4rg: ekbrun-svart<br \/>\nMaterial: sp\u00e5nskiva, st\u00e5l<br \/>\nStorlek: 35 x 60 x 124,5 cm (D x B x H)<br \/>\nVikt: 25,7 kg<br \/>\nMax. statisk belastningskapacitet f\u00f6r det \u00f6versta hyllplanet: 30 kg<br \/>\nMax. statisk belastningskapacitet f\u00f6r varje \u00f6ppet fack: 20 kg<br \/>\nMax. statisk belastningskapacitet f\u00f6r den justerbara hyllan: 15 kg<\/p>\n","protected":false},"excerpt":{"rendered":"<p>VASAGLE bokhylla, boksk\u00e5p, kontorshylla, k\u00f6kssk\u00e5p med 2 \u00f6ppna fack, justerbar hyllplan i sk\u00e5pet, multifunktionell, industriell design, vintagebrun-svart LSC66BX<\/p>\n","protected":false},"featured_media":43388,"comment_status":"open","ping_status":"closed","template":"","meta":[],"product_brand":[],"product_cat":[33],"product_tag":[],"class_list":{"0":"post-15597","1":"product","2":"type-product","3":"status-publish","4":"has-post-thumbnail","6":"product_cat-okategoriserad","8":"first","9":"instock","10":"shipping-taxable","11":"purchasable","12":"product-type-simple"},"_links":{"self":[{"href":"https:\/\/nordicmart.andreevmaster.com\/sv\/wp-json\/wp\/v2\/product\/15597","targetHints":{"allow":["GET"]}}],"collection":[{"href":"https:\/\/nordicmart.andreevmaster.com\/sv\/wp-json\/wp\/v2\/product"}],"about":[{"href":"https:\/\/nordicmart.andreevmaster.com\/sv\/wp-json\/wp\/v2\/types\/product"}],"replies":[{"embeddable":true,"href":"https:\/\/nordicmart.andreevmaster.com\/sv\/wp-json\/wp\/v2\/comments?post=15597"}],"wp:featuredmedia":[{"embeddable":true,"href":"https:\/\/nordicmart.andreevmaster.com\/sv\/wp-json\/wp\/v2\/media\/43388"}],"wp:attachment":[{"href":"https:\/\/nordicmart.andreevmaster.com\/sv\/wp-json\/wp\/v2\/media?parent=15597"}],"wp:term":[{"taxonomy":"product_brand","embeddable":true,"href":"https:\/\/nordicmart.andreevmaster.com\/sv\/wp-json\/wp\/v2\/product_brand?post=15597"},{"taxonomy":"product_cat","embeddable":true,"href":"https:\/\/nordicmart.andreevmaster.com\/sv\/wp-json\/wp\/v2\/product_cat?post=15597"},{"taxonomy":"product_tag","embeddable":true,"href":"https:\/\/nordicmart.andreevmaster.com\/sv\/wp-json\/wp\/v2\/product_tag?post=15597"}],"curies":[{"name":"wp","href":"https:\/\/api.w.org\/{rel}","templated":true}]}}