{"id":15596,"date":"2026-02-27T00:26:57","date_gmt":"2026-02-27T00:26:57","guid":{"rendered":"https:\/\/nordicmart.andreevmaster.com\/product\/hog-forvaringsskap\/"},"modified":"2026-02-27T08:18:10","modified_gmt":"2026-02-27T08:18:10","slug":"hog-forvaringsskap","status":"publish","type":"product","link":"https:\/\/nordicmart.andreevmaster.com\/sv\/produkt\/hog-forvaringsskap\/","title":{"rendered":"H\u00f6g f\u00f6rvaringssk\u00e5p"},"content":{"rendered":"<p>Rustik \u00f6verdel i tr\u00e4, matt svart finish, t\u00e4t metalln\u00e4td\u00f6rr, eleganta handtag och avsmalnande ben kombineras med en modern, industriell stil och ger personlighet \u00f6verallt d\u00e4r du placerar detta golvsk\u00e5p.Eftersom detta h\u00f6ga f\u00f6rvaringssk\u00e5p tar s\u00e5 lite plats, men erbjuder fyra hyllplan bakom d\u00f6rrarna d\u00e4r du kan placera b\u00f6cker, kontorsmaterial och annat, \u00e4r det en livr\u00e4ddare \u2013 s\u00e4rskilt f\u00f6r dem som har lite utrymme.Som alltid underl\u00e4ttar justerbara modeller livet. I detta sk\u00e5p finns en justerbar hylla med 5 h\u00f6jdl\u00e4gen, s\u00e5 att du kan f\u00f6rvara fler f\u00f6rem\u00e5l i olika h\u00f6jder. Dessutom garanterar 4 justerbara ben att ditt sk\u00e5p alltid st\u00e5r stadigt.I detta sk\u00e5p, som har en robust st\u00e5lram och en specialdesignad tr\u00e4hylla, f\u00e5r du enkelt plats f\u00f6r kaffekoppar, glas, b\u00f6cker eller din filmsamling. Varje d\u00f6rr \u00e4r utrustad med ett magnetl\u00e5s som g\u00f6r det enkelt att \u00f6ppna och st\u00e4nga.Specifikationer: &#8211; F\u00e4rg: Rustic Brown, Black &#8211; Material: Rustic Brown, Black &#8211; Material: Rustic Brown, Black: Material: Lastulevy, ter\u00e4s- Produktens storlek: 15,7 &#8221;L x 11,8 &#8221;L x 55,1 &#8221;K (40 x 30 x 140 cm) F\u00f6rpackningens inneh\u00e5ll:- 1 x F\u00f6rvaringssk\u00e5p- 1 x Monteringssats- 1 x Instruktioner (EN, DE, FR, ES, IT)<\/p>\n","protected":false},"excerpt":{"rendered":"<p>Rustik \u00f6verdel i tr\u00e4, matt svart finish, t\u00e4t metalln\u00e4td\u00f6rr, eleganta handtag och avsmalnande ben kombineras med en modern, industriell stil och ger personlighet \u00f6verallt d\u00e4r du placerar detta golvsk\u00e5p.Eftersom detta h\u00f6ga f\u00f6rvaringssk\u00e5p tar s\u00e5 lite plats, men erbjuder fyra hyllplan bakom d\u00f6rrarna d\u00e4r du kan placera b\u00f6cker, kontorsmaterial och annat, \u00e4r det en livr\u00e4ddare \u2013 [&hellip;]<\/p>\n","protected":false},"featured_media":0,"comment_status":"open","ping_status":"closed","template":"","meta":[],"product_brand":[],"product_cat":[33],"product_tag":[],"class_list":{"0":"post-15596","1":"product","2":"type-product","3":"status-publish","5":"product_cat-okategoriserad","7":"first","8":"instock","9":"shipping-taxable","10":"product-type-simple"},"_links":{"self":[{"href":"https:\/\/nordicmart.andreevmaster.com\/sv\/wp-json\/wp\/v2\/product\/15596","targetHints":{"allow":["GET"]}}],"collection":[{"href":"https:\/\/nordicmart.andreevmaster.com\/sv\/wp-json\/wp\/v2\/product"}],"about":[{"href":"https:\/\/nordicmart.andreevmaster.com\/sv\/wp-json\/wp\/v2\/types\/product"}],"replies":[{"embeddable":true,"href":"https:\/\/nordicmart.andreevmaster.com\/sv\/wp-json\/wp\/v2\/comments?post=15596"}],"wp:attachment":[{"href":"https:\/\/nordicmart.andreevmaster.com\/sv\/wp-json\/wp\/v2\/media?parent=15596"}],"wp:term":[{"taxonomy":"product_brand","embeddable":true,"href":"https:\/\/nordicmart.andreevmaster.com\/sv\/wp-json\/wp\/v2\/product_brand?post=15596"},{"taxonomy":"product_cat","embeddable":true,"href":"https:\/\/nordicmart.andreevmaster.com\/sv\/wp-json\/wp\/v2\/product_cat?post=15596"},{"taxonomy":"product_tag","embeddable":true,"href":"https:\/\/nordicmart.andreevmaster.com\/sv\/wp-json\/wp\/v2\/product_tag?post=15596"}],"curies":[{"name":"wp","href":"https:\/\/api.w.org\/{rel}","templated":true}]}}