{"id":15595,"date":"2026-02-27T00:26:57","date_gmt":"2026-02-27T00:26:57","guid":{"rendered":"https:\/\/nordicmart.andreevmaster.com\/product\/forvaringsskap\/"},"modified":"2026-02-27T08:18:09","modified_gmt":"2026-02-27T08:18:09","slug":"forvaringsskap","status":"publish","type":"product","link":"https:\/\/nordicmart.andreevmaster.com\/sv\/produkt\/forvaringsskap\/","title":{"rendered":"F\u00f6rvaringssk\u00e5p"},"content":{"rendered":"<p>Varma rustika bruna tr\u00e4toner, svart st\u00e5lram, t\u00e4ta n\u00e4td\u00f6rrar och koniska ben \u2013 dessa detaljer kombineras i detta f\u00f6rvaringssk\u00e5p, vilket g\u00f6r det till ett elegant industriellt verk som imponerar i ditt hem.St\u00e4ll vackra vaser och fotoramar p\u00e5 bordsskivan och f\u00f6rvara b\u00f6cker och hantverk i de tv\u00e5 f\u00f6rvaringshyllorna under. Inneh\u00e5llet i sk\u00e5pet \u00e4r delvis dolt och delvis synligt bakom de mattblanka metalln\u00e4td\u00f6rrarna, vilket g\u00f6r dem \u00e4nnu mer attraktiva.Sk\u00e5pet har en snygg design och funktionell f\u00f6rvaringsutrymme och \u00e4r utformat f\u00f6r att passa in var som helst \u2013 i vardagsrummet som vitrinsk\u00e5p, i sovrummet f\u00f6r kl\u00e4der och s\u00e4ngkl\u00e4der, i hallen f\u00f6r friluftsutrustning, arbetsrummet f\u00f6r kontorsmaterial, matsalen f\u00f6r porslin eller kl\u00e4dkammaren f\u00f6r kosmetika&#8230;<\/p>\n<p>Vill du inte montera? Ingen fara. Tack vare numrerade delar och l\u00e4ttf\u00f6rst\u00e5eliga instruktioner kan du montera detta f\u00f6rvaringssk\u00e5p p\u00e5 nolltid. Justerbara ben j\u00e4mnar ut oj\u00e4mnheter i golvet.<\/p>\n<p>Tekniska uppgifter:- F\u00e4rg: &#8211; F\u00e4rgad: F\u00e4rg: Rustic Brown, Black- Material: Rustic Brown, Black- Material: Rustic Brown, Black: Material: Sp\u00e5nskiva, st\u00e5l- Produktens storlek: 29,5 &#8221;L x 12,9 &#8221;L x 39,3 &#8221;K (75 x 33 x 100 cm) F\u00f6rpackningens inneh\u00e5ll:- 1 x F\u00f6rvaringssk\u00e5p- 1 x Monteringssats- 1 x Instruktioner (EN, DE, FR, ES, IT)<\/p>\n","protected":false},"excerpt":{"rendered":"<p>Varma rustika bruna tr\u00e4toner, svart st\u00e5lram, t\u00e4ta n\u00e4td\u00f6rrar och koniska ben \u2013 dessa detaljer kombineras i detta f\u00f6rvaringssk\u00e5p, vilket g\u00f6r det till ett elegant industriellt verk som imponerar i ditt hem.St\u00e4ll vackra vaser och fotoramar p\u00e5 bordsskivan och f\u00f6rvara b\u00f6cker och hantverk i de tv\u00e5 f\u00f6rvaringshyllorna under. Inneh\u00e5llet i sk\u00e5pet \u00e4r delvis dolt och delvis [&hellip;]<\/p>\n","protected":false},"featured_media":0,"comment_status":"open","ping_status":"closed","template":"","meta":[],"product_brand":[],"product_cat":[33],"product_tag":[],"class_list":{"0":"post-15595","1":"product","2":"type-product","3":"status-publish","5":"product_cat-okategoriserad","7":"first","8":"instock","9":"shipping-taxable","10":"product-type-simple"},"_links":{"self":[{"href":"https:\/\/nordicmart.andreevmaster.com\/sv\/wp-json\/wp\/v2\/product\/15595","targetHints":{"allow":["GET"]}}],"collection":[{"href":"https:\/\/nordicmart.andreevmaster.com\/sv\/wp-json\/wp\/v2\/product"}],"about":[{"href":"https:\/\/nordicmart.andreevmaster.com\/sv\/wp-json\/wp\/v2\/types\/product"}],"replies":[{"embeddable":true,"href":"https:\/\/nordicmart.andreevmaster.com\/sv\/wp-json\/wp\/v2\/comments?post=15595"}],"wp:attachment":[{"href":"https:\/\/nordicmart.andreevmaster.com\/sv\/wp-json\/wp\/v2\/media?parent=15595"}],"wp:term":[{"taxonomy":"product_brand","embeddable":true,"href":"https:\/\/nordicmart.andreevmaster.com\/sv\/wp-json\/wp\/v2\/product_brand?post=15595"},{"taxonomy":"product_cat","embeddable":true,"href":"https:\/\/nordicmart.andreevmaster.com\/sv\/wp-json\/wp\/v2\/product_cat?post=15595"},{"taxonomy":"product_tag","embeddable":true,"href":"https:\/\/nordicmart.andreevmaster.com\/sv\/wp-json\/wp\/v2\/product_tag?post=15595"}],"curies":[{"name":"wp","href":"https:\/\/api.w.org\/{rel}","templated":true}]}}