{"id":15594,"date":"2026-02-27T00:26:57","date_gmt":"2026-02-27T00:26:57","guid":{"rendered":"https:\/\/nordicmart.andreevmaster.com\/product\/tv-forvaringsskap\/"},"modified":"2026-02-27T08:18:09","modified_gmt":"2026-02-27T08:18:09","slug":"tv-forvaringsskap","status":"publish","type":"product","link":"https:\/\/nordicmart.andreevmaster.com\/sv\/produkt\/tv-forvaringsskap\/","title":{"rendered":"TV-f\u00f6rvaringssk\u00e5p"},"content":{"rendered":"<p>N\u00e4r det g\u00e4ller en produkt som alla i familjen kan anv\u00e4nda, varf\u00f6r inte v\u00e4lja en som har snygg design? Detta f\u00f6rvaringssk\u00e5p kommer garanterat att imponera med sina olika fantastiska detaljer \u2013 bruna nyanser, matt svart st\u00e5lram, t\u00e4ta n\u00e4td\u00f6rrar och koniska ben.St\u00e4ll TV:n p\u00e5 bordsskivan och f\u00f6rvara b\u00f6cker och media i de tv\u00e5 nedre f\u00f6rvaringshyllorna. Din samling inuti sk\u00e5pet \u00e4r delvis dold och delvis synlig bakom de matt svarta metalln\u00e4td\u00f6rrarna, vilket g\u00f6r dem \u00e4nnu mer attraktiva.<\/p>\n<p> Detta sk\u00e5p \u00e4r ett m\u00e5ngsidigt m\u00f6bel som du kan anv\u00e4nda i olika rum i hemmet \u2013 anv\u00e4nd det som TV-sk\u00e5p i vardagsrummet f\u00f6r familjens underh\u00e5llning, som sidobord bredvid soffan eller f\u00e5t\u00f6ljen f\u00f6r b\u00f6cker eller som s\u00e4ngkl\u00e4dessk\u00e5p i sovrummet f\u00f6r lakan och t\u00e4cken.VASAGLE erbjuder en hel serie av liknande m\u00f6bler som kompletterar ditt hem, bland annat sidobord och h\u00f6ga sk\u00e5p. Du kan ocks\u00e5 skapa ditt eget underh\u00e5llningscenter genom att kombinera dem. S\u00f6k och hitta mer!<\/p>\n<p>Specifikationer:- F\u00e4rg: V\u00e4ri: Rustic Brown, Black- Material: Rustic Brown, Black- Material: Rustic Brown, Black: Material: Sp\u00e5nskiva, st\u00e5l- Produktens storlek: 39,3 &#8221;L x 13,7 &#8221;L x 21,8 &#8221;K (100 x 35 x 55,5 cm)- Max. Bordsskivans statiska belastningskapacitet: 30 kg (66 lb) &#8211; Max. Statisk belastningskapacitet per innerhylla: Max: 44 lb (20 kg) F\u00f6rpackningens inneh\u00e5ll:- 1 x TV-f\u00f6rvaringssk\u00e5p- 1 x Monteringssats- 1 x Instruktioner (EN, DE, FR, ES, IT)<\/p>\n","protected":false},"excerpt":{"rendered":"<p>N\u00e4r det g\u00e4ller en produkt som alla i familjen kan anv\u00e4nda, varf\u00f6r inte v\u00e4lja en som har snygg design? Detta f\u00f6rvaringssk\u00e5p kommer garanterat att imponera med sina olika fantastiska detaljer \u2013 bruna nyanser, matt svart st\u00e5lram, t\u00e4ta n\u00e4td\u00f6rrar och koniska ben.St\u00e4ll TV:n p\u00e5 bordsskivan och f\u00f6rvara b\u00f6cker och media i de tv\u00e5 nedre f\u00f6rvaringshyllorna. Din [&hellip;]<\/p>\n","protected":false},"featured_media":0,"comment_status":"open","ping_status":"closed","template":"","meta":[],"product_brand":[],"product_cat":[33],"product_tag":[],"class_list":{"0":"post-15594","1":"product","2":"type-product","3":"status-publish","5":"product_cat-okategoriserad","7":"first","8":"instock","9":"shipping-taxable","10":"product-type-simple"},"_links":{"self":[{"href":"https:\/\/nordicmart.andreevmaster.com\/sv\/wp-json\/wp\/v2\/product\/15594","targetHints":{"allow":["GET"]}}],"collection":[{"href":"https:\/\/nordicmart.andreevmaster.com\/sv\/wp-json\/wp\/v2\/product"}],"about":[{"href":"https:\/\/nordicmart.andreevmaster.com\/sv\/wp-json\/wp\/v2\/types\/product"}],"replies":[{"embeddable":true,"href":"https:\/\/nordicmart.andreevmaster.com\/sv\/wp-json\/wp\/v2\/comments?post=15594"}],"wp:attachment":[{"href":"https:\/\/nordicmart.andreevmaster.com\/sv\/wp-json\/wp\/v2\/media?parent=15594"}],"wp:term":[{"taxonomy":"product_brand","embeddable":true,"href":"https:\/\/nordicmart.andreevmaster.com\/sv\/wp-json\/wp\/v2\/product_brand?post=15594"},{"taxonomy":"product_cat","embeddable":true,"href":"https:\/\/nordicmart.andreevmaster.com\/sv\/wp-json\/wp\/v2\/product_cat?post=15594"},{"taxonomy":"product_tag","embeddable":true,"href":"https:\/\/nordicmart.andreevmaster.com\/sv\/wp-json\/wp\/v2\/product_tag?post=15594"}],"curies":[{"name":"wp","href":"https:\/\/api.w.org\/{rel}","templated":true}]}}