{"id":15590,"date":"2026-02-27T00:26:56","date_gmt":"2026-02-27T00:26:56","guid":{"rendered":"https:\/\/nordicmart.andreevmaster.com\/product\/vasagle-skobank-vagghangd-garderob-med-10-dubbelkrokar-102-cm-bred\/"},"modified":"2026-02-27T08:18:09","modified_gmt":"2026-02-27T08:18:09","slug":"vasagle-skobank-vagghangd-garderob-med-10-dubbelkrokar-102-cm-bred","status":"publish","type":"product","link":"https:\/\/nordicmart.andreevmaster.com\/sv\/produkt\/vasagle-skobank-vagghangd-garderob-med-10-dubbelkrokar-102-cm-bred\/","title":{"rendered":"VASAGLE skob\u00e4nk v\u00e4ggh\u00e4ngd garderob med 10 dubbelkrokar 102 cm bred"},"content":{"rendered":"<p>VASAGLE Skob\u00e4nk V\u00e4gggarderob Set, Garderob med spegel, 8 dubbla krokar, Skosk\u00e5pa med justerbara hyllor, Dubbeld\u00f6rrar, B\u00e4nk, Avtagbar sittdyna, 82 cm bred, molnvit LSC010W01<br \/>\nF\u00e4rg: Molnvit<br \/>\nMaterial: sp\u00e5nskiva, spegel, skumplast, metall, imiterat linne<br \/>\nStorlek p\u00e5 skob\u00e4nken: 31 x 102 x 52 cm (D x B x H)<br \/>\nStorlek p\u00e5 v\u00e4gggarderoben: 20 x 102 x 90 cm (D x B x H)<br \/>\nSpegelns storlek: 84,8 x 26 cm (L x B)<br \/>\nTotalvikt: 26,9 kg<br \/>\nMax. statisk belastningskapacitet f\u00f6r skob\u00e4nkens sittyta: 136 kg<br \/>\nMax. statisk belastningskapacitet per hyllplan i skob\u00e4nken: 10 kg<br \/>\nMax. statisk belastningskapacitet per krok: 3 kg<br \/>\nMax. statisk belastningskapacitet f\u00f6r garderobens \u00f6vre hylla: 10 kg<br \/>\nMax. statisk belastningskapacitet f\u00f6r garderoben totalt: 40 kg<\/p>\n","protected":false},"excerpt":{"rendered":"<p>VASAGLE Skob\u00e4nk V\u00e4gggarderob Set, Garderob med spegel, 8 dubbla krokar, Skosk\u00e5pa med justerbara hyllor, Dubbeld\u00f6rrar, B\u00e4nk, Avtagbar sittdyna, 82 cm bred, molnvit LSC010W01<\/p>\n","protected":false},"featured_media":43384,"comment_status":"open","ping_status":"closed","template":"","meta":[],"product_brand":[],"product_cat":[33],"product_tag":[],"class_list":{"0":"post-15590","1":"product","2":"type-product","3":"status-publish","4":"has-post-thumbnail","6":"product_cat-okategoriserad","8":"first","9":"instock","10":"shipping-taxable","11":"purchasable","12":"product-type-simple"},"_links":{"self":[{"href":"https:\/\/nordicmart.andreevmaster.com\/sv\/wp-json\/wp\/v2\/product\/15590","targetHints":{"allow":["GET"]}}],"collection":[{"href":"https:\/\/nordicmart.andreevmaster.com\/sv\/wp-json\/wp\/v2\/product"}],"about":[{"href":"https:\/\/nordicmart.andreevmaster.com\/sv\/wp-json\/wp\/v2\/types\/product"}],"replies":[{"embeddable":true,"href":"https:\/\/nordicmart.andreevmaster.com\/sv\/wp-json\/wp\/v2\/comments?post=15590"}],"wp:featuredmedia":[{"embeddable":true,"href":"https:\/\/nordicmart.andreevmaster.com\/sv\/wp-json\/wp\/v2\/media\/43384"}],"wp:attachment":[{"href":"https:\/\/nordicmart.andreevmaster.com\/sv\/wp-json\/wp\/v2\/media?parent=15590"}],"wp:term":[{"taxonomy":"product_brand","embeddable":true,"href":"https:\/\/nordicmart.andreevmaster.com\/sv\/wp-json\/wp\/v2\/product_brand?post=15590"},{"taxonomy":"product_cat","embeddable":true,"href":"https:\/\/nordicmart.andreevmaster.com\/sv\/wp-json\/wp\/v2\/product_cat?post=15590"},{"taxonomy":"product_tag","embeddable":true,"href":"https:\/\/nordicmart.andreevmaster.com\/sv\/wp-json\/wp\/v2\/product_tag?post=15590"}],"curies":[{"name":"wp","href":"https:\/\/api.w.org\/{rel}","templated":true}]}}