{"id":15589,"date":"2026-02-27T00:26:56","date_gmt":"2026-02-27T00:26:56","guid":{"rendered":"https:\/\/nordicmart.andreevmaster.com\/product\/vasagle-skobank-vagggarderob-set-med-8-dubbla-krokar-82-cm-bred\/"},"modified":"2026-02-27T08:18:08","modified_gmt":"2026-02-27T08:18:08","slug":"vasagle-skobank-vagggarderob-set-med-8-dubbla-krokar-82-cm-bred","status":"publish","type":"product","link":"https:\/\/nordicmart.andreevmaster.com\/sv\/produkt\/vasagle-skobank-vagggarderob-set-med-8-dubbla-krokar-82-cm-bred\/","title":{"rendered":"VASAGLE Skob\u00e4nk V\u00e4gggarderob Set med 8 dubbla krokar 82 cm bred"},"content":{"rendered":"<p>VASAGLE Skob\u00e4nk V\u00e4gggarderob Set, Garderob med spegel, 8 dubbla krokar, Skosk\u00e5pa med justerbara hyllor, Dubbeld\u00f6rrar, B\u00e4nk, Avtagbar sittdyna, 82 cm bred, molnvit LSC010W01<br \/>\nF\u00e4rg: molnvit<br \/>\nMaterial: sp\u00e5nskiva, spegel, skumplast, metall, imiterat linne<br \/>\nSkob\u00e4nkens storlek: 31 x 82 x 52 cm (D x B x H)<br \/>\nStorlek p\u00e5 v\u00e4gggarderoben: 20 x 82 x 90 cm (D x B x H)<br \/>\nSpegelns storlek: 84,8 x 26 cm (L x B)<br \/>\nTotalvikt: 23,8 kg<br \/>\nMax. statisk belastningskapacitet f\u00f6r skob\u00e4nkens sittyta: 136 kg<br \/>\nMax. statisk belastningskapacitet per hyllplan i skob\u00e4nken: 10 kg<br \/>\nMax. statisk belastningskapacitet per dubbelkrok: 3 kg<br \/>\nMax. statisk belastningskapacitet f\u00f6r hyllan p\u00e5 v\u00e4gggarderoben: 10 kg<br \/>\nMax. statisk belastningskapacitet f\u00f6r v\u00e4gggarderoben totalt: 40 kg<\/p>\n","protected":false},"excerpt":{"rendered":"<p>VASAGLE Skob\u00e4nk V\u00e4gggarderob Set, Garderob med spegel, 8 dubbla krokar, Skosk\u00e5pa med justerbara hyllor, Dubbeld\u00f6rrar, B\u00e4nk, Avtagbar sittdyna, 82 cm bred, molnvit LSC010W01<\/p>\n","protected":false},"featured_media":43383,"comment_status":"open","ping_status":"closed","template":"","meta":[],"product_brand":[],"product_cat":[33],"product_tag":[],"class_list":{"0":"post-15589","1":"product","2":"type-product","3":"status-publish","4":"has-post-thumbnail","6":"product_cat-okategoriserad","8":"first","9":"instock","10":"shipping-taxable","11":"purchasable","12":"product-type-simple"},"_links":{"self":[{"href":"https:\/\/nordicmart.andreevmaster.com\/sv\/wp-json\/wp\/v2\/product\/15589","targetHints":{"allow":["GET"]}}],"collection":[{"href":"https:\/\/nordicmart.andreevmaster.com\/sv\/wp-json\/wp\/v2\/product"}],"about":[{"href":"https:\/\/nordicmart.andreevmaster.com\/sv\/wp-json\/wp\/v2\/types\/product"}],"replies":[{"embeddable":true,"href":"https:\/\/nordicmart.andreevmaster.com\/sv\/wp-json\/wp\/v2\/comments?post=15589"}],"wp:featuredmedia":[{"embeddable":true,"href":"https:\/\/nordicmart.andreevmaster.com\/sv\/wp-json\/wp\/v2\/media\/43383"}],"wp:attachment":[{"href":"https:\/\/nordicmart.andreevmaster.com\/sv\/wp-json\/wp\/v2\/media?parent=15589"}],"wp:term":[{"taxonomy":"product_brand","embeddable":true,"href":"https:\/\/nordicmart.andreevmaster.com\/sv\/wp-json\/wp\/v2\/product_brand?post=15589"},{"taxonomy":"product_cat","embeddable":true,"href":"https:\/\/nordicmart.andreevmaster.com\/sv\/wp-json\/wp\/v2\/product_cat?post=15589"},{"taxonomy":"product_tag","embeddable":true,"href":"https:\/\/nordicmart.andreevmaster.com\/sv\/wp-json\/wp\/v2\/product_tag?post=15589"}],"curies":[{"name":"wp","href":"https:\/\/api.w.org\/{rel}","templated":true}]}}