{"id":15577,"date":"2026-02-27T00:26:53","date_gmt":"2026-02-27T00:26:53","guid":{"rendered":"https:\/\/nordicmart.andreevmaster.com\/product\/songmics-bank-med-vadderad-sits\/"},"modified":"2026-02-27T08:18:06","modified_gmt":"2026-02-27T08:18:06","slug":"songmics-bank-med-vadderad-sits","status":"publish","type":"product","link":"https:\/\/nordicmart.andreevmaster.com\/sv\/produkt\/songmics-bank-med-vadderad-sits\/","title":{"rendered":"SONGMICS b\u00e4nk med vadderad sits"},"content":{"rendered":"<p>Produktdetaljer: F\u00e4rg: Matt svart Material: Sp\u00e5nskiva, st\u00e5l, PVC, skumplast Storlek: 80 x 40 x 50 cm (L x B x H)Vikt: 12,3 kgMax. statisk belastningskapacitet f\u00f6r sitsen: 130 kgMax. statisk belastningskapacitet f\u00f6r f\u00f6rvaringsl\u00e5dan: 50 kgLeveransomfattning:1 x f\u00f6rvaringsb\u00e4nk med f\u00f6rvaringsutrymme1 x tillbeh\u00f6rspaket1 x bruksanvisningSONGMICS Anm\u00e4rkningar:Om du v\u00e4ljer att montera hjul \u00e4r det av s\u00e4kerhetssk\u00e4l f\u00f6rbjudet att flytta produkten n\u00e4r du sitter p\u00e5 b\u00e4nken. Av s\u00e4kerhetssk\u00e4l \u00e4r det f\u00f6rbjudet f\u00f6r barn att kl\u00e4ttra p\u00e5 eller leka med produkten. Den maximala statiska belastningskapaciteten f\u00f6r sittytan \u00e4r 130 kg. \u00d6verskrid inte denna maximala vikt.<\/p>\n","protected":false},"excerpt":{"rendered":"<p>SONGMICS b\u00e4nk, kista med lock, vadderad sittyta, sittkista med f\u00f6rvaringsutrymme, med hjul, s\u00e4kerhetsg\u00e5ngj\u00e4rn, f\u00f6r hall, sovrum, vardagsrum, plattor med h\u00e5l, matt svart LSB901B01<\/p>\n","protected":false},"featured_media":43375,"comment_status":"open","ping_status":"closed","template":"","meta":[],"product_brand":[],"product_cat":[33],"product_tag":[],"class_list":{"0":"post-15577","1":"product","2":"type-product","3":"status-publish","4":"has-post-thumbnail","6":"product_cat-okategoriserad","8":"first","9":"instock","10":"shipping-taxable","11":"purchasable","12":"product-type-simple"},"_links":{"self":[{"href":"https:\/\/nordicmart.andreevmaster.com\/sv\/wp-json\/wp\/v2\/product\/15577","targetHints":{"allow":["GET"]}}],"collection":[{"href":"https:\/\/nordicmart.andreevmaster.com\/sv\/wp-json\/wp\/v2\/product"}],"about":[{"href":"https:\/\/nordicmart.andreevmaster.com\/sv\/wp-json\/wp\/v2\/types\/product"}],"replies":[{"embeddable":true,"href":"https:\/\/nordicmart.andreevmaster.com\/sv\/wp-json\/wp\/v2\/comments?post=15577"}],"wp:featuredmedia":[{"embeddable":true,"href":"https:\/\/nordicmart.andreevmaster.com\/sv\/wp-json\/wp\/v2\/media\/43375"}],"wp:attachment":[{"href":"https:\/\/nordicmart.andreevmaster.com\/sv\/wp-json\/wp\/v2\/media?parent=15577"}],"wp:term":[{"taxonomy":"product_brand","embeddable":true,"href":"https:\/\/nordicmart.andreevmaster.com\/sv\/wp-json\/wp\/v2\/product_brand?post=15577"},{"taxonomy":"product_cat","embeddable":true,"href":"https:\/\/nordicmart.andreevmaster.com\/sv\/wp-json\/wp\/v2\/product_cat?post=15577"},{"taxonomy":"product_tag","embeddable":true,"href":"https:\/\/nordicmart.andreevmaster.com\/sv\/wp-json\/wp\/v2\/product_tag?post=15577"}],"curies":[{"name":"wp","href":"https:\/\/api.w.org\/{rel}","templated":true}]}}