{"id":15575,"date":"2026-02-27T00:26:52","date_gmt":"2026-02-27T00:26:52","guid":{"rendered":"https:\/\/nordicmart.andreevmaster.com\/product\/vasagle-bank-i-industriell-stil-med-forvaringsutrymme\/"},"modified":"2026-02-27T08:18:06","modified_gmt":"2026-02-27T08:18:06","slug":"vasagle-bank-i-industriell-stil-med-forvaringsutrymme","status":"publish","type":"product","link":"https:\/\/nordicmart.andreevmaster.com\/sv\/produkt\/vasagle-bank-i-industriell-stil-med-forvaringsutrymme\/","title":{"rendered":"VASAGLE b\u00e4nk i industriell stil med f\u00f6rvaringsutrymme"},"content":{"rendered":"<p>Elegant f\u00f6rvaringsb\u00e4nk i industriell design Du kan f\u00f6rv\u00e4nta dig f\u00f6ljande f\u00f6rdelar: &#8211; M\u00f6bel i trendig industriell design med Chesterfield-m\u00f6nster &#8211; L\u00e4ttsk\u00f6tt, slitstarkt PU-konstl\u00e4der &#8211; 40 mm tjock stoppning f\u00f6r h\u00f6g sittkomfort &#8211; Stabil st\u00e5lram; max. belastningskapacitet: 120 kg &#8211; Med extra f\u00f6rvaringsutrymme under sitsen och p\u00e5 gallerhyllan &#8211; Kan anv\u00e4ndas som s\u00e4ngkista, skohylla eller b\u00e4nk T\u00dcV-testad kvalitet B\u00e5de PU-\u00f6verdraget och skumplasten har genomg\u00e5tt en brandtestning av T\u00dcV Rheinland med olika brandk\u00e4llor. Detta resulterade varken i r\u00f6kutveckling, gl\u00f6dbr\u00e4nder eller br\u00e4nder. I en n\u00f6dsituation \u00e4r du allts\u00e5 p\u00e5 den s\u00e4kra sidan med denna m\u00f6bel. &#8211; PU-konstl\u00e4der: Testrapport nr 1160053083a 001; godk\u00e4nd enligt &#8221;Brittisk (brand-) (s\u00e4kerhets-)f\u00f6rordning f\u00f6r m\u00f6bler och andra inredningsf\u00f6rem\u00e5l fr\u00e5n 1988 (\u00e4ndrad 1989, 1993, 2010), bilaga 4 del I: Cigarettprovet\u201d samt \u201dBrittisk (brand-) (s\u00e4kerhets-)f\u00f6rordning f\u00f6r m\u00f6bler och andra inredningsf\u00f6rem\u00e5l fr\u00e5n 1988 (\u00e4ndrad 1989, 1993, 2010), bilaga 5 del I: T\u00e4ndsticksprovet&#8221; \u2013 Skumplast: Testrapport nr 0180100351a 001; godk\u00e4nd enligt &#8221;Brittisk (brand-) (s\u00e4kerhets-)f\u00f6rordning f\u00f6r m\u00f6bler och andra inredningsf\u00f6rem\u00e5l fr\u00e5n 1988 (\u00e4ndrad 1989, 1993, 2010), bilaga 1 del I: Brandbarhetstest f\u00f6r polyuretanskum i form av plattor eller kuddar\u201d Produktdetaljer: &#8211; F\u00e4rg: Vintagebrun-svart (\u00f6verdrag l\u00e4tt glansigt, st\u00e5l matt svart) &#8211; Material: Skum, PU-konstl\u00e4der, sp\u00e5nskiva, st\u00e5lstativ &#8211; Storlek: 100 x 47 x 40 cm (B x H x D) &#8211; Vikt: 20 kg &#8211; Max. belastningsf\u00f6rm\u00e5ga: 120 kg Leveransomfattning: &#8211; 1 x b\u00e4nk &#8211; 1 x tillbeh\u00f6rsp\u00e5se &#8211; 1 x bruksanvisning (DE, EN, FR, ES, IT)<\/p>\n","protected":false},"excerpt":{"rendered":"<p>VASAGLE Skob\u00e4nk, b\u00e4nk med vadderad sits och skohylla, s\u00e4ngkista med f\u00f6rvaringsutrymme, multifunktionell kista, hall, sovrum, konstl\u00e4der, industriell design, vintagebrun-svart LSB47BX<\/p>\n","protected":false},"featured_media":43373,"comment_status":"open","ping_status":"closed","template":"","meta":[],"product_brand":[],"product_cat":[33],"product_tag":[],"class_list":{"0":"post-15575","1":"product","2":"type-product","3":"status-publish","4":"has-post-thumbnail","6":"product_cat-okategoriserad","8":"first","9":"instock","10":"shipping-taxable","11":"purchasable","12":"product-type-simple"},"_links":{"self":[{"href":"https:\/\/nordicmart.andreevmaster.com\/sv\/wp-json\/wp\/v2\/product\/15575","targetHints":{"allow":["GET"]}}],"collection":[{"href":"https:\/\/nordicmart.andreevmaster.com\/sv\/wp-json\/wp\/v2\/product"}],"about":[{"href":"https:\/\/nordicmart.andreevmaster.com\/sv\/wp-json\/wp\/v2\/types\/product"}],"replies":[{"embeddable":true,"href":"https:\/\/nordicmart.andreevmaster.com\/sv\/wp-json\/wp\/v2\/comments?post=15575"}],"wp:featuredmedia":[{"embeddable":true,"href":"https:\/\/nordicmart.andreevmaster.com\/sv\/wp-json\/wp\/v2\/media\/43373"}],"wp:attachment":[{"href":"https:\/\/nordicmart.andreevmaster.com\/sv\/wp-json\/wp\/v2\/media?parent=15575"}],"wp:term":[{"taxonomy":"product_brand","embeddable":true,"href":"https:\/\/nordicmart.andreevmaster.com\/sv\/wp-json\/wp\/v2\/product_brand?post=15575"},{"taxonomy":"product_cat","embeddable":true,"href":"https:\/\/nordicmart.andreevmaster.com\/sv\/wp-json\/wp\/v2\/product_cat?post=15575"},{"taxonomy":"product_tag","embeddable":true,"href":"https:\/\/nordicmart.andreevmaster.com\/sv\/wp-json\/wp\/v2\/product_tag?post=15575"}],"curies":[{"name":"wp","href":"https:\/\/api.w.org\/{rel}","templated":true}]}}