{"id":15574,"date":"2026-02-27T00:26:52","date_gmt":"2026-02-27T00:26:52","guid":{"rendered":"https:\/\/nordicmart.andreevmaster.com\/product\/vasagle-vadderad-bank-med-forvaringsutrymme\/"},"modified":"2026-02-27T08:18:05","modified_gmt":"2026-02-27T08:18:05","slug":"vasagle-vadderad-bank-med-forvaringsutrymme","status":"publish","type":"product","link":"https:\/\/nordicmart.andreevmaster.com\/sv\/produkt\/vasagle-vadderad-bank-med-forvaringsutrymme\/","title":{"rendered":"VASAGLE Vadderad b\u00e4nk med f\u00f6rvaringsutrymme"},"content":{"rendered":"<p>Produktdetaljer:<br \/>\n&#8211; F\u00e4rg: Vintagebrun-svart<br \/>\n&#8211; Material: sp\u00e5nskiva, st\u00e5l, PU-konstl\u00e4der, skumplast<br \/>\n&#8211; Storlek: 70 x 30 x 45 cm (L x B x H)<br \/>\n&#8211; Vikt: 8,8 kg<br \/>\n&#8211; Max. statisk belastningskapacitet f\u00f6r sittytan: 130 kg<br \/>\n&#8211; Max. statisk belastningskapacitet f\u00f6r kistan: 20 kg<br \/>\n&#8211; Max. statisk belastningskapacitet f\u00f6r gallerhyllan: 5 kg<\/p>\n<p>Leveransomfattning:<br \/>\n&#8211; 1 x sittkista med f\u00f6rvaringsutrymme<br \/>\n&#8211; 1 x tillbeh\u00f6r<br \/>\n&#8211; 1 x bruksanvisning (DE, EN, ES, FR, IT)<\/p>\n<p>VASAGLE Anm\u00e4rkningar:<br \/>\n&#8211; Av s\u00e4kerhetssk\u00e4l \u00e4r det f\u00f6rbjudet f\u00f6r barn att kl\u00e4ttra p\u00e5 eller leka med produkten.<br \/>\n&#8211; Den maximala statiska belastningen p\u00e5 sitsen \u00e4r 130 kg. \u00d6verskrid inte denna maximala vikt.<\/p>\n","protected":false},"excerpt":{"rendered":"<p>VASAGLE b\u00e4nk, skob\u00e4nk, skosk\u00e5p, s\u00e4ngkista med f\u00f6rvaringsutrymme, stoppad kista, hall, sovrum, vardagsrum, metall, enkel montering, konstl\u00e4der, industriell stil, vintagebrun-svart LSB46BX<\/p>\n","protected":false},"featured_media":43372,"comment_status":"open","ping_status":"closed","template":"","meta":[],"product_brand":[],"product_cat":[33],"product_tag":[],"class_list":{"0":"post-15574","1":"product","2":"type-product","3":"status-publish","4":"has-post-thumbnail","6":"product_cat-okategoriserad","8":"first","9":"instock","10":"shipping-taxable","11":"purchasable","12":"product-type-simple"},"_links":{"self":[{"href":"https:\/\/nordicmart.andreevmaster.com\/sv\/wp-json\/wp\/v2\/product\/15574","targetHints":{"allow":["GET"]}}],"collection":[{"href":"https:\/\/nordicmart.andreevmaster.com\/sv\/wp-json\/wp\/v2\/product"}],"about":[{"href":"https:\/\/nordicmart.andreevmaster.com\/sv\/wp-json\/wp\/v2\/types\/product"}],"replies":[{"embeddable":true,"href":"https:\/\/nordicmart.andreevmaster.com\/sv\/wp-json\/wp\/v2\/comments?post=15574"}],"wp:featuredmedia":[{"embeddable":true,"href":"https:\/\/nordicmart.andreevmaster.com\/sv\/wp-json\/wp\/v2\/media\/43372"}],"wp:attachment":[{"href":"https:\/\/nordicmart.andreevmaster.com\/sv\/wp-json\/wp\/v2\/media?parent=15574"}],"wp:term":[{"taxonomy":"product_brand","embeddable":true,"href":"https:\/\/nordicmart.andreevmaster.com\/sv\/wp-json\/wp\/v2\/product_brand?post=15574"},{"taxonomy":"product_cat","embeddable":true,"href":"https:\/\/nordicmart.andreevmaster.com\/sv\/wp-json\/wp\/v2\/product_cat?post=15574"},{"taxonomy":"product_tag","embeddable":true,"href":"https:\/\/nordicmart.andreevmaster.com\/sv\/wp-json\/wp\/v2\/product_tag?post=15574"}],"curies":[{"name":"wp","href":"https:\/\/api.w.org\/{rel}","templated":true}]}}