{"id":15571,"date":"2026-02-27T00:26:51","date_gmt":"2026-02-27T00:26:51","guid":{"rendered":"https:\/\/nordicmart.andreevmaster.com\/product\/vasagle-ekho-kollektion-skobank-med-sommar-30-x-100-x-50-cm-black-svart\/"},"modified":"2026-02-27T08:18:05","modified_gmt":"2026-02-27T08:18:05","slug":"vasagle-ekho-kollektion-skobank-med-sommar-30-x-100-x-50-cm-black-svart","status":"publish","type":"product","link":"https:\/\/nordicmart.andreevmaster.com\/sv\/produkt\/vasagle-ekho-kollektion-skobank-med-sommar-30-x-100-x-50-cm-black-svart\/","title":{"rendered":"VASAGLE EKHO-kollektion Skob\u00e4nk med s\u00f6mmar 30 x 100 x 50 cm bl\u00e4ck svart"},"content":{"rendered":"<p>VASAGLE EKHO-kollektion \u2013 skob\u00e4nk, sittb\u00e4nk, f\u00f6rvaringsb\u00e4nk, hallm\u00f6bel, konstl\u00e4der, s\u00f6mmar, mid-century modern stil, modern, belastningskapacitet upp till 135 kg, 30 x 100 x 50 cm, bl\u00e4ck svart LSB113B01<br \/>\nF\u00e4rg: bl\u00e4ck svart<br \/>\nMaterial: St\u00e5l, h\u00f6gelastiskt 25D-skum, PU-konstl\u00e4der (polyuretan)<br \/>\nStorlek: 30 x 100 x 50 cm (D x B x H\uff09<br \/>\nVikt: 8,9 kg<br \/>\nMax. total statisk belastningskapacitet: 135 kg<\/p>\n","protected":false},"excerpt":{"rendered":"<p>VASAGLE EKHO-kollektion \u2013 skob\u00e4nk, sittb\u00e4nk, f\u00f6rvaringsb\u00e4nk, hallm\u00f6bel, konstl\u00e4der, s\u00f6mmar, mid-century modern stil, modern, belastningskapacitet upp till 135 kg, 30 x 100 x 50 cm, bl\u00e4ck svart LSB113B01<\/p>\n","protected":false},"featured_media":0,"comment_status":"open","ping_status":"closed","template":"","meta":[],"product_brand":[],"product_cat":[33],"product_tag":[],"class_list":{"0":"post-15571","1":"product","2":"type-product","3":"status-publish","5":"product_cat-okategoriserad","7":"first","8":"instock","9":"shipping-taxable","10":"purchasable","11":"product-type-simple"},"_links":{"self":[{"href":"https:\/\/nordicmart.andreevmaster.com\/sv\/wp-json\/wp\/v2\/product\/15571","targetHints":{"allow":["GET"]}}],"collection":[{"href":"https:\/\/nordicmart.andreevmaster.com\/sv\/wp-json\/wp\/v2\/product"}],"about":[{"href":"https:\/\/nordicmart.andreevmaster.com\/sv\/wp-json\/wp\/v2\/types\/product"}],"replies":[{"embeddable":true,"href":"https:\/\/nordicmart.andreevmaster.com\/sv\/wp-json\/wp\/v2\/comments?post=15571"}],"wp:attachment":[{"href":"https:\/\/nordicmart.andreevmaster.com\/sv\/wp-json\/wp\/v2\/media?parent=15571"}],"wp:term":[{"taxonomy":"product_brand","embeddable":true,"href":"https:\/\/nordicmart.andreevmaster.com\/sv\/wp-json\/wp\/v2\/product_brand?post=15571"},{"taxonomy":"product_cat","embeddable":true,"href":"https:\/\/nordicmart.andreevmaster.com\/sv\/wp-json\/wp\/v2\/product_cat?post=15571"},{"taxonomy":"product_tag","embeddable":true,"href":"https:\/\/nordicmart.andreevmaster.com\/sv\/wp-json\/wp\/v2\/product_tag?post=15571"}],"curies":[{"name":"wp","href":"https:\/\/api.w.org\/{rel}","templated":true}]}}