{"id":15567,"date":"2026-02-27T00:26:50","date_gmt":"2026-02-27T00:26:50","guid":{"rendered":"https:\/\/nordicmart.andreevmaster.com\/product\/vasagle-bank-med-forvaringsutrymme-i-lantlig-stil-vit\/"},"modified":"2026-02-27T08:18:04","modified_gmt":"2026-02-27T08:18:04","slug":"vasagle-bank-med-forvaringsutrymme-i-lantlig-stil-vit","status":"publish","type":"product","link":"https:\/\/nordicmart.andreevmaster.com\/sv\/produkt\/vasagle-bank-med-forvaringsutrymme-i-lantlig-stil-vit\/","title":{"rendered":"VASAGLE b\u00e4nk med f\u00f6rvaringsutrymme i lantlig stil, vit"},"content":{"rendered":"<p>VASAGLE skob\u00e4nk, sittb\u00e4nk med f\u00f6rvaringsutrymme, sittkista, 2 s\u00e4kerhetsg\u00e5ngj\u00e4rn, f\u00f6rvaringssk\u00e5p, ladug\u00e5rdsstil, f\u00f6r hall, sovrum<br \/>\nF\u00e4rg: Vit<br \/>\nMaterial: Sp\u00e5nskiva<br \/>\nStorlek: 40 x 80 x 46 cm (D x B x H)<br \/>\nVikt: 13 kg<br \/>\nMax. statisk belastningskapacitet f\u00f6r b\u00e4nken: 136 kg<br \/>\nMax. statisk belastningskapacitet f\u00f6r innerfacket: 60 kg<\/p>\n","protected":false},"excerpt":{"rendered":"<p>VASAGLE skob\u00e4nk, sittb\u00e4nk med f\u00f6rvaringsutrymme, sittkista, 2 s\u00e4kerhetsg\u00e5ngj\u00e4rn, f\u00f6rvaringssk\u00e5p, ladug\u00e5rdsstil, f\u00f6r hall, sovrum<\/p>\n","protected":false},"featured_media":43367,"comment_status":"open","ping_status":"closed","template":"","meta":[],"product_brand":[],"product_cat":[33],"product_tag":[],"class_list":{"0":"post-15567","1":"product","2":"type-product","3":"status-publish","4":"has-post-thumbnail","6":"product_cat-okategoriserad","8":"first","9":"instock","10":"shipping-taxable","11":"purchasable","12":"product-type-simple"},"_links":{"self":[{"href":"https:\/\/nordicmart.andreevmaster.com\/sv\/wp-json\/wp\/v2\/product\/15567","targetHints":{"allow":["GET"]}}],"collection":[{"href":"https:\/\/nordicmart.andreevmaster.com\/sv\/wp-json\/wp\/v2\/product"}],"about":[{"href":"https:\/\/nordicmart.andreevmaster.com\/sv\/wp-json\/wp\/v2\/types\/product"}],"replies":[{"embeddable":true,"href":"https:\/\/nordicmart.andreevmaster.com\/sv\/wp-json\/wp\/v2\/comments?post=15567"}],"wp:featuredmedia":[{"embeddable":true,"href":"https:\/\/nordicmart.andreevmaster.com\/sv\/wp-json\/wp\/v2\/media\/43367"}],"wp:attachment":[{"href":"https:\/\/nordicmart.andreevmaster.com\/sv\/wp-json\/wp\/v2\/media?parent=15567"}],"wp:term":[{"taxonomy":"product_brand","embeddable":true,"href":"https:\/\/nordicmart.andreevmaster.com\/sv\/wp-json\/wp\/v2\/product_brand?post=15567"},{"taxonomy":"product_cat","embeddable":true,"href":"https:\/\/nordicmart.andreevmaster.com\/sv\/wp-json\/wp\/v2\/product_cat?post=15567"},{"taxonomy":"product_tag","embeddable":true,"href":"https:\/\/nordicmart.andreevmaster.com\/sv\/wp-json\/wp\/v2\/product_tag?post=15567"}],"curies":[{"name":"wp","href":"https:\/\/api.w.org\/{rel}","templated":true}]}}