{"id":15565,"date":"2026-02-27T00:26:50","date_gmt":"2026-02-27T00:26:50","guid":{"rendered":"https:\/\/nordicmart.andreevmaster.com\/product\/vasagle-forvaringsbox-med-lock\/"},"modified":"2026-02-27T08:18:04","modified_gmt":"2026-02-27T08:18:04","slug":"vasagle-forvaringsbox-med-lock","status":"publish","type":"product","link":"https:\/\/nordicmart.andreevmaster.com\/sv\/produkt\/vasagle-forvaringsbox-med-lock\/","title":{"rendered":"VASAGLE f\u00f6rvaringsbox med lock"},"content":{"rendered":"<p>Produktdetaljer: &#8211; F\u00e4rg: Mattvit &#8211; Material: Sp\u00e5nskiva &#8211; Storlek: 100 x 40 x 46 cm (L x B x H) &#8211; Vikt: 19,5 kg &#8211; Max. statisk belastningsf\u00f6rm\u00e5ga: 100 kg  Leveransomfattning: &#8211; 1 x skob\u00e4nk &#8211; 1 x tillbeh\u00f6rspaket &#8211; 1 x bruksanvisning VASAGLE Anm\u00e4rkningar: &#8211; Av s\u00e4kerhetssk\u00e4l \u00e4r det f\u00f6rbjudet f\u00f6r barn att kl\u00e4ttra p\u00e5 eller leka med produkten. &#8211; Skob\u00e4nkens maximala statiska belastningskapacitet \u00e4r 100 kg. \u00d6verskrid inte denna maximala vikt.<\/p>\n","protected":false},"excerpt":{"rendered":"<p>VASAGLE f\u00f6rvaringssk\u00e5p, leksakskista, skob\u00e4nk, sittkista, f\u00f6rvaringsl\u00e5da med lock, f\u00f6rvaringsl\u00e5da, b\u00e4nk med f\u00f6rvaringsutrymme, s\u00e4kerhetsg\u00e5ngj\u00e4rn, 100 x 40 x 46 cm, mattvit LSB061T10<\/p>\n","protected":false},"featured_media":43365,"comment_status":"open","ping_status":"closed","template":"","meta":[],"product_brand":[],"product_cat":[33],"product_tag":[],"class_list":{"0":"post-15565","1":"product","2":"type-product","3":"status-publish","4":"has-post-thumbnail","6":"product_cat-okategoriserad","8":"first","9":"instock","10":"shipping-taxable","11":"purchasable","12":"product-type-simple"},"_links":{"self":[{"href":"https:\/\/nordicmart.andreevmaster.com\/sv\/wp-json\/wp\/v2\/product\/15565","targetHints":{"allow":["GET"]}}],"collection":[{"href":"https:\/\/nordicmart.andreevmaster.com\/sv\/wp-json\/wp\/v2\/product"}],"about":[{"href":"https:\/\/nordicmart.andreevmaster.com\/sv\/wp-json\/wp\/v2\/types\/product"}],"replies":[{"embeddable":true,"href":"https:\/\/nordicmart.andreevmaster.com\/sv\/wp-json\/wp\/v2\/comments?post=15565"}],"wp:featuredmedia":[{"embeddable":true,"href":"https:\/\/nordicmart.andreevmaster.com\/sv\/wp-json\/wp\/v2\/media\/43365"}],"wp:attachment":[{"href":"https:\/\/nordicmart.andreevmaster.com\/sv\/wp-json\/wp\/v2\/media?parent=15565"}],"wp:term":[{"taxonomy":"product_brand","embeddable":true,"href":"https:\/\/nordicmart.andreevmaster.com\/sv\/wp-json\/wp\/v2\/product_brand?post=15565"},{"taxonomy":"product_cat","embeddable":true,"href":"https:\/\/nordicmart.andreevmaster.com\/sv\/wp-json\/wp\/v2\/product_cat?post=15565"},{"taxonomy":"product_tag","embeddable":true,"href":"https:\/\/nordicmart.andreevmaster.com\/sv\/wp-json\/wp\/v2\/product_tag?post=15565"}],"curies":[{"name":"wp","href":"https:\/\/api.w.org\/{rel}","templated":true}]}}