{"id":15558,"date":"2026-02-27T00:26:48","date_gmt":"2026-02-27T00:26:48","guid":{"rendered":"https:\/\/nordicmart.andreevmaster.com\/product\/vasagle-skobank-med-forvaringsutrymme-40-x-100-x-46-cm-lantlig-stil\/"},"modified":"2026-02-27T08:18:03","modified_gmt":"2026-02-27T08:18:03","slug":"vasagle-skobank-med-forvaringsutrymme-40-x-100-x-46-cm-lantlig-stil","status":"publish","type":"product","link":"https:\/\/nordicmart.andreevmaster.com\/sv\/produkt\/vasagle-skobank-med-forvaringsutrymme-40-x-100-x-46-cm-lantlig-stil\/","title":{"rendered":"VASAGLE skob\u00e4nk med f\u00f6rvaringsutrymme 40 x 100 x 46 cm lantlig stil"},"content":{"rendered":"<p>VASAGLE f\u00f6rvaringssk\u00e5p, leksakskista, skob\u00e4nk, sittkista, f\u00f6rvaringsbox, b\u00e4nk med f\u00f6rvaringsutrymme, lantlig stil, s\u00e4kerhetsg\u00e5ngj\u00e4rn, 100 x 40 x 46 cm, vintagebrun LSB060T01<br \/>\nF\u00e4rg: Greige melerad<br \/>\nMaterial: Sp\u00e5nskiva<br \/>\nStorlek: 40 x 100 x 46 cm (D x B x H)<br \/>\nVikt: 19,5 kg<br \/>\nMax. statisk belastningskapacitet f\u00f6r b\u00e4nken: 136 kg<br \/>\nMax. statisk belastningskapacitet f\u00f6r innerfacket: 60 kg<\/p>\n","protected":false},"excerpt":{"rendered":"<p>VASAGLE f\u00f6rvaringssk\u00e5p, leksakskista, skob\u00e4nk, sittkista, f\u00f6rvaringsbox, b\u00e4nk med f\u00f6rvaringsutrymme, lantlig stil, s\u00e4kerhetsg\u00e5ngj\u00e4rn, 100 x 40 x 46 cm, vintagebrun LSB060T01<\/p>\n","protected":false},"featured_media":43359,"comment_status":"open","ping_status":"closed","template":"","meta":[],"product_brand":[],"product_cat":[33],"product_tag":[],"class_list":{"0":"post-15558","1":"product","2":"type-product","3":"status-publish","4":"has-post-thumbnail","6":"product_cat-okategoriserad","8":"first","9":"instock","10":"shipping-taxable","11":"purchasable","12":"product-type-simple"},"_links":{"self":[{"href":"https:\/\/nordicmart.andreevmaster.com\/sv\/wp-json\/wp\/v2\/product\/15558","targetHints":{"allow":["GET"]}}],"collection":[{"href":"https:\/\/nordicmart.andreevmaster.com\/sv\/wp-json\/wp\/v2\/product"}],"about":[{"href":"https:\/\/nordicmart.andreevmaster.com\/sv\/wp-json\/wp\/v2\/types\/product"}],"replies":[{"embeddable":true,"href":"https:\/\/nordicmart.andreevmaster.com\/sv\/wp-json\/wp\/v2\/comments?post=15558"}],"wp:featuredmedia":[{"embeddable":true,"href":"https:\/\/nordicmart.andreevmaster.com\/sv\/wp-json\/wp\/v2\/media\/43359"}],"wp:attachment":[{"href":"https:\/\/nordicmart.andreevmaster.com\/sv\/wp-json\/wp\/v2\/media?parent=15558"}],"wp:term":[{"taxonomy":"product_brand","embeddable":true,"href":"https:\/\/nordicmart.andreevmaster.com\/sv\/wp-json\/wp\/v2\/product_brand?post=15558"},{"taxonomy":"product_cat","embeddable":true,"href":"https:\/\/nordicmart.andreevmaster.com\/sv\/wp-json\/wp\/v2\/product_cat?post=15558"},{"taxonomy":"product_tag","embeddable":true,"href":"https:\/\/nordicmart.andreevmaster.com\/sv\/wp-json\/wp\/v2\/product_tag?post=15558"}],"curies":[{"name":"wp","href":"https:\/\/api.w.org\/{rel}","templated":true}]}}