{"id":15555,"date":"2026-02-27T00:26:47","date_gmt":"2026-02-27T00:26:47","guid":{"rendered":"https:\/\/nordicmart.andreevmaster.com\/product\/vasagle-ekho-kollektion-skobank\/"},"modified":"2026-02-27T08:18:02","modified_gmt":"2026-02-27T08:18:02","slug":"vasagle-ekho-kollektion-skobank","status":"publish","type":"product","link":"https:\/\/nordicmart.andreevmaster.com\/sv\/produkt\/vasagle-ekho-kollektion-skobank\/","title":{"rendered":"VASAGLE EKHO-kollektion \u2013 Skob\u00e4nk"},"content":{"rendered":"<p>VASAGLE EKHO-kollektion \u2013 skob\u00e4nk, b\u00e4nk, f\u00f6rvaringsb\u00e4nk, hallm\u00f6bel, konstl\u00e4der, s\u00f6mmar, 60-talsstil, modern, belastningskapacitet upp till 135 kg, 30 x 80 x 50 cm, skogsgr\u00f6n LSB054C01<br \/>\nProduktm\u00e5tt: 30T x 80B x 50H cm<br \/>\nF\u00e4rg: Bl\u00e4ksvart<br \/>\nProduktvikt: 6,3 kg<\/p>\n","protected":false},"excerpt":{"rendered":"<p>VASAGLE EKHO-kollektion \u2013 skob\u00e4nk, b\u00e4nk, f\u00f6rvaringsb\u00e4nk, hallm\u00f6bel, konstl\u00e4der, s\u00f6mmar, 60-talsstil, modern, belastningskapacitet upp till 135 kg, 30 x 80 x 50 cm, skogsgr\u00f6n LSB054C01<\/p>\n","protected":false},"featured_media":43358,"comment_status":"open","ping_status":"closed","template":"","meta":[],"product_brand":[],"product_cat":[33],"product_tag":[],"class_list":{"0":"post-15555","1":"product","2":"type-product","3":"status-publish","4":"has-post-thumbnail","6":"product_cat-okategoriserad","8":"first","9":"instock","10":"shipping-taxable","11":"purchasable","12":"product-type-simple"},"_links":{"self":[{"href":"https:\/\/nordicmart.andreevmaster.com\/sv\/wp-json\/wp\/v2\/product\/15555","targetHints":{"allow":["GET"]}}],"collection":[{"href":"https:\/\/nordicmart.andreevmaster.com\/sv\/wp-json\/wp\/v2\/product"}],"about":[{"href":"https:\/\/nordicmart.andreevmaster.com\/sv\/wp-json\/wp\/v2\/types\/product"}],"replies":[{"embeddable":true,"href":"https:\/\/nordicmart.andreevmaster.com\/sv\/wp-json\/wp\/v2\/comments?post=15555"}],"wp:featuredmedia":[{"embeddable":true,"href":"https:\/\/nordicmart.andreevmaster.com\/sv\/wp-json\/wp\/v2\/media\/43358"}],"wp:attachment":[{"href":"https:\/\/nordicmart.andreevmaster.com\/sv\/wp-json\/wp\/v2\/media?parent=15555"}],"wp:term":[{"taxonomy":"product_brand","embeddable":true,"href":"https:\/\/nordicmart.andreevmaster.com\/sv\/wp-json\/wp\/v2\/product_brand?post=15555"},{"taxonomy":"product_cat","embeddable":true,"href":"https:\/\/nordicmart.andreevmaster.com\/sv\/wp-json\/wp\/v2\/product_cat?post=15555"},{"taxonomy":"product_tag","embeddable":true,"href":"https:\/\/nordicmart.andreevmaster.com\/sv\/wp-json\/wp\/v2\/product_tag?post=15555"}],"curies":[{"name":"wp","href":"https:\/\/api.w.org\/{rel}","templated":true}]}}