{"id":15552,"date":"2026-02-27T00:26:46","date_gmt":"2026-02-27T00:26:46","guid":{"rendered":"https:\/\/nordicmart.andreevmaster.com\/product\/skoforvaringsbank-skostall-med-forvaringslada-hallmobler-industriell-stil-stalram-vardagsrum-sovrum-hall-lantlig-brun-och-svart\/"},"modified":"2026-02-27T08:18:01","modified_gmt":"2026-02-27T08:18:01","slug":"skoforvaringsbank-skostall-med-forvaringslada-hallmobler-industriell-stil-stalram-vardagsrum-sovrum-hall-lantlig-brun-och-svart","status":"publish","type":"product","link":"https:\/\/nordicmart.andreevmaster.com\/sv\/produkt\/skoforvaringsbank-skostall-med-forvaringslada-hallmobler-industriell-stil-stalram-vardagsrum-sovrum-hall-lantlig-brun-och-svart\/","title":{"rendered":"Skof\u00f6rvaringsb\u00e4nk, skost\u00e4ll med f\u00f6rvaringsl\u00e5da, hallm\u00f6bler, industriell stil, st\u00e5lram, vardagsrum, sovrum, hall, lantlig brun och svart"},"content":{"rendered":"","protected":false},"excerpt":{"rendered":"","protected":false},"featured_media":0,"comment_status":"open","ping_status":"closed","template":"","meta":[],"product_brand":[],"product_cat":[33],"product_tag":[],"class_list":{"0":"post-15552","1":"product","2":"type-product","3":"status-publish","5":"product_cat-okategoriserad","7":"first","8":"instock","9":"shipping-taxable","10":"product-type-simple"},"_links":{"self":[{"href":"https:\/\/nordicmart.andreevmaster.com\/sv\/wp-json\/wp\/v2\/product\/15552","targetHints":{"allow":["GET"]}}],"collection":[{"href":"https:\/\/nordicmart.andreevmaster.com\/sv\/wp-json\/wp\/v2\/product"}],"about":[{"href":"https:\/\/nordicmart.andreevmaster.com\/sv\/wp-json\/wp\/v2\/types\/product"}],"replies":[{"embeddable":true,"href":"https:\/\/nordicmart.andreevmaster.com\/sv\/wp-json\/wp\/v2\/comments?post=15552"}],"wp:attachment":[{"href":"https:\/\/nordicmart.andreevmaster.com\/sv\/wp-json\/wp\/v2\/media?parent=15552"}],"wp:term":[{"taxonomy":"product_brand","embeddable":true,"href":"https:\/\/nordicmart.andreevmaster.com\/sv\/wp-json\/wp\/v2\/product_brand?post=15552"},{"taxonomy":"product_cat","embeddable":true,"href":"https:\/\/nordicmart.andreevmaster.com\/sv\/wp-json\/wp\/v2\/product_cat?post=15552"},{"taxonomy":"product_tag","embeddable":true,"href":"https:\/\/nordicmart.andreevmaster.com\/sv\/wp-json\/wp\/v2\/product_tag?post=15552"}],"curies":[{"name":"wp","href":"https:\/\/api.w.org\/{rel}","templated":true}]}}