{"id":15550,"date":"2026-02-27T00:26:46","date_gmt":"2026-02-27T00:26:46","guid":{"rendered":"https:\/\/nordicmart.andreevmaster.com\/product\/vasagle-bank-med-vadderad-sits\/"},"modified":"2026-02-27T08:18:01","modified_gmt":"2026-02-27T08:18:01","slug":"vasagle-bank-med-vadderad-sits","status":"publish","type":"product","link":"https:\/\/nordicmart.andreevmaster.com\/sv\/produkt\/vasagle-bank-med-vadderad-sits\/","title":{"rendered":"VASAGLE b\u00e4nk med vadderad sits"},"content":{"rendered":"<p>Produktdetaljer: &#8211; F\u00e4rg: Hasseln\u00f6tsbrun-svart &#8211; Material: skum, PU-konstl\u00e4der, sp\u00e5nskiva, st\u00e5lram &#8211; M\u00e5tt: 100 x 40 x 47 cm (L x B x H) &#8211; Vikt: 20 kg &#8211; Max. statisk b\u00e4rf\u00f6rm\u00e5ga: 120 kg Leveransomfattning:- 1 x b\u00e4nk &#8211; 1 x tillbeh\u00f6rspaket &#8211; 1 x instruktioner (DE, EN, FR, ES, IT) VASAGLE-anm\u00e4rkningar: &#8211; Av s\u00e4kerhetssk\u00e4l f\u00e5r barn inte kl\u00e4ttra p\u00e5 eller leka med produkten. &#8211; Produktens maximala statiska belastning \u00e4r 100 kg. \u00d6verskrid inte denna maximala vikt.<\/p>\n","protected":false},"excerpt":{"rendered":"<p>VASAGLE Skob\u00e4nk med stoppad sits och skohylla, s\u00e4ngkista med f\u00f6rvaringsutrymme, 100 x 40 x 47 cm\uff0c multifunktionell kista, hall, sovrum, st\u00e5l, hasseln\u00f6tsbrun-svart LSB047B03<\/p>\n","protected":false},"featured_media":43354,"comment_status":"open","ping_status":"closed","template":"","meta":[],"product_brand":[],"product_cat":[33],"product_tag":[],"class_list":{"0":"post-15550","1":"product","2":"type-product","3":"status-publish","4":"has-post-thumbnail","6":"product_cat-okategoriserad","8":"first","9":"instock","10":"shipping-taxable","11":"purchasable","12":"product-type-simple"},"_links":{"self":[{"href":"https:\/\/nordicmart.andreevmaster.com\/sv\/wp-json\/wp\/v2\/product\/15550","targetHints":{"allow":["GET"]}}],"collection":[{"href":"https:\/\/nordicmart.andreevmaster.com\/sv\/wp-json\/wp\/v2\/product"}],"about":[{"href":"https:\/\/nordicmart.andreevmaster.com\/sv\/wp-json\/wp\/v2\/types\/product"}],"replies":[{"embeddable":true,"href":"https:\/\/nordicmart.andreevmaster.com\/sv\/wp-json\/wp\/v2\/comments?post=15550"}],"wp:featuredmedia":[{"embeddable":true,"href":"https:\/\/nordicmart.andreevmaster.com\/sv\/wp-json\/wp\/v2\/media\/43354"}],"wp:attachment":[{"href":"https:\/\/nordicmart.andreevmaster.com\/sv\/wp-json\/wp\/v2\/media?parent=15550"}],"wp:term":[{"taxonomy":"product_brand","embeddable":true,"href":"https:\/\/nordicmart.andreevmaster.com\/sv\/wp-json\/wp\/v2\/product_brand?post=15550"},{"taxonomy":"product_cat","embeddable":true,"href":"https:\/\/nordicmart.andreevmaster.com\/sv\/wp-json\/wp\/v2\/product_cat?post=15550"},{"taxonomy":"product_tag","embeddable":true,"href":"https:\/\/nordicmart.andreevmaster.com\/sv\/wp-json\/wp\/v2\/product_tag?post=15550"}],"curies":[{"name":"wp","href":"https:\/\/api.w.org\/{rel}","templated":true}]}}