{"id":15546,"date":"2026-02-27T00:26:45","date_gmt":"2026-02-27T00:26:45","guid":{"rendered":"https:\/\/nordicmart.andreevmaster.com\/product\/songmics-skohylla-med-8-hyllplan-forvaringshylla\/"},"modified":"2026-02-27T08:18:00","modified_gmt":"2026-02-27T08:18:00","slug":"songmics-skohylla-med-8-hyllplan-forvaringshylla","status":"publish","type":"product","link":"https:\/\/nordicmart.andreevmaster.com\/sv\/produkt\/songmics-skohylla-med-8-hyllplan-forvaringshylla\/","title":{"rendered":"SONGMICS skohylla med 8 hyllplan, f\u00f6rvaringshylla,"},"content":{"rendered":"<p>SONGMICS justerbar skohylla, skost\u00e4ll med hyllplan, f\u00f6rvaringshylla, st\u00e5lr\u00f6r, non-woven tyg, f\u00f6r upp till par skor, platsbesparande, f\u00f6r hall, garderob, garage<\/p>\n<p>Specifikationer:<\/p>\n<p>&#8211; M\u00e5tt: 29,5 x 171,1 x 157,6 cm (D x B x H)<br \/>\n&#8211; Vikt: 5,5 kg<br \/>\n&#8211; Max. statisk b\u00e4rf\u00f6rm\u00e5ga per fack: 5 kg<br \/>\n&#8211; Max. total b\u00e4rf\u00f6rm\u00e5ga vid j\u00e4mn viktf\u00f6rdelning: 160 kg<br \/>\n&#8211; Material: st\u00e5l, non-woven-tyg, PP-plast<br \/>\n&#8211; F\u00e4rg: svart<\/p>\n","protected":false},"excerpt":{"rendered":"<p>SONGMICS justerbar skohylla, skost\u00e4ll med hyllplan, f\u00f6rvaringshylla, st\u00e5lr\u00f6r, non-woven tyg, f\u00f6r upp till par skor, platsbesparande, f\u00f6r hall, garderob, garage<\/p>\n","protected":false},"featured_media":43350,"comment_status":"open","ping_status":"closed","template":"","meta":[],"product_brand":[],"product_cat":[33],"product_tag":[],"class_list":{"0":"post-15546","1":"product","2":"type-product","3":"status-publish","4":"has-post-thumbnail","6":"product_cat-okategoriserad","8":"first","9":"instock","10":"shipping-taxable","11":"purchasable","12":"product-type-simple"},"_links":{"self":[{"href":"https:\/\/nordicmart.andreevmaster.com\/sv\/wp-json\/wp\/v2\/product\/15546","targetHints":{"allow":["GET"]}}],"collection":[{"href":"https:\/\/nordicmart.andreevmaster.com\/sv\/wp-json\/wp\/v2\/product"}],"about":[{"href":"https:\/\/nordicmart.andreevmaster.com\/sv\/wp-json\/wp\/v2\/types\/product"}],"replies":[{"embeddable":true,"href":"https:\/\/nordicmart.andreevmaster.com\/sv\/wp-json\/wp\/v2\/comments?post=15546"}],"wp:featuredmedia":[{"embeddable":true,"href":"https:\/\/nordicmart.andreevmaster.com\/sv\/wp-json\/wp\/v2\/media\/43350"}],"wp:attachment":[{"href":"https:\/\/nordicmart.andreevmaster.com\/sv\/wp-json\/wp\/v2\/media?parent=15546"}],"wp:term":[{"taxonomy":"product_brand","embeddable":true,"href":"https:\/\/nordicmart.andreevmaster.com\/sv\/wp-json\/wp\/v2\/product_brand?post=15546"},{"taxonomy":"product_cat","embeddable":true,"href":"https:\/\/nordicmart.andreevmaster.com\/sv\/wp-json\/wp\/v2\/product_cat?post=15546"},{"taxonomy":"product_tag","embeddable":true,"href":"https:\/\/nordicmart.andreevmaster.com\/sv\/wp-json\/wp\/v2\/product_tag?post=15546"}],"curies":[{"name":"wp","href":"https:\/\/api.w.org\/{rel}","templated":true}]}}