{"id":15543,"date":"2026-02-27T00:26:44","date_gmt":"2026-02-27T00:26:44","guid":{"rendered":"https:\/\/nordicmart.andreevmaster.com\/product\/songmics-skohylla-med-3-nivaer-skostall-i-metall-skoforvaring\/"},"modified":"2026-02-27T08:18:00","modified_gmt":"2026-02-27T08:18:00","slug":"songmics-skohylla-med-3-nivaer-skostall-i-metall-skoforvaring","status":"publish","type":"product","link":"https:\/\/nordicmart.andreevmaster.com\/sv\/produkt\/songmics-skohylla-med-3-nivaer-skostall-i-metall-skoforvaring\/","title":{"rendered":"SONGMICS skohylla med 3 niv\u00e5er, skost\u00e4ll i metall, skof\u00f6rvaring"},"content":{"rendered":"<p>Sl\u00f6sar du tid p\u00e5 att leta efter r\u00e4tt skor i en stor, r\u00f6rig skoh\u00f6g? Hoppar du p\u00e5 ett ben f\u00f6r att leta efter din andra sko innan du l\u00e4mnar huset? Denna 3-v\u00e5ningars skohylla \u00e4r den hj\u00e4lp du letar efter! R\u00e4dda dina skor fr\u00e5n r\u00f6ran och ge dem en praktisk f\u00f6rvaringsplats. H\u00e4r ser du f\u00f6rdelarna med detta skost\u00e4ll i metall: H\u00f6g kvalitet: Metallramen och de h\u00f6gkvalitativa plastkopplingarna ger denna skof\u00f6rvaring en robust, stabil struktur (varje hylla t\u00e5l upp till 5 kg). Stort f\u00f6rvaringsutrymme: Du kan maximera ditt utrymme genom att f\u00f6rvara dina sneakers och st\u00f6vlar p\u00e5 detta skost\u00e4ll. Det rymmer cirka 12\u201315 par skor och tar bara lite plats p\u00e5 golvet. Enkelhet: Med sin raka design passar detta skost\u00e4ll perfekt in i ditt rum. Dessutom sparar den stapelbara designen och den enkla monteringen tid och anstr\u00e4ngning. Produktdetaljer: &#8211; F\u00e4rg: Svart &#8211; Material: Metallr\u00f6r, plastkopplingar &#8211; Storlek: 92 x 30,5 x 55 cm (L x B x H) &#8211; Vikt: 1,6 kg &#8211; Max. statisk belastningskapacitet per niv\u00e5: 5 kg Leveransomfattning: &#8211; 1 x skost\u00e4ll &#8211; 1 x instruktioner SONGMICS Anm\u00e4rkningar: &#8211; Av s\u00e4kerhetssk\u00e4l \u00e4r det f\u00f6rbjudet f\u00f6r barn att kl\u00e4ttra p\u00e5 eller leka med produkten.- Justera inte hyllan n\u00e4r den \u00e4r fullastad. &#8211; Uts\u00e4tt inte produkten f\u00f6r direkt solljus under l\u00e4ngre tid. &#8211; Bl\u00f6tl\u00e4gg inte produkten f\u00f6r daglig reng\u00f6ring. Om det finns fl\u00e4ckar, torka av produkten med en fuktig trasa. &#8211; Se till att alla r\u00f6r \u00e4r helt insatta i plastkopplingarna efter montering och f\u00f6re anv\u00e4ndning.<\/p>\n","protected":false},"excerpt":{"rendered":"<p>SONGMICS skost\u00e4ll med 3 hyllor, skost\u00e4ll i metall, stativ, enkel montering, platsbesparande, f\u00f6r 12 till 15 par skor, stapelbart, f\u00f6r hall, vardagsrum, svart LSA303B02<\/p>\n","protected":false},"featured_media":43347,"comment_status":"open","ping_status":"closed","template":"","meta":[],"product_brand":[],"product_cat":[33],"product_tag":[],"class_list":{"0":"post-15543","1":"product","2":"type-product","3":"status-publish","4":"has-post-thumbnail","6":"product_cat-okategoriserad","8":"first","9":"instock","10":"shipping-taxable","11":"purchasable","12":"product-type-simple"},"_links":{"self":[{"href":"https:\/\/nordicmart.andreevmaster.com\/sv\/wp-json\/wp\/v2\/product\/15543","targetHints":{"allow":["GET"]}}],"collection":[{"href":"https:\/\/nordicmart.andreevmaster.com\/sv\/wp-json\/wp\/v2\/product"}],"about":[{"href":"https:\/\/nordicmart.andreevmaster.com\/sv\/wp-json\/wp\/v2\/types\/product"}],"replies":[{"embeddable":true,"href":"https:\/\/nordicmart.andreevmaster.com\/sv\/wp-json\/wp\/v2\/comments?post=15543"}],"wp:featuredmedia":[{"embeddable":true,"href":"https:\/\/nordicmart.andreevmaster.com\/sv\/wp-json\/wp\/v2\/media\/43347"}],"wp:attachment":[{"href":"https:\/\/nordicmart.andreevmaster.com\/sv\/wp-json\/wp\/v2\/media?parent=15543"}],"wp:term":[{"taxonomy":"product_brand","embeddable":true,"href":"https:\/\/nordicmart.andreevmaster.com\/sv\/wp-json\/wp\/v2\/product_brand?post=15543"},{"taxonomy":"product_cat","embeddable":true,"href":"https:\/\/nordicmart.andreevmaster.com\/sv\/wp-json\/wp\/v2\/product_cat?post=15543"},{"taxonomy":"product_tag","embeddable":true,"href":"https:\/\/nordicmart.andreevmaster.com\/sv\/wp-json\/wp\/v2\/product_tag?post=15543"}],"curies":[{"name":"wp","href":"https:\/\/api.w.org\/{rel}","templated":true}]}}