{"id":15541,"date":"2026-02-27T00:26:44","date_gmt":"2026-02-27T00:26:44","guid":{"rendered":"https:\/\/nordicmart.andreevmaster.com\/product\/songmics-skostall-med-8-hyllplan-forvaringshylla-justerbar-av-non-woven-material\/"},"modified":"2026-02-27T08:17:59","modified_gmt":"2026-02-27T08:17:59","slug":"songmics-skostall-med-8-hyllplan-forvaringshylla-justerbar-av-non-woven-material","status":"publish","type":"product","link":"https:\/\/nordicmart.andreevmaster.com\/sv\/produkt\/songmics-skostall-med-8-hyllplan-forvaringshylla-justerbar-av-non-woven-material\/","title":{"rendered":"SONGMICS skost\u00e4ll med 8 hyllplan, f\u00f6rvaringshylla justerbar, av non-woven-material"},"content":{"rendered":"<p>SONGMICS justerbar skohylla, skost\u00e4ll med hyllplan, f\u00f6rvaringshylla, st\u00e5lr\u00f6r, non-woven tyg, f\u00f6r upp till par skor, platsbesparande, f\u00f6r hall, garderob, garage<br \/>\nSpecifikationer:<\/p>\n<p>&#8211; M\u00e5tt: 29,5 x 86,9 x 157,6 cm (D x B x H)<br \/>\n&#8211; Vikt: 3 kg<br \/>\n&#8211; Max. statisk b\u00e4rf\u00f6rm\u00e5ga per fack: 5 kg<br \/>\n&#8211; Max. total b\u00e4rf\u00f6rm\u00e5ga vid j\u00e4mn viktf\u00f6rdelning: 80 kg<br \/>\n&#8211; Material: st\u00e5l, nonwoven-tyg, PP-plast<br \/>\n&#8211; F\u00e4rg: svart<\/p>\n","protected":false},"excerpt":{"rendered":"<p>SONGMICS justerbar skohylla, skost\u00e4ll med hyllplan, f\u00f6rvaringshylla, st\u00e5lr\u00f6r, non-woven tyg, f\u00f6r upp till par skor, platsbesparande, f\u00f6r hall, garderob, garage<\/p>\n","protected":false},"featured_media":43345,"comment_status":"open","ping_status":"closed","template":"","meta":[],"product_brand":[],"product_cat":[33],"product_tag":[],"class_list":{"0":"post-15541","1":"product","2":"type-product","3":"status-publish","4":"has-post-thumbnail","6":"product_cat-okategoriserad","8":"first","9":"instock","10":"shipping-taxable","11":"purchasable","12":"product-type-simple"},"_links":{"self":[{"href":"https:\/\/nordicmart.andreevmaster.com\/sv\/wp-json\/wp\/v2\/product\/15541","targetHints":{"allow":["GET"]}}],"collection":[{"href":"https:\/\/nordicmart.andreevmaster.com\/sv\/wp-json\/wp\/v2\/product"}],"about":[{"href":"https:\/\/nordicmart.andreevmaster.com\/sv\/wp-json\/wp\/v2\/types\/product"}],"replies":[{"embeddable":true,"href":"https:\/\/nordicmart.andreevmaster.com\/sv\/wp-json\/wp\/v2\/comments?post=15541"}],"wp:featuredmedia":[{"embeddable":true,"href":"https:\/\/nordicmart.andreevmaster.com\/sv\/wp-json\/wp\/v2\/media\/43345"}],"wp:attachment":[{"href":"https:\/\/nordicmart.andreevmaster.com\/sv\/wp-json\/wp\/v2\/media?parent=15541"}],"wp:term":[{"taxonomy":"product_brand","embeddable":true,"href":"https:\/\/nordicmart.andreevmaster.com\/sv\/wp-json\/wp\/v2\/product_brand?post=15541"},{"taxonomy":"product_cat","embeddable":true,"href":"https:\/\/nordicmart.andreevmaster.com\/sv\/wp-json\/wp\/v2\/product_cat?post=15541"},{"taxonomy":"product_tag","embeddable":true,"href":"https:\/\/nordicmart.andreevmaster.com\/sv\/wp-json\/wp\/v2\/product_tag?post=15541"}],"curies":[{"name":"wp","href":"https:\/\/api.w.org\/{rel}","templated":true}]}}