{"id":15540,"date":"2026-02-27T00:26:43","date_gmt":"2026-02-27T00:26:43","guid":{"rendered":"https:\/\/nordicmart.andreevmaster.com\/product\/songmics-skostall-med-2-nivaer-skostall-i-metall-skoforvaring\/"},"modified":"2026-02-27T08:17:59","modified_gmt":"2026-02-27T08:17:59","slug":"songmics-skostall-med-2-nivaer-skostall-i-metall-skoforvaring","status":"publish","type":"product","link":"https:\/\/nordicmart.andreevmaster.com\/sv\/produkt\/songmics-skostall-med-2-nivaer-skostall-i-metall-skoforvaring\/","title":{"rendered":"SONGMICS skost\u00e4ll med 2 niv\u00e5er, skost\u00e4ll i metall, skof\u00f6rvaring"},"content":{"rendered":"<p>H\u00f6gkvalitativa plastkopplingar. Varje hylla st\u00f6ds av 4 metallr\u00f6r, vilket ger god b\u00e4rkraft. Enkel montering, inga verktyg kr\u00e4vs. Produktdetaljer: F\u00e4rg: Svart Material: Metallr\u00f6r, plastkoppling M\u00e5tt: 92 x 30 x 33 cm (L x B x H) Avst\u00e5nd mellan hyllorna: 20 cm Vikt: 0,8 kg Max. belastningskapacitet per hylla: 4 kg Max. belastningskapacitet f\u00f6r hela hyllan: 8 kg Leveransomfattning: 1 x skohylla 1 x bruksanvisning (DE, EN, FR, ES, IT) SONGMICS Anm\u00e4rkningar:Anv\u00e4nd inte produkten utomhus. Den max. belastningskapacitet som anges i texten avser den statiska maxvikten.<\/p>\n","protected":false},"excerpt":{"rendered":"<p>Skorack med 2 niv\u00e5er, skost\u00e4ll i metall, skof\u00f6rvaring, skoorganiserare f\u00f6r 8\u201310 par skor, stapelbar, 30 x 92 x 34 cm, svart<\/p>\n","protected":false},"featured_media":43344,"comment_status":"open","ping_status":"closed","template":"","meta":[],"product_brand":[],"product_cat":[33],"product_tag":[],"class_list":{"0":"post-15540","1":"product","2":"type-product","3":"status-publish","4":"has-post-thumbnail","6":"product_cat-okategoriserad","8":"first","9":"instock","10":"shipping-taxable","11":"purchasable","12":"product-type-simple"},"_links":{"self":[{"href":"https:\/\/nordicmart.andreevmaster.com\/sv\/wp-json\/wp\/v2\/product\/15540","targetHints":{"allow":["GET"]}}],"collection":[{"href":"https:\/\/nordicmart.andreevmaster.com\/sv\/wp-json\/wp\/v2\/product"}],"about":[{"href":"https:\/\/nordicmart.andreevmaster.com\/sv\/wp-json\/wp\/v2\/types\/product"}],"replies":[{"embeddable":true,"href":"https:\/\/nordicmart.andreevmaster.com\/sv\/wp-json\/wp\/v2\/comments?post=15540"}],"wp:featuredmedia":[{"embeddable":true,"href":"https:\/\/nordicmart.andreevmaster.com\/sv\/wp-json\/wp\/v2\/media\/43344"}],"wp:attachment":[{"href":"https:\/\/nordicmart.andreevmaster.com\/sv\/wp-json\/wp\/v2\/media?parent=15540"}],"wp:term":[{"taxonomy":"product_brand","embeddable":true,"href":"https:\/\/nordicmart.andreevmaster.com\/sv\/wp-json\/wp\/v2\/product_brand?post=15540"},{"taxonomy":"product_cat","embeddable":true,"href":"https:\/\/nordicmart.andreevmaster.com\/sv\/wp-json\/wp\/v2\/product_cat?post=15540"},{"taxonomy":"product_tag","embeddable":true,"href":"https:\/\/nordicmart.andreevmaster.com\/sv\/wp-json\/wp\/v2\/product_tag?post=15540"}],"curies":[{"name":"wp","href":"https:\/\/api.w.org\/{rel}","templated":true}]}}