{"id":15538,"date":"2026-02-27T00:26:43","date_gmt":"2026-02-27T00:26:43","guid":{"rendered":"https:\/\/nordicmart.andreevmaster.com\/product\/songmics-skohylla-med-10-nivaer-oppen-skoskap-hog-skostall-smal\/"},"modified":"2026-02-27T08:17:59","modified_gmt":"2026-02-27T08:17:59","slug":"songmics-skohylla-med-10-nivaer-oppen-skoskap-hog-skostall-smal","status":"publish","type":"product","link":"https:\/\/nordicmart.andreevmaster.com\/sv\/produkt\/songmics-skohylla-med-10-nivaer-oppen-skoskap-hog-skostall-smal\/","title":{"rendered":"SONGMICS skohylla med 10 niv\u00e5er, \u00f6ppen skosk\u00e5p h\u00f6g, skost\u00e4ll smal"},"content":{"rendered":"<p>Ordning g\u00f6r lycklig! Blir du varje dag \u00f6verv\u00e4ldigad av skokoset i hallen n\u00e4r du kommer hem? Vem kan vara p\u00e5 gott hum\u00f6r d\u00e5? Detta skost\u00e4ll med 10 hyllplan fr\u00e5n SONGMICS hj\u00e4lper dig att f\u00e5 ordning p\u00e5 kaoset och hitta din inre ro. St\u00e4llet \u00e4r tillverkat av f\u00f6rst\u00e4rkta metallr\u00f6r och h\u00f6gkvalitativa plastkopplingar och ger dina skor ett stabilt st\u00f6d (varje hyllplan t\u00e5l upp till 5 kg). Dessutom imponerar det med sin smarta DIY-design och enkla montering. Den som f\u00e5r ordning p\u00e5 kaoset har kontroll \u00f6ver sitt liv! Unna dig detta platsbesparande stativ med 10 hyllplan och h\u00e5ll ordning p\u00e5 skokoset. Produktdetaljer: &#8211; F\u00e4rg: Gr\u00e5 &#8211; Material: Metallr\u00f6r, plastkopplingar &#8211; Storlek: 45 x 30 x 174 cm (L x B x H) &#8211; Vikt: 3,1 kg &#8211; Max. statisk belastningskapacitet per hylla: 5 kg &#8211; Max. statisk belastningskapacitet totalt: 50 kg Leveransomfattning:- 1 x skost\u00e4ll med 10 hyllplan &#8211; 1 x tippskydd &#8211; 1 x bruksanvisning (DE, EN, FR, ES, IT) SONGMICS Anm\u00e4rkningar: &#8211; Av s\u00e4kerhetssk\u00e4l \u00e4r det f\u00f6rbjudet f\u00f6r barn att kl\u00e4ttra p\u00e5 eller leka med produkten. &#8211; F\u00e4st denna produkt p\u00e5 v\u00e4ggen med det medf\u00f6ljande tippskyddet f\u00f6r att garantera s\u00e4ker anv\u00e4ndning.<\/p>\n","protected":false},"excerpt":{"rendered":"<p>SONGMICS skohylla, stor skost\u00e4llning i j\u00e4rn, st\u00e5ende hylla, platsbesparande, multifunktionell, vardagsrum, sovrum, k\u00f6k, gr\u00e5 LSA025G02<\/p>\n","protected":false},"featured_media":43343,"comment_status":"open","ping_status":"closed","template":"","meta":[],"product_brand":[],"product_cat":[33],"product_tag":[],"class_list":{"0":"post-15538","1":"product","2":"type-product","3":"status-publish","4":"has-post-thumbnail","6":"product_cat-okategoriserad","8":"first","9":"instock","10":"shipping-taxable","11":"purchasable","12":"product-type-simple"},"_links":{"self":[{"href":"https:\/\/nordicmart.andreevmaster.com\/sv\/wp-json\/wp\/v2\/product\/15538","targetHints":{"allow":["GET"]}}],"collection":[{"href":"https:\/\/nordicmart.andreevmaster.com\/sv\/wp-json\/wp\/v2\/product"}],"about":[{"href":"https:\/\/nordicmart.andreevmaster.com\/sv\/wp-json\/wp\/v2\/types\/product"}],"replies":[{"embeddable":true,"href":"https:\/\/nordicmart.andreevmaster.com\/sv\/wp-json\/wp\/v2\/comments?post=15538"}],"wp:featuredmedia":[{"embeddable":true,"href":"https:\/\/nordicmart.andreevmaster.com\/sv\/wp-json\/wp\/v2\/media\/43343"}],"wp:attachment":[{"href":"https:\/\/nordicmart.andreevmaster.com\/sv\/wp-json\/wp\/v2\/media?parent=15538"}],"wp:term":[{"taxonomy":"product_brand","embeddable":true,"href":"https:\/\/nordicmart.andreevmaster.com\/sv\/wp-json\/wp\/v2\/product_brand?post=15538"},{"taxonomy":"product_cat","embeddable":true,"href":"https:\/\/nordicmart.andreevmaster.com\/sv\/wp-json\/wp\/v2\/product_cat?post=15538"},{"taxonomy":"product_tag","embeddable":true,"href":"https:\/\/nordicmart.andreevmaster.com\/sv\/wp-json\/wp\/v2\/product_tag?post=15538"}],"curies":[{"name":"wp","href":"https:\/\/api.w.org\/{rel}","templated":true}]}}