{"id":15536,"date":"2026-02-27T00:26:42","date_gmt":"2026-02-27T00:26:42","guid":{"rendered":"https:\/\/nordicmart.andreevmaster.com\/product\/songmics-skostall-med-8-hyllplan-for-upp-till-64-par-skor\/"},"modified":"2026-02-27T08:17:58","modified_gmt":"2026-02-27T08:17:58","slug":"songmics-skostall-med-8-hyllplan-for-upp-till-64-par-skor","status":"publish","type":"product","link":"https:\/\/nordicmart.andreevmaster.com\/sv\/produkt\/songmics-skostall-med-8-hyllplan-for-upp-till-64-par-skor\/","title":{"rendered":"SONGMICS skost\u00e4ll med 8 hyllplan f\u00f6r upp till 64 par skor"},"content":{"rendered":"<p>SONGMICS justerbar skohylla, skost\u00e4ll med hyllplan, f\u00f6rvaringshylla, st\u00e5lr\u00f6r, non-woven-tyg, f\u00f6r upp till par skor, platsbesparande, f\u00f6r hall, garderob, garage<br \/>\nF\u00e4rg: Bl\u00e4ksvart<br \/>\nMaterial: St\u00e5l, non-woven-tyg, PP-plast<br \/>\nStorlek: 29,5 x 171,1 x 157,6 cm (D x B x H)<br \/>\nVikt: 5,5 kg<br \/>\nMax. statisk belastningskapacitet per fack: 5 kg<br \/>\nMax. total belastningskapacitet vid j\u00e4mn viktf\u00f6rdelning: 160 kg<\/p>\n","protected":false},"excerpt":{"rendered":"<p>SONGMICS justerbar skohylla, skost\u00e4ll med hyllplan, f\u00f6rvaringshylla, st\u00e5lr\u00f6r, non-woven-tyg, f\u00f6r upp till par skor, platsbesparande, f\u00f6r hall, garderob, garage<\/p>\n","protected":false},"featured_media":43341,"comment_status":"open","ping_status":"closed","template":"","meta":[],"product_brand":[],"product_cat":[33],"product_tag":[],"class_list":{"0":"post-15536","1":"product","2":"type-product","3":"status-publish","4":"has-post-thumbnail","6":"product_cat-okategoriserad","8":"first","9":"instock","10":"shipping-taxable","11":"purchasable","12":"product-type-simple"},"_links":{"self":[{"href":"https:\/\/nordicmart.andreevmaster.com\/sv\/wp-json\/wp\/v2\/product\/15536","targetHints":{"allow":["GET"]}}],"collection":[{"href":"https:\/\/nordicmart.andreevmaster.com\/sv\/wp-json\/wp\/v2\/product"}],"about":[{"href":"https:\/\/nordicmart.andreevmaster.com\/sv\/wp-json\/wp\/v2\/types\/product"}],"replies":[{"embeddable":true,"href":"https:\/\/nordicmart.andreevmaster.com\/sv\/wp-json\/wp\/v2\/comments?post=15536"}],"wp:featuredmedia":[{"embeddable":true,"href":"https:\/\/nordicmart.andreevmaster.com\/sv\/wp-json\/wp\/v2\/media\/43341"}],"wp:attachment":[{"href":"https:\/\/nordicmart.andreevmaster.com\/sv\/wp-json\/wp\/v2\/media?parent=15536"}],"wp:term":[{"taxonomy":"product_brand","embeddable":true,"href":"https:\/\/nordicmart.andreevmaster.com\/sv\/wp-json\/wp\/v2\/product_brand?post=15536"},{"taxonomy":"product_cat","embeddable":true,"href":"https:\/\/nordicmart.andreevmaster.com\/sv\/wp-json\/wp\/v2\/product_cat?post=15536"},{"taxonomy":"product_tag","embeddable":true,"href":"https:\/\/nordicmart.andreevmaster.com\/sv\/wp-json\/wp\/v2\/product_tag?post=15536"}],"curies":[{"name":"wp","href":"https:\/\/api.w.org\/{rel}","templated":true}]}}