{"id":15533,"date":"2026-02-27T00:26:41","date_gmt":"2026-02-27T00:26:41","guid":{"rendered":"https:\/\/nordicmart.andreevmaster.com\/product\/songmics-skohylla-med-3-nivaer\/"},"modified":"2026-02-27T08:17:58","modified_gmt":"2026-02-27T08:17:58","slug":"songmics-skohylla-med-3-nivaer","status":"publish","type":"product","link":"https:\/\/nordicmart.andreevmaster.com\/sv\/produkt\/songmics-skohylla-med-3-nivaer\/","title":{"rendered":"SONGMICS skohylla med 3 niv\u00e5er"},"content":{"rendered":"<p>SONGMICS skost\u00e4ll med 3 hyllplan, skost\u00e4ll i metall, stativ, enkel montering, platsbesparande, f\u00f6r 12 till 15 par skor, stapelbart, f\u00f6r hall, vardagsrum, svart LSA303B02<br \/>\nF\u00e4rg: Gr\u00e5<br \/>\nMaterial: Metallr\u00f6r, plastkopplingar<br \/>\nStorlek: 30 x 92 x 55 cm (D x B x H)<br \/>\nVikt: 1,3 kg<br \/>\nMax. statisk belastningskapacitet per niv\u00e5: 10 kg<br \/>\nMax. statisk belastningskapacitet totalt: 30 kg<\/p>\n","protected":false},"excerpt":{"rendered":"<p>SONGMICS skost\u00e4ll med 3 hyllplan, skost\u00e4ll i metall, stativ, enkel montering, platsbesparande, f\u00f6r 12 till 15 par skor, stapelbart, f\u00f6r hall, vardagsrum, svart LSA303B02<\/p>\n","protected":false},"featured_media":43338,"comment_status":"open","ping_status":"closed","template":"","meta":[],"product_brand":[],"product_cat":[33],"product_tag":[],"class_list":{"0":"post-15533","1":"product","2":"type-product","3":"status-publish","4":"has-post-thumbnail","6":"product_cat-okategoriserad","8":"first","9":"instock","10":"shipping-taxable","11":"purchasable","12":"product-type-simple"},"_links":{"self":[{"href":"https:\/\/nordicmart.andreevmaster.com\/sv\/wp-json\/wp\/v2\/product\/15533","targetHints":{"allow":["GET"]}}],"collection":[{"href":"https:\/\/nordicmart.andreevmaster.com\/sv\/wp-json\/wp\/v2\/product"}],"about":[{"href":"https:\/\/nordicmart.andreevmaster.com\/sv\/wp-json\/wp\/v2\/types\/product"}],"replies":[{"embeddable":true,"href":"https:\/\/nordicmart.andreevmaster.com\/sv\/wp-json\/wp\/v2\/comments?post=15533"}],"wp:featuredmedia":[{"embeddable":true,"href":"https:\/\/nordicmart.andreevmaster.com\/sv\/wp-json\/wp\/v2\/media\/43338"}],"wp:attachment":[{"href":"https:\/\/nordicmart.andreevmaster.com\/sv\/wp-json\/wp\/v2\/media?parent=15533"}],"wp:term":[{"taxonomy":"product_brand","embeddable":true,"href":"https:\/\/nordicmart.andreevmaster.com\/sv\/wp-json\/wp\/v2\/product_brand?post=15533"},{"taxonomy":"product_cat","embeddable":true,"href":"https:\/\/nordicmart.andreevmaster.com\/sv\/wp-json\/wp\/v2\/product_cat?post=15533"},{"taxonomy":"product_tag","embeddable":true,"href":"https:\/\/nordicmart.andreevmaster.com\/sv\/wp-json\/wp\/v2\/product_tag?post=15533"}],"curies":[{"name":"wp","href":"https:\/\/api.w.org\/{rel}","templated":true}]}}