{"id":15526,"date":"2026-02-27T00:26:40","date_gmt":"2026-02-27T00:26:40","guid":{"rendered":"https:\/\/nordicmart.andreevmaster.com\/product\/songmics-metallhylla-for-skor-6-hyllplan\/"},"modified":"2026-02-27T08:17:57","modified_gmt":"2026-02-27T08:17:57","slug":"songmics-metallhylla-for-skor-6-hyllplan","status":"publish","type":"product","link":"https:\/\/nordicmart.andreevmaster.com\/sv\/produkt\/songmics-metallhylla-for-skor-6-hyllplan\/","title":{"rendered":"SONGMICS metallhylla f\u00f6r skor 6 hyllplan"},"content":{"rendered":"<p>Produktdetaljer: F\u00e4rg: Svart Material: Metallr\u00f6r, plastkoppling M\u00e5tt: 92 x 30 x 113 cm (L x B x H) Avst\u00e5nd mellan hyllorna: 20 cm Vikt: 2,4 kg Max. belastningskapacitet per hylla: 4 kg Max. belastningskapacitet f\u00f6r hela hyllan: 24 kg Leveransomfattning: 1 x skohylla 1 x bruksanvisning (DE, EN, FR, ES, IT) SONGMICS Anm\u00e4rkningar:Anv\u00e4nd inte produkten utomhus. Den max. belastningskapacitet som anges i texten avser den statiska maxvikten.<\/p>\n","protected":false},"excerpt":{"rendered":"<p>SONGMICS skost\u00e4ll med 6 niv\u00e5er, skof\u00f6rvaring i metall, f\u00f6r upp till 30 par skor, skoorganiserare f\u00f6r vardagsrum, hall och kl\u00e4dkammare, 92 x 30 x 113 cm, svart LSA16BK<\/p>\n","protected":false},"featured_media":43332,"comment_status":"open","ping_status":"closed","template":"","meta":[],"product_brand":[],"product_cat":[33],"product_tag":[],"class_list":{"0":"post-15526","1":"product","2":"type-product","3":"status-publish","4":"has-post-thumbnail","6":"product_cat-okategoriserad","8":"first","9":"instock","10":"shipping-taxable","11":"purchasable","12":"product-type-simple"},"_links":{"self":[{"href":"https:\/\/nordicmart.andreevmaster.com\/sv\/wp-json\/wp\/v2\/product\/15526","targetHints":{"allow":["GET"]}}],"collection":[{"href":"https:\/\/nordicmart.andreevmaster.com\/sv\/wp-json\/wp\/v2\/product"}],"about":[{"href":"https:\/\/nordicmart.andreevmaster.com\/sv\/wp-json\/wp\/v2\/types\/product"}],"replies":[{"embeddable":true,"href":"https:\/\/nordicmart.andreevmaster.com\/sv\/wp-json\/wp\/v2\/comments?post=15526"}],"wp:featuredmedia":[{"embeddable":true,"href":"https:\/\/nordicmart.andreevmaster.com\/sv\/wp-json\/wp\/v2\/media\/43332"}],"wp:attachment":[{"href":"https:\/\/nordicmart.andreevmaster.com\/sv\/wp-json\/wp\/v2\/media?parent=15526"}],"wp:term":[{"taxonomy":"product_brand","embeddable":true,"href":"https:\/\/nordicmart.andreevmaster.com\/sv\/wp-json\/wp\/v2\/product_brand?post=15526"},{"taxonomy":"product_cat","embeddable":true,"href":"https:\/\/nordicmart.andreevmaster.com\/sv\/wp-json\/wp\/v2\/product_cat?post=15526"},{"taxonomy":"product_tag","embeddable":true,"href":"https:\/\/nordicmart.andreevmaster.com\/sv\/wp-json\/wp\/v2\/product_tag?post=15526"}],"curies":[{"name":"wp","href":"https:\/\/api.w.org\/{rel}","templated":true}]}}