{"id":15525,"date":"2026-02-27T00:26:39","date_gmt":"2026-02-27T00:26:39","guid":{"rendered":"https:\/\/nordicmart.andreevmaster.com\/product\/songmics-skostall-5-metallhyllor\/"},"modified":"2026-02-27T08:17:56","modified_gmt":"2026-02-27T08:17:56","slug":"songmics-skostall-5-metallhyllor","status":"publish","type":"product","link":"https:\/\/nordicmart.andreevmaster.com\/sv\/produkt\/songmics-skostall-5-metallhyllor\/","title":{"rendered":"SONGMICS skost\u00e4ll 5 metallhyllor"},"content":{"rendered":"<p>Om du har en liten budget f\u00f6r ett passande m\u00f6bel f\u00f6r skof\u00f6rvaring \u00e4r detta enkla men \u00e4nd\u00e5 funktionella skost\u00e4ll som gjort f\u00f6r dig. De 5 hyllorna \u00e4r mer \u00e4n tillr\u00e4ckliga f\u00f6r att f\u00f6rvara dina skor och gl\u00f6m inte att du ocks\u00e5 kan st\u00e4lla detta skost\u00e4ll upp och ner f\u00f6r att skapa mer f\u00f6rvaringsutrymme. Vill du f\u00f6rvara dina st\u00f6vlar? Inga problem! Denna skoorganiserare \u00e4r enkel att montera och justera. Du kan l\u00e4mna en eller tv\u00e5 hyllor tomma vid monteringen s\u00e5 att det blir plats f\u00f6r dina nya st\u00f6vlar! Utbyggbar? Ja! Vi har \u00e4ven med detta produkt tagit h\u00e4nsyn till att din skokollektion kommer att forts\u00e4tta v\u00e4xa. Stapla helt enkelt tv\u00e5 skohyllor ovanp\u00e5 varandra f\u00f6r att f\u00e5 en stor skohylla med 10 niv\u00e5er. Var ska du placera denna skoorganiserare?I hallen \u2013 f\u00f6r mer komfort I vardagsrummet \u2013 f\u00f6r mer ordning I kl\u00e4dkammaren \u2013 f\u00f6r mer f\u00f6rvaringsutrymme Produktdetaljer: &#8211; F\u00e4rg: gr\u00e5 &#8211; Material: metallr\u00f6r, plastkoppling &#8211; M\u00e5tt: 92 x 30 x 93 cm (L x B x H) &#8211; Avst\u00e5nd mellan hyllorna: 20 cm &#8211; Vikt: 2 kg &#8211; Max. belastningskapacitet per hylla: 4 kg &#8211; Max. belastningskapacitet f\u00f6r hela hyllan: 20 kg Leveransomfattning: &#8211; 1 x skohylla &#8211; 1 x bruksanvisning (DE, EN, FR, ES, IT) SONGMICS Anm\u00e4rkningar: &#8211; Anv\u00e4nd inte produkten utomhus. &#8211; Den max. belastningskapaciteten i texten avser den statiska maxvikten.<\/p>\n","protected":false},"excerpt":{"rendered":"<p>SONGMICS skohylla med 5 niv\u00e5er, skof\u00f6rvaring i metall, f\u00f6r upp till 25 par skor, skoorganiserare f\u00f6r vardagsrum, hall och kl\u00e4dkammare, 92 x 30 x 93 cm, svart LSA15BK<\/p>\n","protected":false},"featured_media":43331,"comment_status":"open","ping_status":"closed","template":"","meta":[],"product_brand":[],"product_cat":[33],"product_tag":[],"class_list":{"0":"post-15525","1":"product","2":"type-product","3":"status-publish","4":"has-post-thumbnail","6":"product_cat-okategoriserad","8":"first","9":"instock","10":"shipping-taxable","11":"purchasable","12":"product-type-simple"},"_links":{"self":[{"href":"https:\/\/nordicmart.andreevmaster.com\/sv\/wp-json\/wp\/v2\/product\/15525","targetHints":{"allow":["GET"]}}],"collection":[{"href":"https:\/\/nordicmart.andreevmaster.com\/sv\/wp-json\/wp\/v2\/product"}],"about":[{"href":"https:\/\/nordicmart.andreevmaster.com\/sv\/wp-json\/wp\/v2\/types\/product"}],"replies":[{"embeddable":true,"href":"https:\/\/nordicmart.andreevmaster.com\/sv\/wp-json\/wp\/v2\/comments?post=15525"}],"wp:featuredmedia":[{"embeddable":true,"href":"https:\/\/nordicmart.andreevmaster.com\/sv\/wp-json\/wp\/v2\/media\/43331"}],"wp:attachment":[{"href":"https:\/\/nordicmart.andreevmaster.com\/sv\/wp-json\/wp\/v2\/media?parent=15525"}],"wp:term":[{"taxonomy":"product_brand","embeddable":true,"href":"https:\/\/nordicmart.andreevmaster.com\/sv\/wp-json\/wp\/v2\/product_brand?post=15525"},{"taxonomy":"product_cat","embeddable":true,"href":"https:\/\/nordicmart.andreevmaster.com\/sv\/wp-json\/wp\/v2\/product_cat?post=15525"},{"taxonomy":"product_tag","embeddable":true,"href":"https:\/\/nordicmart.andreevmaster.com\/sv\/wp-json\/wp\/v2\/product_tag?post=15525"}],"curies":[{"name":"wp","href":"https:\/\/api.w.org\/{rel}","templated":true}]}}