{"id":15523,"date":"2026-02-27T00:26:39","date_gmt":"2026-02-27T00:26:39","guid":{"rendered":"https:\/\/nordicmart.andreevmaster.com\/product\/songmics-metallhylla-for-skor-med-4-hyllplan\/"},"modified":"2026-02-27T08:17:56","modified_gmt":"2026-02-27T08:17:56","slug":"songmics-metallhylla-for-skor-med-4-hyllplan","status":"publish","type":"product","link":"https:\/\/nordicmart.andreevmaster.com\/sv\/produkt\/songmics-metallhylla-for-skor-med-4-hyllplan\/","title":{"rendered":"SONGMICS metallhylla f\u00f6r skor med 4 hyllplan"},"content":{"rendered":"<p>Har du en arm\u00e9 av skor? D\u00e5 \u00e4r denna platsbesparande men rymliga skost\u00e4llning den perfekta l\u00f6sningen f\u00f6r dig. Den kan \u00e4ven ut\u00f6kas. \u00c4r du skeptisk till om kombinationen av st\u00e5lr\u00f6r och plastdelar \u00e4r tillr\u00e4ckligt robust? Tack vare den stabila konstruktionen kan du sl\u00e4ppa den oron. Dessutom \u00e4r monteringen mycket enkel. Utan verktyg kan du snabbt montera ett praktiskt skost\u00e4ll med hj\u00e4lp av den illustrerade monteringsanvisningen. Med denna enkla f\u00f6rvaringsm\u00f6jlighet kan du definitivt skapa ordning i din skosamling! Varf\u00f6r ska du v\u00e4lja Songmics skost\u00e4ll? Songmics \u00e4r alltid kundorienterat och arbetar h\u00e5rt f\u00f6r att erbjuda produkter av h\u00f6g kvalitet med ett bra pris\/prestandaf\u00f6rh\u00e5llande. Vi har en utm\u00e4rkt kundservice och g\u00f6r allt f\u00f6r att l\u00f6sa dina problem. Produktdetaljer:  Material: St\u00e5lr\u00f6r + plast (PP) M\u00e5tt: 92 x 30 x 74 cm F\u00f6rpackningsm\u00e5tt: 94 x 17 x 8 cm Vikt: 2 kg Leveransomfattning:  1x skost\u00e4ll 1x instruktioner (tyska, engelska, franska, italienska, spanska)<\/p>\n","protected":false},"excerpt":{"rendered":"<p>SONGMICS skost\u00e4ll med 4 hyllor f\u00f6r upp till 20 skor Gr\u00e5 92 x 74 x 30 cm (B x H x D) LSA14G, metall, 92 x 30 x 74 cm<\/p>\n","protected":false},"featured_media":43329,"comment_status":"open","ping_status":"closed","template":"","meta":[],"product_brand":[],"product_cat":[33],"product_tag":[],"class_list":{"0":"post-15523","1":"product","2":"type-product","3":"status-publish","4":"has-post-thumbnail","6":"product_cat-okategoriserad","8":"first","9":"instock","10":"shipping-taxable","11":"purchasable","12":"product-type-simple"},"_links":{"self":[{"href":"https:\/\/nordicmart.andreevmaster.com\/sv\/wp-json\/wp\/v2\/product\/15523","targetHints":{"allow":["GET"]}}],"collection":[{"href":"https:\/\/nordicmart.andreevmaster.com\/sv\/wp-json\/wp\/v2\/product"}],"about":[{"href":"https:\/\/nordicmart.andreevmaster.com\/sv\/wp-json\/wp\/v2\/types\/product"}],"replies":[{"embeddable":true,"href":"https:\/\/nordicmart.andreevmaster.com\/sv\/wp-json\/wp\/v2\/comments?post=15523"}],"wp:featuredmedia":[{"embeddable":true,"href":"https:\/\/nordicmart.andreevmaster.com\/sv\/wp-json\/wp\/v2\/media\/43329"}],"wp:attachment":[{"href":"https:\/\/nordicmart.andreevmaster.com\/sv\/wp-json\/wp\/v2\/media?parent=15523"}],"wp:term":[{"taxonomy":"product_brand","embeddable":true,"href":"https:\/\/nordicmart.andreevmaster.com\/sv\/wp-json\/wp\/v2\/product_brand?post=15523"},{"taxonomy":"product_cat","embeddable":true,"href":"https:\/\/nordicmart.andreevmaster.com\/sv\/wp-json\/wp\/v2\/product_cat?post=15523"},{"taxonomy":"product_tag","embeddable":true,"href":"https:\/\/nordicmart.andreevmaster.com\/sv\/wp-json\/wp\/v2\/product_tag?post=15523"}],"curies":[{"name":"wp","href":"https:\/\/api.w.org\/{rel}","templated":true}]}}