{"id":15522,"date":"2026-02-27T00:26:39","date_gmt":"2026-02-27T00:26:39","guid":{"rendered":"https:\/\/nordicmart.andreevmaster.com\/product\/skorstall-4-nivaers-skostall-metallskostall-for-20-par-skor-enkel-montering-hall-svart-lsa14bk\/"},"modified":"2026-02-27T08:17:56","modified_gmt":"2026-02-27T08:17:56","slug":"skorstall-4-nivaers-skostall-metallskostall-for-20-par-skor-enkel-montering-hall-svart-lsa14bk","status":"publish","type":"product","link":"https:\/\/nordicmart.andreevmaster.com\/sv\/produkt\/skorstall-4-nivaers-skostall-metallskostall-for-20-par-skor-enkel-montering-hall-svart-lsa14bk\/","title":{"rendered":"Skorst\u00e4ll, 4-niv\u00e5ers skost\u00e4ll, metallskost\u00e4ll f\u00f6r 20 par skor, enkel montering, hall, svart LSA14BK"},"content":{"rendered":"<p>[Pit\u00e4\u00e4 paljon] H\u00e5ll ordning p\u00e5 dina skor och ha dem l\u00e4tt tillg\u00e4ngliga med denna skost\u00e4llning som m\u00e4ter 11,8&#8243; D x 36,2&#8243; B x 29,1&#8243; H. Den \u00e4r tillr\u00e4ckligt rymlig f\u00f6r att rymma upp till 16 par herrskor eller 20 par damskor.Stabil och h\u00e5llbar: Denna skost\u00e4llning \u00e4r tillverkad av tjocka metallr\u00f6r som \u00e4r sammanfogade med h\u00f6gkvalitativa plastkopplingar och t\u00e5l upp till 22 kg per hylla, vilket ger dina skor ett p\u00e5litligt hem.L\u00e4tt att montera: Enkel konstruktion, numrerade delar och illustrerade instruktioner g\u00f6r denna skost\u00e4llning l\u00e4tt att montera. Det b\u00e4sta av allt \u00e4r att du inte beh\u00f6ver n\u00e5gra verktyg! L\u00e4tt att reng\u00f6ra: Tack vare den mjuka ytan \u00e4r denna skost\u00e4llning l\u00e4tt att reng\u00f6ra med en mjuk, fuktig trasa, vilket sparar tid och energi.M\u00c5NGSIDIG F\u00d6R ALLA RUM: Denna metallskost\u00e4llning \u00e4r tack vare sin enkla design och kompakta silhuett perfekt f\u00f6r garderoben, hallen, sovrummet eller vardagsrummet. Tekniska uppgifter: &#8211; F\u00e4rg: Svart &#8211; Material: metallr\u00f6r, plastkoppling &#8211; Produktens storlek: 30*92*74 cm\/11,8*36,2*29,1 tum &#8211; Produktens vikt: 3,5 lb (1,6 kg) &#8211; Max. Statisk belastningskapacitet per niv\u00e5: 22 lb (10 kg) F\u00f6rpackningens inneh\u00e5ll: &#8211; 1 skost\u00e4ll med 4 niv\u00e5er. &#8211; 1 lutningsskyddssats. &#8211; 1 bruksanvisning (engelska spr\u00e5ket garanteras inte).<\/p>\n","protected":false},"excerpt":{"rendered":"<p>[Pit\u00e4\u00e4 paljon] H\u00e5ll ordning p\u00e5 dina skor och ha dem l\u00e4tt tillg\u00e4ngliga med denna skost\u00e4llning som m\u00e4ter 11,8&#8243; D x 36,2&#8243; B x 29,1&#8243; H. Den \u00e4r tillr\u00e4ckligt rymlig f\u00f6r att rymma upp till 16 par herrskor eller 20 par damskor.Stabil och h\u00e5llbar: Denna skost\u00e4llning \u00e4r tillverkad av tjocka metallr\u00f6r som \u00e4r sammanfogade med h\u00f6gkvalitativa [&hellip;]<\/p>\n","protected":false},"featured_media":0,"comment_status":"open","ping_status":"closed","template":"","meta":[],"product_brand":[],"product_cat":[33],"product_tag":[],"class_list":{"0":"post-15522","1":"product","2":"type-product","3":"status-publish","5":"product_cat-okategoriserad","7":"first","8":"instock","9":"shipping-taxable","10":"product-type-simple"},"_links":{"self":[{"href":"https:\/\/nordicmart.andreevmaster.com\/sv\/wp-json\/wp\/v2\/product\/15522","targetHints":{"allow":["GET"]}}],"collection":[{"href":"https:\/\/nordicmart.andreevmaster.com\/sv\/wp-json\/wp\/v2\/product"}],"about":[{"href":"https:\/\/nordicmart.andreevmaster.com\/sv\/wp-json\/wp\/v2\/types\/product"}],"replies":[{"embeddable":true,"href":"https:\/\/nordicmart.andreevmaster.com\/sv\/wp-json\/wp\/v2\/comments?post=15522"}],"wp:attachment":[{"href":"https:\/\/nordicmart.andreevmaster.com\/sv\/wp-json\/wp\/v2\/media?parent=15522"}],"wp:term":[{"taxonomy":"product_brand","embeddable":true,"href":"https:\/\/nordicmart.andreevmaster.com\/sv\/wp-json\/wp\/v2\/product_brand?post=15522"},{"taxonomy":"product_cat","embeddable":true,"href":"https:\/\/nordicmart.andreevmaster.com\/sv\/wp-json\/wp\/v2\/product_cat?post=15522"},{"taxonomy":"product_tag","embeddable":true,"href":"https:\/\/nordicmart.andreevmaster.com\/sv\/wp-json\/wp\/v2\/product_tag?post=15522"}],"curies":[{"name":"wp","href":"https:\/\/api.w.org\/{rel}","templated":true}]}}