{"id":15520,"date":"2026-02-27T00:26:38","date_gmt":"2026-02-27T00:26:38","guid":{"rendered":"https:\/\/nordicmart.andreevmaster.com\/product\/songmics-pluggbar-skohylla-i-metall-med-3-nivaer\/"},"modified":"2026-02-27T08:17:55","modified_gmt":"2026-02-27T08:17:55","slug":"songmics-pluggbar-skohylla-i-metall-med-3-nivaer","status":"publish","type":"product","link":"https:\/\/nordicmart.andreevmaster.com\/sv\/produkt\/songmics-pluggbar-skohylla-i-metall-med-3-nivaer\/","title":{"rendered":"SONGMICS pluggbar skohylla i metall med 3 niv\u00e5er"},"content":{"rendered":"<p>Om du har en liten budget f\u00f6r en l\u00e4mplig m\u00f6bel f\u00f6r skof\u00f6rvaring \u00e4r detta enkla men \u00e4nd\u00e5 funktionella skost\u00e4ll som gjort f\u00f6r dig. De 3 hyllorna \u00e4r mer \u00e4n tillr\u00e4ckliga f\u00f6r att f\u00f6rvara dina skor, och gl\u00f6m inte att du ocks\u00e5 kan st\u00e4lla detta st\u00e4ll upp och ner f\u00f6r att skapa mer f\u00f6rvaringsutrymme. Var ska du placera denna skoorganiserare?I hallen \u2013 f\u00f6r mer komfort I vardagsrummet \u2013 f\u00f6r mer ordning I kl\u00e4dkammaren \u2013 f\u00f6r mer f\u00f6rvaringsutrymme Produktdetaljer: &#8211; F\u00e4rg: gr\u00e5 &#8211; Material: metallr\u00f6r, plastkopplingar &#8211; M\u00e5tt: 92 x 30 x 54 cm (L x B x H) &#8211; Avst\u00e5nd mellan hyllorna: 20 cm &#8211; Vikt: 1,2 kg &#8211; Max. belastbarhet per hylla: 4 kg- Max. belastbarhet f\u00f6r hela hyllan: 12 kgLeveransomfattning:- 1 x skohylla- 1 x bruksanvisning (DE, EN, FR, ES, IT)SONGMICS Anm\u00e4rkningar:- Anv\u00e4nd inte produkten utomhus.<\/p>\n","protected":false},"excerpt":{"rendered":"<p>SONGMICS skost\u00e4ll med 3 niv\u00e5er, skof\u00f6rvaring i metall, f\u00f6r upp till 15 par skor, skoorganiserare f\u00f6r vardagsrum, hall och kl\u00e4dkammare, 92 x 30 x 54 cm, gr\u00e5 LSA13G<\/p>\n","protected":false},"featured_media":43327,"comment_status":"open","ping_status":"closed","template":"","meta":[],"product_brand":[],"product_cat":[33],"product_tag":[],"class_list":{"0":"post-15520","1":"product","2":"type-product","3":"status-publish","4":"has-post-thumbnail","6":"product_cat-okategoriserad","8":"first","9":"instock","10":"shipping-taxable","11":"purchasable","12":"product-type-simple"},"_links":{"self":[{"href":"https:\/\/nordicmart.andreevmaster.com\/sv\/wp-json\/wp\/v2\/product\/15520","targetHints":{"allow":["GET"]}}],"collection":[{"href":"https:\/\/nordicmart.andreevmaster.com\/sv\/wp-json\/wp\/v2\/product"}],"about":[{"href":"https:\/\/nordicmart.andreevmaster.com\/sv\/wp-json\/wp\/v2\/types\/product"}],"replies":[{"embeddable":true,"href":"https:\/\/nordicmart.andreevmaster.com\/sv\/wp-json\/wp\/v2\/comments?post=15520"}],"wp:featuredmedia":[{"embeddable":true,"href":"https:\/\/nordicmart.andreevmaster.com\/sv\/wp-json\/wp\/v2\/media\/43327"}],"wp:attachment":[{"href":"https:\/\/nordicmart.andreevmaster.com\/sv\/wp-json\/wp\/v2\/media?parent=15520"}],"wp:term":[{"taxonomy":"product_brand","embeddable":true,"href":"https:\/\/nordicmart.andreevmaster.com\/sv\/wp-json\/wp\/v2\/product_brand?post=15520"},{"taxonomy":"product_cat","embeddable":true,"href":"https:\/\/nordicmart.andreevmaster.com\/sv\/wp-json\/wp\/v2\/product_cat?post=15520"},{"taxonomy":"product_tag","embeddable":true,"href":"https:\/\/nordicmart.andreevmaster.com\/sv\/wp-json\/wp\/v2\/product_tag?post=15520"}],"curies":[{"name":"wp","href":"https:\/\/api.w.org\/{rel}","templated":true}]}}