{"id":15518,"date":"2026-02-27T00:26:38","date_gmt":"2026-02-27T00:26:38","guid":{"rendered":"https:\/\/nordicmart.andreevmaster.com\/product\/2-nivaers-skostall-skoforvaring-metallforvaringsstall-rymmer-8-10-par-skor-stapelbar-skohylla-for-hallen-vardagsrummet-sovrummet-30-x-92-x-34-cm-svart-lsa12bk\/"},"modified":"2026-02-27T08:17:55","modified_gmt":"2026-02-27T08:17:55","slug":"2-nivaers-skostall-skoforvaring-metallforvaringsstall-rymmer-8-10-par-skor-stapelbar-skohylla-for-hallen-vardagsrummet-sovrummet-30-x-92-x-34-cm-svart-lsa12bk","status":"publish","type":"product","link":"https:\/\/nordicmart.andreevmaster.com\/sv\/produkt\/2-nivaers-skostall-skoforvaring-metallforvaringsstall-rymmer-8-10-par-skor-stapelbar-skohylla-for-hallen-vardagsrummet-sovrummet-30-x-92-x-34-cm-svart-lsa12bk\/","title":{"rendered":"2-niv\u00e5ers skost\u00e4ll, skof\u00f6rvaring, metallf\u00f6rvaringsst\u00e4ll, rymmer 8-10 par skor, stapelbar skohylla, f\u00f6r hallen, vardagsrummet, sovrummet, 30 x 92 x 34 cm, svart LSA12BK"},"content":{"rendered":"","protected":false},"excerpt":{"rendered":"","protected":false},"featured_media":0,"comment_status":"open","ping_status":"closed","template":"","meta":[],"product_brand":[],"product_cat":[33],"product_tag":[],"class_list":{"0":"post-15518","1":"product","2":"type-product","3":"status-publish","5":"product_cat-okategoriserad","7":"first","8":"instock","9":"shipping-taxable","10":"product-type-simple"},"_links":{"self":[{"href":"https:\/\/nordicmart.andreevmaster.com\/sv\/wp-json\/wp\/v2\/product\/15518","targetHints":{"allow":["GET"]}}],"collection":[{"href":"https:\/\/nordicmart.andreevmaster.com\/sv\/wp-json\/wp\/v2\/product"}],"about":[{"href":"https:\/\/nordicmart.andreevmaster.com\/sv\/wp-json\/wp\/v2\/types\/product"}],"replies":[{"embeddable":true,"href":"https:\/\/nordicmart.andreevmaster.com\/sv\/wp-json\/wp\/v2\/comments?post=15518"}],"wp:attachment":[{"href":"https:\/\/nordicmart.andreevmaster.com\/sv\/wp-json\/wp\/v2\/media?parent=15518"}],"wp:term":[{"taxonomy":"product_brand","embeddable":true,"href":"https:\/\/nordicmart.andreevmaster.com\/sv\/wp-json\/wp\/v2\/product_brand?post=15518"},{"taxonomy":"product_cat","embeddable":true,"href":"https:\/\/nordicmart.andreevmaster.com\/sv\/wp-json\/wp\/v2\/product_cat?post=15518"},{"taxonomy":"product_tag","embeddable":true,"href":"https:\/\/nordicmart.andreevmaster.com\/sv\/wp-json\/wp\/v2\/product_tag?post=15518"}],"curies":[{"name":"wp","href":"https:\/\/api.w.org\/{rel}","templated":true}]}}