{"id":15516,"date":"2026-02-27T00:26:37","date_gmt":"2026-02-27T00:26:37","guid":{"rendered":"https:\/\/nordicmart.andreevmaster.com\/product\/songmics-diy-skostall\/"},"modified":"2026-02-27T08:17:54","modified_gmt":"2026-02-27T08:17:54","slug":"songmics-diy-skostall","status":"publish","type":"product","link":"https:\/\/nordicmart.andreevmaster.com\/sv\/produkt\/songmics-diy-skostall\/","title":{"rendered":"SONGMICS DIY skost\u00e4ll"},"content":{"rendered":"<p>Har du en arm\u00e9 av skor? D\u00e5 \u00e4r denna platsbesparande men rymliga skost\u00e4llning den perfekta l\u00f6sningen f\u00f6r dig. Du kan bygga denna kreativa hylla i olika utf\u00f6randen efter dina \u00f6nskem\u00e5l, den passar perfekt i hallen, i entr\u00e9n eller p\u00e5 valfri plats. Denna skost\u00e4ll hj\u00e4lper dig garanterat att bek\u00e4mpa r\u00f6ran. \u00c4r du skeptisk till om kombinationen av st\u00e5lr\u00f6r och plastdelar \u00e4r tillr\u00e4ckligt robust? Tack vare den stabila konstruktionen kan du sl\u00e4ppa den oron. Dessutom \u00e4r monteringen mycket enkel. Utan verktyg kan du snabbt bygga ett praktiskt skost\u00e4ll med hj\u00e4lp av den illustrerade monteringsanvisningen. Med denna enkla f\u00f6rvaringsm\u00f6jlighet kan du definitivt skapa ordning i din skosamling! Varf\u00f6r ska du v\u00e4lja Songmics skost\u00e4ll? Songmics \u00e4r alltid kundorienterat och g\u00f6r sitt yttersta f\u00f6r att erbjuda produkter av h\u00f6g kvalitet med bra pris\/prestanda-f\u00f6rh\u00e5llande. Vi har en utm\u00e4rkt kundservice och g\u00f6r allt f\u00f6r att l\u00f6sa dina problem. Produktdetaljer:\u00b7 F\u00e4rg: gr\u00e5\u00b7 M\u00e5tt per fack: 92 x 194 x 30 cm (B x H x D)\u00b7 F\u00f6rpackningsm\u00e5tt: 92 x 24 x 11 cm\u00b7 Fackh\u00f6jd: 17 cm\u00b7 Vikt: 4,47 kgLeveransomfattning:\u00b7 1x skost\u00e4ll<\/p>\n","protected":false},"excerpt":{"rendered":"<p>SONGMICS DIY skost\u00e4ll med 10 hyllor f\u00f6r upp till 50 par skor, gr\u00e5 LSA10G<\/p>\n","protected":false},"featured_media":43324,"comment_status":"open","ping_status":"closed","template":"","meta":[],"product_brand":[],"product_cat":[33],"product_tag":[],"class_list":{"0":"post-15516","1":"product","2":"type-product","3":"status-publish","4":"has-post-thumbnail","6":"product_cat-okategoriserad","8":"first","9":"instock","10":"shipping-taxable","11":"purchasable","12":"product-type-simple"},"_links":{"self":[{"href":"https:\/\/nordicmart.andreevmaster.com\/sv\/wp-json\/wp\/v2\/product\/15516","targetHints":{"allow":["GET"]}}],"collection":[{"href":"https:\/\/nordicmart.andreevmaster.com\/sv\/wp-json\/wp\/v2\/product"}],"about":[{"href":"https:\/\/nordicmart.andreevmaster.com\/sv\/wp-json\/wp\/v2\/types\/product"}],"replies":[{"embeddable":true,"href":"https:\/\/nordicmart.andreevmaster.com\/sv\/wp-json\/wp\/v2\/comments?post=15516"}],"wp:featuredmedia":[{"embeddable":true,"href":"https:\/\/nordicmart.andreevmaster.com\/sv\/wp-json\/wp\/v2\/media\/43324"}],"wp:attachment":[{"href":"https:\/\/nordicmart.andreevmaster.com\/sv\/wp-json\/wp\/v2\/media?parent=15516"}],"wp:term":[{"taxonomy":"product_brand","embeddable":true,"href":"https:\/\/nordicmart.andreevmaster.com\/sv\/wp-json\/wp\/v2\/product_brand?post=15516"},{"taxonomy":"product_cat","embeddable":true,"href":"https:\/\/nordicmart.andreevmaster.com\/sv\/wp-json\/wp\/v2\/product_cat?post=15516"},{"taxonomy":"product_tag","embeddable":true,"href":"https:\/\/nordicmart.andreevmaster.com\/sv\/wp-json\/wp\/v2\/product_tag?post=15516"}],"curies":[{"name":"wp","href":"https:\/\/api.w.org\/{rel}","templated":true}]}}