{"id":15515,"date":"2026-02-27T00:26:37","date_gmt":"2026-02-27T00:26:37","guid":{"rendered":"https:\/\/nordicmart.andreevmaster.com\/product\/songmics-skostall-med-10-hyllplan-svart\/"},"modified":"2026-02-27T08:17:54","modified_gmt":"2026-02-27T08:17:54","slug":"songmics-skostall-med-10-hyllplan-svart","status":"publish","type":"product","link":"https:\/\/nordicmart.andreevmaster.com\/sv\/produkt\/songmics-skostall-med-10-hyllplan-svart\/","title":{"rendered":"SONGMICS skost\u00e4ll med 10 hyllplan Svart"},"content":{"rendered":"<p>Justerbar \u2013 smart design: Denna skohylla \u00e4r enkel att montera och justera. Du kan l\u00e4mna en eller tv\u00e5 hyllplan tomma vid monteringen s\u00e5 att det blir plats f\u00f6r dina nya st\u00f6vlar! Vill du dela upp denna hylla i tv\u00e5 mindre m\u00f6bler? Inga problem! Hur m\u00e5nga par skor f\u00e5r plats i hyllan? 40\u201350 par? Inga problem! P\u00e5 varje hylla f\u00e5r 5 par damskor eller 4 par herrskor plats. Skor fr\u00e5n alla i familjen f\u00e5r en l\u00e4mplig plats i detta rack. Produktdetaljer: F\u00e4rg: Svart Material: Metallr\u00f6r, plastkopplingar Storlek: 92 x 30 x 194 cm (L x B x H) Avst\u00e5nd mellan hyllorna: 20 cm Vikt: 4,4 kg Max. statisk belastningskapacitet per hylla: 4 kg Max. statisk belastningskapacitet f\u00f6r hela hyllan: 40 kg Leveransomfattning: 1 x skohylla 1 x instruktioner (DE, EN, FR, ES, IT) SONGMICS Anm\u00e4rkningar:Anv\u00e4nd inte produkten utomhus. Vi rekommenderar att du anv\u00e4nder det medf\u00f6ljande tippskyddet f\u00f6r att undvika skador orsakade av v\u00e4lte. Den max. belastningskapacitet som anges i texten avser den statiska maxvikten.<\/p>\n","protected":false},"excerpt":{"rendered":"<p>SONGMICS DIY skost\u00e4ll med 10 hyllor f\u00f6r upp till 50 par skor, gr\u00e5 LSA10G<\/p>\n","protected":false},"featured_media":0,"comment_status":"open","ping_status":"closed","template":"","meta":[],"product_brand":[],"product_cat":[33],"product_tag":[],"class_list":{"0":"post-15515","1":"product","2":"type-product","3":"status-publish","5":"product_cat-okategoriserad","7":"first","8":"instock","9":"shipping-taxable","10":"purchasable","11":"product-type-simple"},"_links":{"self":[{"href":"https:\/\/nordicmart.andreevmaster.com\/sv\/wp-json\/wp\/v2\/product\/15515","targetHints":{"allow":["GET"]}}],"collection":[{"href":"https:\/\/nordicmart.andreevmaster.com\/sv\/wp-json\/wp\/v2\/product"}],"about":[{"href":"https:\/\/nordicmart.andreevmaster.com\/sv\/wp-json\/wp\/v2\/types\/product"}],"replies":[{"embeddable":true,"href":"https:\/\/nordicmart.andreevmaster.com\/sv\/wp-json\/wp\/v2\/comments?post=15515"}],"wp:attachment":[{"href":"https:\/\/nordicmart.andreevmaster.com\/sv\/wp-json\/wp\/v2\/media?parent=15515"}],"wp:term":[{"taxonomy":"product_brand","embeddable":true,"href":"https:\/\/nordicmart.andreevmaster.com\/sv\/wp-json\/wp\/v2\/product_brand?post=15515"},{"taxonomy":"product_cat","embeddable":true,"href":"https:\/\/nordicmart.andreevmaster.com\/sv\/wp-json\/wp\/v2\/product_cat?post=15515"},{"taxonomy":"product_tag","embeddable":true,"href":"https:\/\/nordicmart.andreevmaster.com\/sv\/wp-json\/wp\/v2\/product_tag?post=15515"}],"curies":[{"name":"wp","href":"https:\/\/api.w.org\/{rel}","templated":true}]}}