{"id":15514,"date":"2026-02-27T00:26:37","date_gmt":"2026-02-27T00:26:37","guid":{"rendered":"https:\/\/nordicmart.andreevmaster.com\/product\/songmics-skohylla-4-nivaer-2-pack-i-metall\/"},"modified":"2026-02-27T08:17:54","modified_gmt":"2026-02-27T08:17:54","slug":"songmics-skohylla-4-nivaer-2-pack-i-metall","status":"publish","type":"product","link":"https:\/\/nordicmart.andreevmaster.com\/sv\/produkt\/songmics-skohylla-4-nivaer-2-pack-i-metall\/","title":{"rendered":"SONGMICS skohylla 4 niv\u00e5er, 2-pack i metall"},"content":{"rendered":"<p>SONGMICS skohyllor, 2-pack, skoorganiserare med 3 hyllplan, skof\u00f6rvaring i metall, f\u00f6r 24-30 par skor, stapelbar, f\u00f6r vardagsrum, hall, entr\u00e9, svart LSA06BK<br \/>\nF\u00e4rg: Svart<br \/>\nMaterial: Metallr\u00f6r, plastkopplingar<br \/>\nStorlek per hylla: 30 x 92 x 74 cm (D x B x H)<br \/>\nVikt per hylla: 1,6 kg<br \/>\nMax. statisk belastningskapacitet per hyllplan: 10 kg<br \/>\nMax. statisk belastningskapacitet totalt per hylla: 40 kg<\/p>\n","protected":false},"excerpt":{"rendered":"<p>SONGMICS skohyllor, 2-pack, skoorganiserare med 3 hyllplan, skof\u00f6rvaring i metall, f\u00f6r 24-30 par skor, stapelbar, f\u00f6r vardagsrum, hall, entr\u00e9, svart LSA06BK<\/p>\n","protected":false},"featured_media":43323,"comment_status":"open","ping_status":"closed","template":"","meta":[],"product_brand":[],"product_cat":[33],"product_tag":[],"class_list":{"0":"post-15514","1":"product","2":"type-product","3":"status-publish","4":"has-post-thumbnail","6":"product_cat-okategoriserad","8":"first","9":"instock","10":"shipping-taxable","11":"purchasable","12":"product-type-simple"},"_links":{"self":[{"href":"https:\/\/nordicmart.andreevmaster.com\/sv\/wp-json\/wp\/v2\/product\/15514","targetHints":{"allow":["GET"]}}],"collection":[{"href":"https:\/\/nordicmart.andreevmaster.com\/sv\/wp-json\/wp\/v2\/product"}],"about":[{"href":"https:\/\/nordicmart.andreevmaster.com\/sv\/wp-json\/wp\/v2\/types\/product"}],"replies":[{"embeddable":true,"href":"https:\/\/nordicmart.andreevmaster.com\/sv\/wp-json\/wp\/v2\/comments?post=15514"}],"wp:featuredmedia":[{"embeddable":true,"href":"https:\/\/nordicmart.andreevmaster.com\/sv\/wp-json\/wp\/v2\/media\/43323"}],"wp:attachment":[{"href":"https:\/\/nordicmart.andreevmaster.com\/sv\/wp-json\/wp\/v2\/media?parent=15514"}],"wp:term":[{"taxonomy":"product_brand","embeddable":true,"href":"https:\/\/nordicmart.andreevmaster.com\/sv\/wp-json\/wp\/v2\/product_brand?post=15514"},{"taxonomy":"product_cat","embeddable":true,"href":"https:\/\/nordicmart.andreevmaster.com\/sv\/wp-json\/wp\/v2\/product_cat?post=15514"},{"taxonomy":"product_tag","embeddable":true,"href":"https:\/\/nordicmart.andreevmaster.com\/sv\/wp-json\/wp\/v2\/product_tag?post=15514"}],"curies":[{"name":"wp","href":"https:\/\/api.w.org\/{rel}","templated":true}]}}