{"id":15513,"date":"2026-02-27T00:26:36","date_gmt":"2026-02-27T00:26:36","guid":{"rendered":"https:\/\/nordicmart.andreevmaster.com\/product\/songmics-skoorganiserare-med-3-hyllplan\/"},"modified":"2026-02-27T08:17:54","modified_gmt":"2026-02-27T08:17:54","slug":"songmics-skoorganiserare-med-3-hyllplan","status":"publish","type":"product","link":"https:\/\/nordicmart.andreevmaster.com\/sv\/produkt\/songmics-skoorganiserare-med-3-hyllplan\/","title":{"rendered":"SONGMICS skoorganiserare med 3 hyllplan"},"content":{"rendered":"<p>Dina skohyllor, ditt val Hur vill du anv\u00e4nda dessa skohyllor? Valet \u00e4r ditt. Du kan anv\u00e4nda de sm\u00e5 hyllorna separat f\u00f6r att f\u00f6rvara saker i olika rum. Men du kan ocks\u00e5 enkelt stapla dem p\u00e5 varandra \u2013 ett h\u00f6gt hyllsystem f\u00f6r din skokollektion! Du kan ocks\u00e5 ta bort en hylla fr\u00e5n detta hyllsystem f\u00f6r att f\u00e5 plats med dina st\u00f6vlar. Charmigt \u00f6verallt Rena linjer, enkel silhuett och elegant svart \u2013 samspelet mellan dessa element ger dessa skohyllor fr\u00e5n SONGMICS en modern touch. De passar perfekt i ditt vardagsrum, kl\u00e4dkammare eller hall. Placera dessa hyllor d\u00e4r du beh\u00f6ver extra f\u00f6rvaringsutrymme och f\u00f6rvara alla f\u00f6rem\u00e5l snyggt och prydligt. Produktdetaljer: &#8211; F\u00e4rg: svart &#8211; Material: j\u00e4rnr\u00f6r, plastkopplingar &#8211; Storlek per hylla: 92 x 30 x 53 cm (L x B x H) &#8211; Vikt per hylla: 1,2 kg &#8211; Max. statisk belastningskapacitet per hyllplan: 5 kg &#8211; Max. statisk belastningskapacitet per hylla: 15 kg Leveransomfattning:- 2 x skohylla med 3 hyllplan &#8211; 1 x bruksanvisning (DE, EN, FR, ES, IT)<\/p>\n","protected":false},"excerpt":{"rendered":"<p>SONGMICS skost\u00e4ll med 3 niv\u00e5er, skof\u00f6rvaring i metall, f\u00f6r upp till 15 par skor, skoorganiserare f\u00f6r vardagsrum, hall och kl\u00e4dkammare, 92 x 30 x 54 cm, gr\u00e5 LSA13G<\/p>\n","protected":false},"featured_media":43322,"comment_status":"open","ping_status":"closed","template":"","meta":[],"product_brand":[],"product_cat":[33],"product_tag":[],"class_list":{"0":"post-15513","1":"product","2":"type-product","3":"status-publish","4":"has-post-thumbnail","6":"product_cat-okategoriserad","8":"first","9":"instock","10":"shipping-taxable","11":"purchasable","12":"product-type-simple"},"_links":{"self":[{"href":"https:\/\/nordicmart.andreevmaster.com\/sv\/wp-json\/wp\/v2\/product\/15513","targetHints":{"allow":["GET"]}}],"collection":[{"href":"https:\/\/nordicmart.andreevmaster.com\/sv\/wp-json\/wp\/v2\/product"}],"about":[{"href":"https:\/\/nordicmart.andreevmaster.com\/sv\/wp-json\/wp\/v2\/types\/product"}],"replies":[{"embeddable":true,"href":"https:\/\/nordicmart.andreevmaster.com\/sv\/wp-json\/wp\/v2\/comments?post=15513"}],"wp:featuredmedia":[{"embeddable":true,"href":"https:\/\/nordicmart.andreevmaster.com\/sv\/wp-json\/wp\/v2\/media\/43322"}],"wp:attachment":[{"href":"https:\/\/nordicmart.andreevmaster.com\/sv\/wp-json\/wp\/v2\/media?parent=15513"}],"wp:term":[{"taxonomy":"product_brand","embeddable":true,"href":"https:\/\/nordicmart.andreevmaster.com\/sv\/wp-json\/wp\/v2\/product_brand?post=15513"},{"taxonomy":"product_cat","embeddable":true,"href":"https:\/\/nordicmart.andreevmaster.com\/sv\/wp-json\/wp\/v2\/product_cat?post=15513"},{"taxonomy":"product_tag","embeddable":true,"href":"https:\/\/nordicmart.andreevmaster.com\/sv\/wp-json\/wp\/v2\/product_tag?post=15513"}],"curies":[{"name":"wp","href":"https:\/\/api.w.org\/{rel}","templated":true}]}}