{"id":15511,"date":"2026-02-27T00:26:36","date_gmt":"2026-02-27T00:26:36","guid":{"rendered":"https:\/\/nordicmart.andreevmaster.com\/product\/songmics-skostall-med-4-hyllplan-for-25-30-par-skor-svart\/"},"modified":"2026-02-27T08:17:53","modified_gmt":"2026-02-27T08:17:53","slug":"songmics-skostall-med-4-hyllplan-for-25-30-par-skor-svart","status":"publish","type":"product","link":"https:\/\/nordicmart.andreevmaster.com\/sv\/produkt\/songmics-skostall-med-4-hyllplan-for-25-30-par-skor-svart\/","title":{"rendered":"SONGMICS skost\u00e4ll med 4 hyllplan f\u00f6r 25\u201330 par skor, svart"},"content":{"rendered":"<p>SONGMICS skost\u00e4ll 4 niv\u00e5er, skost\u00e4ll i metall, skof\u00f6rvaring, skoorganiserare, uppr\u00e4tt eller upp och ned, f\u00f6r 5\u201310 par skor, stapelbar, hall, 30 x 42,5 x 71,5 cm, svart LSA004B01<br \/>\nF\u00e4rg: Svart<br \/>\nMaterial: Metallr\u00f6r, plastkopplingar<br \/>\nStorlek per skost\u00e4ll: 30 x 117 x 75 cm (D x B x H)<br \/>\nVikt per skost\u00e4ll: 2 kg<br \/>\nMax. statisk belastningskapacitet per niv\u00e5: 10 kg<br \/>\nMax. statisk belastningskapacitet totalt per skost\u00e4ll: 40 kg<\/p>\n","protected":false},"excerpt":{"rendered":"<p>SONGMICS skost\u00e4ll 4 niv\u00e5er, skost\u00e4ll i metall, skof\u00f6rvaring, skoorganiserare, uppr\u00e4tt eller upp och ned, f\u00f6r 5\u201310 par skor, stapelbar, hall, 30 x 42,5 x 71,5 cm, svart LSA004B01<\/p>\n","protected":false},"featured_media":43320,"comment_status":"open","ping_status":"closed","template":"","meta":[],"product_brand":[],"product_cat":[33],"product_tag":[],"class_list":{"0":"post-15511","1":"product","2":"type-product","3":"status-publish","4":"has-post-thumbnail","6":"product_cat-okategoriserad","8":"first","9":"instock","10":"shipping-taxable","11":"purchasable","12":"product-type-simple"},"_links":{"self":[{"href":"https:\/\/nordicmart.andreevmaster.com\/sv\/wp-json\/wp\/v2\/product\/15511","targetHints":{"allow":["GET"]}}],"collection":[{"href":"https:\/\/nordicmart.andreevmaster.com\/sv\/wp-json\/wp\/v2\/product"}],"about":[{"href":"https:\/\/nordicmart.andreevmaster.com\/sv\/wp-json\/wp\/v2\/types\/product"}],"replies":[{"embeddable":true,"href":"https:\/\/nordicmart.andreevmaster.com\/sv\/wp-json\/wp\/v2\/comments?post=15511"}],"wp:featuredmedia":[{"embeddable":true,"href":"https:\/\/nordicmart.andreevmaster.com\/sv\/wp-json\/wp\/v2\/media\/43320"}],"wp:attachment":[{"href":"https:\/\/nordicmart.andreevmaster.com\/sv\/wp-json\/wp\/v2\/media?parent=15511"}],"wp:term":[{"taxonomy":"product_brand","embeddable":true,"href":"https:\/\/nordicmart.andreevmaster.com\/sv\/wp-json\/wp\/v2\/product_brand?post=15511"},{"taxonomy":"product_cat","embeddable":true,"href":"https:\/\/nordicmart.andreevmaster.com\/sv\/wp-json\/wp\/v2\/product_cat?post=15511"},{"taxonomy":"product_tag","embeddable":true,"href":"https:\/\/nordicmart.andreevmaster.com\/sv\/wp-json\/wp\/v2\/product_tag?post=15511"}],"curies":[{"name":"wp","href":"https:\/\/api.w.org\/{rel}","templated":true}]}}