{"id":15509,"date":"2026-02-27T00:26:35","date_gmt":"2026-02-27T00:26:35","guid":{"rendered":"https:\/\/nordicmart.andreevmaster.com\/product\/songmics-skostall-med-2-nivaer-i-metall-30-x-116-x-34-cm-stapelbart\/"},"modified":"2026-02-27T08:17:53","modified_gmt":"2026-02-27T08:17:53","slug":"songmics-skostall-med-2-nivaer-i-metall-30-x-116-x-34-cm-stapelbart","status":"publish","type":"product","link":"https:\/\/nordicmart.andreevmaster.com\/sv\/produkt\/songmics-skostall-med-2-nivaer-i-metall-30-x-116-x-34-cm-stapelbart\/","title":{"rendered":"SONGMICS skost\u00e4ll med 2 niv\u00e5er i metall 30 x 116 x 34 cm stapelbart"},"content":{"rendered":"<p>SONGMICS skohylla med 2 niv\u00e5er, skof\u00f6rvaring i metall, f\u00f6r upp till 10 par skor, skoorganiserare f\u00f6r vardagsrum, hall och kl\u00e4dkammare, 92 x 30 x 33 cm, svart LSA12BK<br \/>\nF\u00e4rg: Svart<br \/>\nMaterial: Metallr\u00f6r, plastkopplingar<br \/>\nStorlek: 30 x 116 x 34 cm (D x B x H)<br \/>\nVikt: 1 kg<br \/>\nMax. statisk belastningskapacitet per niv\u00e5: 12,5 kg<br \/>\nMax. statisk belastningskapacitet totalt: 25 kg<\/p>\n","protected":false},"excerpt":{"rendered":"<p>SONGMICS skohylla med 2 niv\u00e5er, skof\u00f6rvaring i metall, f\u00f6r upp till 10 par skor, skoorganiserare f\u00f6r vardagsrum, hall och kl\u00e4dkammare, 92 x 30 x 33 cm, svart LSA12BK<\/p>\n","protected":false},"featured_media":43318,"comment_status":"open","ping_status":"closed","template":"","meta":[],"product_brand":[],"product_cat":[33],"product_tag":[],"class_list":{"0":"post-15509","1":"product","2":"type-product","3":"status-publish","4":"has-post-thumbnail","6":"product_cat-okategoriserad","8":"first","9":"instock","10":"shipping-taxable","11":"purchasable","12":"product-type-simple"},"_links":{"self":[{"href":"https:\/\/nordicmart.andreevmaster.com\/sv\/wp-json\/wp\/v2\/product\/15509","targetHints":{"allow":["GET"]}}],"collection":[{"href":"https:\/\/nordicmart.andreevmaster.com\/sv\/wp-json\/wp\/v2\/product"}],"about":[{"href":"https:\/\/nordicmart.andreevmaster.com\/sv\/wp-json\/wp\/v2\/types\/product"}],"replies":[{"embeddable":true,"href":"https:\/\/nordicmart.andreevmaster.com\/sv\/wp-json\/wp\/v2\/comments?post=15509"}],"wp:featuredmedia":[{"embeddable":true,"href":"https:\/\/nordicmart.andreevmaster.com\/sv\/wp-json\/wp\/v2\/media\/43318"}],"wp:attachment":[{"href":"https:\/\/nordicmart.andreevmaster.com\/sv\/wp-json\/wp\/v2\/media?parent=15509"}],"wp:term":[{"taxonomy":"product_brand","embeddable":true,"href":"https:\/\/nordicmart.andreevmaster.com\/sv\/wp-json\/wp\/v2\/product_brand?post=15509"},{"taxonomy":"product_cat","embeddable":true,"href":"https:\/\/nordicmart.andreevmaster.com\/sv\/wp-json\/wp\/v2\/product_cat?post=15509"},{"taxonomy":"product_tag","embeddable":true,"href":"https:\/\/nordicmart.andreevmaster.com\/sv\/wp-json\/wp\/v2\/product_tag?post=15509"}],"curies":[{"name":"wp","href":"https:\/\/api.w.org\/{rel}","templated":true}]}}