{"id":15508,"date":"2026-02-27T00:26:35","date_gmt":"2026-02-27T00:26:35","guid":{"rendered":"https:\/\/nordicmart.andreevmaster.com\/product\/songmics-stor-skohylla-med-10-hyllplan-gra\/"},"modified":"2026-02-27T08:17:53","modified_gmt":"2026-02-27T08:17:53","slug":"songmics-stor-skohylla-med-10-hyllplan-gra","status":"publish","type":"product","link":"https:\/\/nordicmart.andreevmaster.com\/sv\/produkt\/songmics-stor-skohylla-med-10-hyllplan-gra\/","title":{"rendered":"SONGMICS Stor skohylla med 10 hyllplan Gr\u00e5"},"content":{"rendered":"<p>Ordning g\u00f6r lycklig! Blir du varje dag \u00f6verv\u00e4ldigad av skokoset i hallen n\u00e4r du kommer hem? Vem kan vara p\u00e5 gott hum\u00f6r d\u00e5? Denna skohylla med 10 hyllplan fr\u00e5n SONGMICS hj\u00e4lper dig att rensa upp i kaoset och hitta din inre ro. Hyllan \u00e4r tillverkad av f\u00f6rst\u00e4rkta metallr\u00f6r och h\u00f6gkvalitativa plastkopplingar och ger dina skor ett stabilt st\u00f6d (varje hyllplan t\u00e5l upp till 5 kg). Dessutom imponerar den med sin smarta DIY-design och enkla montering. Den som f\u00e5r ordning p\u00e5 kaoset har kontroll \u00f6ver sitt liv! Unna dig detta platsbesparande stativ med 10 hyllplan och h\u00e5ll ordning p\u00e5 skokoset. Produktdetaljer: &#8211; F\u00e4rg: Gr\u00e5 &#8211; Material: Metallr\u00f6r, plastkopplingar &#8211; Storlek: 45 x 30 x 174 cm (L x B x H) &#8211; Vikt: 3,1 kg &#8211; Max. statisk belastningskapacitet per hylla: 5 kg &#8211; Max. statisk belastningskapacitet totalt: 50 kg Leveransomfattning:- 1 x skost\u00e4ll med 10 hyllplan &#8211; 1 x tippskydd &#8211; 1 x bruksanvisning (DE, EN, FR, ES, IT) SONGMICS Anm\u00e4rkningar: &#8211; Av s\u00e4kerhetssk\u00e4l \u00e4r det f\u00f6rbjudet f\u00f6r barn att kl\u00e4ttra p\u00e5 eller leka med produkten. &#8211; F\u00e4st denna produkt p\u00e5 v\u00e4ggen med det medf\u00f6ljande tippskyddet f\u00f6r att garantera s\u00e4ker anv\u00e4ndning.<\/p>\n","protected":false},"excerpt":{"rendered":"<p>SONGMICS skost\u00e4ll, stort skost\u00e4ll i j\u00e4rn, frist\u00e5ende, platsbesparande, multifunktionellt, vardagsrum, sovrum, k\u00f6k, gr\u00e5tt LSA025G02<\/p>\n","protected":false},"featured_media":0,"comment_status":"open","ping_status":"closed","template":"","meta":[],"product_brand":[],"product_cat":[33],"product_tag":[],"class_list":{"0":"post-15508","1":"product","2":"type-product","3":"status-publish","5":"product_cat-okategoriserad","7":"first","8":"instock","9":"shipping-taxable","10":"purchasable","11":"product-type-simple"},"_links":{"self":[{"href":"https:\/\/nordicmart.andreevmaster.com\/sv\/wp-json\/wp\/v2\/product\/15508","targetHints":{"allow":["GET"]}}],"collection":[{"href":"https:\/\/nordicmart.andreevmaster.com\/sv\/wp-json\/wp\/v2\/product"}],"about":[{"href":"https:\/\/nordicmart.andreevmaster.com\/sv\/wp-json\/wp\/v2\/types\/product"}],"replies":[{"embeddable":true,"href":"https:\/\/nordicmart.andreevmaster.com\/sv\/wp-json\/wp\/v2\/comments?post=15508"}],"wp:attachment":[{"href":"https:\/\/nordicmart.andreevmaster.com\/sv\/wp-json\/wp\/v2\/media?parent=15508"}],"wp:term":[{"taxonomy":"product_brand","embeddable":true,"href":"https:\/\/nordicmart.andreevmaster.com\/sv\/wp-json\/wp\/v2\/product_brand?post=15508"},{"taxonomy":"product_cat","embeddable":true,"href":"https:\/\/nordicmart.andreevmaster.com\/sv\/wp-json\/wp\/v2\/product_cat?post=15508"},{"taxonomy":"product_tag","embeddable":true,"href":"https:\/\/nordicmart.andreevmaster.com\/sv\/wp-json\/wp\/v2\/product_tag?post=15508"}],"curies":[{"name":"wp","href":"https:\/\/api.w.org\/{rel}","templated":true}]}}