{"id":15505,"date":"2026-02-27T00:26:34","date_gmt":"2026-02-27T00:26:34","guid":{"rendered":"https:\/\/nordicmart.andreevmaster.com\/product\/songmics-skostall-med-5-hyllplan-svart\/"},"modified":"2026-02-27T08:17:52","modified_gmt":"2026-02-27T08:17:52","slug":"songmics-skostall-med-5-hyllplan-svart","status":"publish","type":"product","link":"https:\/\/nordicmart.andreevmaster.com\/sv\/produkt\/songmics-skostall-med-5-hyllplan-svart\/","title":{"rendered":"SONGMICS skost\u00e4ll med 5 hyllplan, svart"},"content":{"rendered":"<p>Ordning g\u00f6r lycklig! Blir du varje dag n\u00e4r du kommer hem \u00f6verv\u00e4ldigad av skokoset i hallen? Vem kan vara p\u00e5 gott hum\u00f6r d\u00e5? Detta skost\u00e4ll med 5 hyllplan fr\u00e5n SONGMICS hj\u00e4lper dig att f\u00e5 ordning p\u00e5 kaoset och hitta din inre ro. Tillverkad av f\u00f6rst\u00e4rkta metallr\u00f6r och h\u00f6gkvalitativa plastkopplingar, ger detta rack dina skor ett starkt f\u00e4ste (varje hylla t\u00e5l upp till 5 kg). Dessutom imponerar det med sin smarta DIY-design och enkla montering. Den som f\u00e5r ordning p\u00e5 kaoset har kontroll \u00f6ver sitt liv! Unna dig detta platsbesparande stativ med 5 hyllor och h\u00e5ll ordning p\u00e5 skokoset. Produktdetaljer: &#8211; F\u00e4rg: Svart &#8211; Material: Metallr\u00f6r, plastkopplingar &#8211; Storlek: 45 x 30 x 89,5 cm (L x B x H) &#8211; Vikt: 1,5 kg &#8211; Max. statisk belastningskapacitet per hylla: 5 kg &#8211; Max. statisk belastningskapacitet totalt: 25 kg Leveransomfattning:- 1 x skost\u00e4ll med 5 hyllplan &#8211; 1 x tippskydd &#8211; 1 x bruksanvisning (DE, EN, FR, ES, IT) SONGMICS Anm\u00e4rkningar: &#8211; Av s\u00e4kerhetssk\u00e4l \u00e4r det f\u00f6rbjudet f\u00f6r barn att kl\u00e4ttra p\u00e5 eller leka med produkten. &#8211; F\u00e4st denna produkt p\u00e5 v\u00e4ggen med det medf\u00f6ljande tippskyddet f\u00f6r att garantera s\u00e4ker anv\u00e4ndning.<\/p>\n","protected":false},"excerpt":{"rendered":"<p>SONGMICS skost\u00e4ll med 5 hyllplan, skost\u00e4ll i metall, stapelbart, platsbesparande, skof\u00f6rvaring, multifunktionellt, stativst\u00e4ll, f\u00f6r hall, sovrum, vardagsrum, svart LSA005B02<\/p>\n","protected":false},"featured_media":43315,"comment_status":"open","ping_status":"closed","template":"","meta":[],"product_brand":[],"product_cat":[33],"product_tag":[],"class_list":{"0":"post-15505","1":"product","2":"type-product","3":"status-publish","4":"has-post-thumbnail","6":"product_cat-okategoriserad","8":"first","9":"instock","10":"shipping-taxable","11":"purchasable","12":"product-type-simple"},"_links":{"self":[{"href":"https:\/\/nordicmart.andreevmaster.com\/sv\/wp-json\/wp\/v2\/product\/15505","targetHints":{"allow":["GET"]}}],"collection":[{"href":"https:\/\/nordicmart.andreevmaster.com\/sv\/wp-json\/wp\/v2\/product"}],"about":[{"href":"https:\/\/nordicmart.andreevmaster.com\/sv\/wp-json\/wp\/v2\/types\/product"}],"replies":[{"embeddable":true,"href":"https:\/\/nordicmart.andreevmaster.com\/sv\/wp-json\/wp\/v2\/comments?post=15505"}],"wp:featuredmedia":[{"embeddable":true,"href":"https:\/\/nordicmart.andreevmaster.com\/sv\/wp-json\/wp\/v2\/media\/43315"}],"wp:attachment":[{"href":"https:\/\/nordicmart.andreevmaster.com\/sv\/wp-json\/wp\/v2\/media?parent=15505"}],"wp:term":[{"taxonomy":"product_brand","embeddable":true,"href":"https:\/\/nordicmart.andreevmaster.com\/sv\/wp-json\/wp\/v2\/product_brand?post=15505"},{"taxonomy":"product_cat","embeddable":true,"href":"https:\/\/nordicmart.andreevmaster.com\/sv\/wp-json\/wp\/v2\/product_cat?post=15505"},{"taxonomy":"product_tag","embeddable":true,"href":"https:\/\/nordicmart.andreevmaster.com\/sv\/wp-json\/wp\/v2\/product_tag?post=15505"}],"curies":[{"name":"wp","href":"https:\/\/api.w.org\/{rel}","templated":true}]}}