{"id":15503,"date":"2026-02-27T00:26:34","date_gmt":"2026-02-27T00:26:34","guid":{"rendered":"https:\/\/nordicmart.andreevmaster.com\/product\/songmics-skostall-med-3-hyllplan-for-4-8-par-skor-30-x-425-x-545-cm-svart\/"},"modified":"2026-02-27T08:17:52","modified_gmt":"2026-02-27T08:17:52","slug":"songmics-skostall-med-3-hyllplan-for-4-8-par-skor-30-x-425-x-545-cm-svart","status":"publish","type":"product","link":"https:\/\/nordicmart.andreevmaster.com\/sv\/produkt\/songmics-skostall-med-3-hyllplan-for-4-8-par-skor-30-x-425-x-545-cm-svart\/","title":{"rendered":"SONGMICS skost\u00e4ll med 3 hyllplan f\u00f6r 4\u20138 par skor 30 x 42,5 x 54,5 cm svart"},"content":{"rendered":"<p>SONGMICS skost\u00e4ll med 3 hyllplan, skost\u00e4ll i metall, stativ, enkel montering, platsbesparande, f\u00f6r 12 till 15 par skor, stapelbart, f\u00f6r hall, vardagsrum, svart LSA303B02<br \/>\nF\u00e4rg: Svart<br \/>\nMaterial: Metallr\u00f6r, plastkopplingar<br \/>\nStorlek per skost\u00e4ll: 30 x 42,5 x 54,5 cm (D x B x H)<br \/>\nVikt per skost\u00e4ll: 0,7 kg<br \/>\nMax. statisk belastningskapacitet per niv\u00e5: 10 kg<br \/>\nMax. statisk belastningskapacitet totalt per skost\u00e4ll: 30 kg<\/p>\n","protected":false},"excerpt":{"rendered":"<p>SONGMICS skost\u00e4ll med 3 hyllplan, skost\u00e4ll i metall, stativ, enkel montering, platsbesparande, f\u00f6r 12 till 15 par skor, stapelbart, f\u00f6r hall, vardagsrum, svart LSA303B02<\/p>\n","protected":false},"featured_media":43313,"comment_status":"open","ping_status":"closed","template":"","meta":[],"product_brand":[],"product_cat":[33],"product_tag":[],"class_list":{"0":"post-15503","1":"product","2":"type-product","3":"status-publish","4":"has-post-thumbnail","6":"product_cat-okategoriserad","8":"first","9":"instock","10":"shipping-taxable","11":"purchasable","12":"product-type-simple"},"_links":{"self":[{"href":"https:\/\/nordicmart.andreevmaster.com\/sv\/wp-json\/wp\/v2\/product\/15503","targetHints":{"allow":["GET"]}}],"collection":[{"href":"https:\/\/nordicmart.andreevmaster.com\/sv\/wp-json\/wp\/v2\/product"}],"about":[{"href":"https:\/\/nordicmart.andreevmaster.com\/sv\/wp-json\/wp\/v2\/types\/product"}],"replies":[{"embeddable":true,"href":"https:\/\/nordicmart.andreevmaster.com\/sv\/wp-json\/wp\/v2\/comments?post=15503"}],"wp:featuredmedia":[{"embeddable":true,"href":"https:\/\/nordicmart.andreevmaster.com\/sv\/wp-json\/wp\/v2\/media\/43313"}],"wp:attachment":[{"href":"https:\/\/nordicmart.andreevmaster.com\/sv\/wp-json\/wp\/v2\/media?parent=15503"}],"wp:term":[{"taxonomy":"product_brand","embeddable":true,"href":"https:\/\/nordicmart.andreevmaster.com\/sv\/wp-json\/wp\/v2\/product_brand?post=15503"},{"taxonomy":"product_cat","embeddable":true,"href":"https:\/\/nordicmart.andreevmaster.com\/sv\/wp-json\/wp\/v2\/product_cat?post=15503"},{"taxonomy":"product_tag","embeddable":true,"href":"https:\/\/nordicmart.andreevmaster.com\/sv\/wp-json\/wp\/v2\/product_tag?post=15503"}],"curies":[{"name":"wp","href":"https:\/\/api.w.org\/{rel}","templated":true}]}}