{"id":15500,"date":"2026-02-27T00:26:33","date_gmt":"2026-02-27T00:26:33","guid":{"rendered":"https:\/\/nordicmart.andreevmaster.com\/product\/vasagle-serveringsvagn-rullvagn-glashallare\/"},"modified":"2026-02-27T08:17:51","modified_gmt":"2026-02-27T08:17:51","slug":"vasagle-serveringsvagn-rullvagn-glashallare","status":"publish","type":"product","link":"https:\/\/nordicmart.andreevmaster.com\/sv\/produkt\/vasagle-serveringsvagn-rullvagn-glashallare\/","title":{"rendered":"VASAGLE serveringsvagn, rullvagn, glash\u00e5llare"},"content":{"rendered":"<p>VASAGLE serveringsvagn, rullvagn, glash\u00e5llare, 2 speglade glashyllor, barvagn, vinvagn, f\u00f6r k\u00f6k, matsal, bar, guldf\u00e4rgad LRC090A03<br \/>\nSpecifikationer:<br \/>\n&#8211; M\u00e5tt: 38 x 80 x 90 cm (D x B x H)<br \/>\n&#8211; Vikt: 14 kg<br \/>\n&#8211; Max. statisk b\u00e4rf\u00f6rm\u00e5ga f\u00f6r den \u00f6vre hyllan: 29,5 kg<br \/>\n&#8211; Max. statisk b\u00e4rf\u00f6rm\u00e5ga f\u00f6r den nedre hyllan: 30,4 kg<br \/>\n&#8211; Material: st\u00e5l, speglat glas<br \/>\n&#8211; F\u00e4rg: svart<\/p>\n","protected":false},"excerpt":{"rendered":"<p>VASAGLE serveringsvagn, rullvagn, glash\u00e5llare, 2 speglade glashyllor, barvagn, vinvagn, f\u00f6r k\u00f6k, matsal, bar, guldf\u00e4rgad LRC090A03<\/p>\n","protected":false},"featured_media":43310,"comment_status":"open","ping_status":"closed","template":"","meta":[],"product_brand":[],"product_cat":[33],"product_tag":[],"class_list":{"0":"post-15500","1":"product","2":"type-product","3":"status-publish","4":"has-post-thumbnail","6":"product_cat-okategoriserad","8":"first","9":"instock","10":"shipping-taxable","11":"purchasable","12":"product-type-simple"},"_links":{"self":[{"href":"https:\/\/nordicmart.andreevmaster.com\/sv\/wp-json\/wp\/v2\/product\/15500","targetHints":{"allow":["GET"]}}],"collection":[{"href":"https:\/\/nordicmart.andreevmaster.com\/sv\/wp-json\/wp\/v2\/product"}],"about":[{"href":"https:\/\/nordicmart.andreevmaster.com\/sv\/wp-json\/wp\/v2\/types\/product"}],"replies":[{"embeddable":true,"href":"https:\/\/nordicmart.andreevmaster.com\/sv\/wp-json\/wp\/v2\/comments?post=15500"}],"wp:featuredmedia":[{"embeddable":true,"href":"https:\/\/nordicmart.andreevmaster.com\/sv\/wp-json\/wp\/v2\/media\/43310"}],"wp:attachment":[{"href":"https:\/\/nordicmart.andreevmaster.com\/sv\/wp-json\/wp\/v2\/media?parent=15500"}],"wp:term":[{"taxonomy":"product_brand","embeddable":true,"href":"https:\/\/nordicmart.andreevmaster.com\/sv\/wp-json\/wp\/v2\/product_brand?post=15500"},{"taxonomy":"product_cat","embeddable":true,"href":"https:\/\/nordicmart.andreevmaster.com\/sv\/wp-json\/wp\/v2\/product_cat?post=15500"},{"taxonomy":"product_tag","embeddable":true,"href":"https:\/\/nordicmart.andreevmaster.com\/sv\/wp-json\/wp\/v2\/product_tag?post=15500"}],"curies":[{"name":"wp","href":"https:\/\/api.w.org\/{rel}","templated":true}]}}