{"id":15492,"date":"2026-02-27T00:26:31","date_gmt":"2026-02-27T00:26:31","guid":{"rendered":"https:\/\/nordicmart.andreevmaster.com\/product\/vasagle-rullvagn-5-nivaer-smal-koksvagn-nischhylla-pa-hjul\/"},"modified":"2026-02-27T08:17:50","modified_gmt":"2026-02-27T08:17:50","slug":"vasagle-rullvagn-5-nivaer-smal-koksvagn-nischhylla-pa-hjul","status":"publish","type":"product","link":"https:\/\/nordicmart.andreevmaster.com\/sv\/produkt\/vasagle-rullvagn-5-nivaer-smal-koksvagn-nischhylla-pa-hjul\/","title":{"rendered":"VASAGLE rullvagn 5 niv\u00e5er, smal k\u00f6ksvagn, nischhylla p\u00e5 hjul"},"content":{"rendered":"<p>Rullvagn 5 niv\u00e5er, smal k\u00f6ksvagn, nischhylla p\u00e5 hjul, st\u00e5l, handtag, sm\u00e5 utrymmen, 13 x 45,4 x 99,6 cm, k\u00f6k, badrum, ekf\u00e4rgad-vit<br \/>\nProduktdetaljer:<br \/>\n&#8211; F\u00e4rg: Vintagebrun-svart<br \/>\n&#8211; Material: sp\u00e5nskiva, st\u00e5l<br \/>\n&#8211; Storlek: 13 x 45,4 x 99,6 cm (D x B x H)<br \/>\n&#8211; Vikt: 3,8 kg<br \/>\n&#8211; Max. total statisk belastningskapacitet: 12,5 kg<\/p>\n<p>Leveransomfattning:<br \/>\n&#8211; 1 x rullvagn<br \/>\n&#8211; 1 x tillbeh\u00f6rspaket<br \/>\n&#8211; 1 x bruksanvisning<\/p>\n<p>VASAGLE Anm\u00e4rkningar:<br \/>\n&#8211; Den maximala statiska totalbelastningen f\u00f6r k\u00f6ksvagnen \u00e4r 12,5 kg. \u00d6verskrid inte denna maximala vikt.<br \/>\n&#8211; Placera inte denna nischhylla i en fuktig milj\u00f6 f\u00f6r att undvika skador. Om du r\u00e5kar spilla vatten p\u00e5 den, torka omedelbart av den med en torr trasa.<\/p>\n","protected":false},"excerpt":{"rendered":"<p>Rullvagn 5 niv\u00e5er, smal k\u00f6ksvagn, nischhylla p\u00e5 hjul, st\u00e5l, handtag, sm\u00e5 utrymmen, 13 x 45,4 x 99,6 cm, k\u00f6k, badrum, ekf\u00e4rgad-vit<\/p>\n","protected":false},"featured_media":43303,"comment_status":"open","ping_status":"closed","template":"","meta":[],"product_brand":[],"product_cat":[33],"product_tag":[],"class_list":{"0":"post-15492","1":"product","2":"type-product","3":"status-publish","4":"has-post-thumbnail","6":"product_cat-okategoriserad","8":"first","9":"instock","10":"shipping-taxable","11":"purchasable","12":"product-type-simple"},"_links":{"self":[{"href":"https:\/\/nordicmart.andreevmaster.com\/sv\/wp-json\/wp\/v2\/product\/15492","targetHints":{"allow":["GET"]}}],"collection":[{"href":"https:\/\/nordicmart.andreevmaster.com\/sv\/wp-json\/wp\/v2\/product"}],"about":[{"href":"https:\/\/nordicmart.andreevmaster.com\/sv\/wp-json\/wp\/v2\/types\/product"}],"replies":[{"embeddable":true,"href":"https:\/\/nordicmart.andreevmaster.com\/sv\/wp-json\/wp\/v2\/comments?post=15492"}],"wp:featuredmedia":[{"embeddable":true,"href":"https:\/\/nordicmart.andreevmaster.com\/sv\/wp-json\/wp\/v2\/media\/43303"}],"wp:attachment":[{"href":"https:\/\/nordicmart.andreevmaster.com\/sv\/wp-json\/wp\/v2\/media?parent=15492"}],"wp:term":[{"taxonomy":"product_brand","embeddable":true,"href":"https:\/\/nordicmart.andreevmaster.com\/sv\/wp-json\/wp\/v2\/product_brand?post=15492"},{"taxonomy":"product_cat","embeddable":true,"href":"https:\/\/nordicmart.andreevmaster.com\/sv\/wp-json\/wp\/v2\/product_cat?post=15492"},{"taxonomy":"product_tag","embeddable":true,"href":"https:\/\/nordicmart.andreevmaster.com\/sv\/wp-json\/wp\/v2\/product_tag?post=15492"}],"curies":[{"name":"wp","href":"https:\/\/api.w.org\/{rel}","templated":true}]}}