{"id":15490,"date":"2026-02-27T00:26:30","date_gmt":"2026-02-27T00:26:30","guid":{"rendered":"https:\/\/nordicmart.andreevmaster.com\/product\/vasagle-rullvagn-4-nivaer-smal-koksvagn-nischhylla\/"},"modified":"2026-02-27T08:17:50","modified_gmt":"2026-02-27T08:17:50","slug":"vasagle-rullvagn-4-nivaer-smal-koksvagn-nischhylla","status":"publish","type":"product","link":"https:\/\/nordicmart.andreevmaster.com\/sv\/produkt\/vasagle-rullvagn-4-nivaer-smal-koksvagn-nischhylla\/","title":{"rendered":"VASAGLE rullvagn 4 niv\u00e5er, smal k\u00f6ksvagn, nischhylla"},"content":{"rendered":"<p>&#8221;Rullvagn 4 niv\u00e5er, smal k\u00f6ksvagn, nischhylla, hjul, st\u00e5l, handtag, 22 x 45,4 x 77 cm, k\u00f6k, badrum, vintagebrun-svart&#8221;<br \/>\n&#8211; F\u00e4rg: Vintagebrun-svart<br \/>\n&#8211; Material: sp\u00e5nskiva, st\u00e5l<br \/>\n&#8211; Storlek: 22 x 45,4 x 77 cm (D x B x H)<br \/>\n&#8211; Vikt: 3,6 kg<br \/>\n&#8211; Max. statisk belastningskapacitet f\u00f6r den \u00f6vre plattan: 5 kg<br \/>\n&#8211; Max. statisk belastningskapacitet per gallerkorg: 5 kg<br \/>\n&#8211; Max. statisk belastningskapacitet totalt: 20 kg<\/p>\n","protected":false},"excerpt":{"rendered":"<p>&#8221;Rullvagn 4 niv\u00e5er, smal k\u00f6ksvagn, nischhylla, hjul, st\u00e5l, handtag, 22 x 45,4 x 77 cm, k\u00f6k, badrum, vintagebrun-svart&#8221;<\/p>\n","protected":false},"featured_media":0,"comment_status":"open","ping_status":"closed","template":"","meta":[],"product_brand":[],"product_cat":[33],"product_tag":[],"class_list":{"0":"post-15490","1":"product","2":"type-product","3":"status-publish","5":"product_cat-okategoriserad","7":"first","8":"instock","9":"shipping-taxable","10":"purchasable","11":"product-type-simple"},"_links":{"self":[{"href":"https:\/\/nordicmart.andreevmaster.com\/sv\/wp-json\/wp\/v2\/product\/15490","targetHints":{"allow":["GET"]}}],"collection":[{"href":"https:\/\/nordicmart.andreevmaster.com\/sv\/wp-json\/wp\/v2\/product"}],"about":[{"href":"https:\/\/nordicmart.andreevmaster.com\/sv\/wp-json\/wp\/v2\/types\/product"}],"replies":[{"embeddable":true,"href":"https:\/\/nordicmart.andreevmaster.com\/sv\/wp-json\/wp\/v2\/comments?post=15490"}],"wp:attachment":[{"href":"https:\/\/nordicmart.andreevmaster.com\/sv\/wp-json\/wp\/v2\/media?parent=15490"}],"wp:term":[{"taxonomy":"product_brand","embeddable":true,"href":"https:\/\/nordicmart.andreevmaster.com\/sv\/wp-json\/wp\/v2\/product_brand?post=15490"},{"taxonomy":"product_cat","embeddable":true,"href":"https:\/\/nordicmart.andreevmaster.com\/sv\/wp-json\/wp\/v2\/product_cat?post=15490"},{"taxonomy":"product_tag","embeddable":true,"href":"https:\/\/nordicmart.andreevmaster.com\/sv\/wp-json\/wp\/v2\/product_tag?post=15490"}],"curies":[{"name":"wp","href":"https:\/\/api.w.org\/{rel}","templated":true}]}}