{"id":15488,"date":"2026-02-27T00:26:30","date_gmt":"2026-02-27T00:26:30","guid":{"rendered":"https:\/\/nordicmart.andreevmaster.com\/product\/vasagle-rullvagn-4-nivaer-smal-koksvagn-nischhylla-pa-hjul\/"},"modified":"2026-02-27T08:17:49","modified_gmt":"2026-02-27T08:17:49","slug":"vasagle-rullvagn-4-nivaer-smal-koksvagn-nischhylla-pa-hjul","status":"publish","type":"product","link":"https:\/\/nordicmart.andreevmaster.com\/sv\/produkt\/vasagle-rullvagn-4-nivaer-smal-koksvagn-nischhylla-pa-hjul\/","title":{"rendered":"VASAGLE rullvagn 4 niv\u00e5er, smal k\u00f6ksvagn, nischhylla p\u00e5 hjul"},"content":{"rendered":"<p>Produktdetaljer: &#8211; F\u00e4rg: Vintagebrun-svart &#8211; Material: Sp\u00e5nskiva, st\u00e5l &#8211; Storlek: 13 x 45,4 x 77 cm (D x B x H) &#8211; Vikt: 3,8 kg &#8211; Max. statisk belastningskapacitet f\u00f6r den \u00f6vre plattan: 5 kg &#8211; Max. statisk belastningskapacitet per gallerkorg: 5 kg &#8211; Max. total statisk belastningskapacitet: 20 kg Leveransomfattning: &#8211; 1 x rullvagn &#8211; 1 x tillbeh\u00f6rspaket &#8211; 1 x bruksanvisning VASAGLE Anm\u00e4rkningar:- Av s\u00e4kerhetssk\u00e4l \u00e4r det f\u00f6rbjudet f\u00f6r barn att kl\u00e4ttra p\u00e5 eller leka med produkten. &#8211; Produktens maximala statiska totalbelastningskapacitet \u00e4r 20 kg. \u00d6verskrid inte denna maximala vikt. &#8211; Placera inte produkten i en fuktig milj\u00f6 f\u00f6r att undvika skador. Om du r\u00e5kar spilla vatten p\u00e5 den, torka omedelbart av den med en torr trasa.<\/p>\n","protected":false},"excerpt":{"rendered":"<p>Rullvagn med 4 hyllplan, smal k\u00f6ksvagn, nischhylla p\u00e5 hjul, st\u00e5l, handtag, sm\u00e5 utrymmen, 13 x 45,4 x 77 cm, vintagebrun-svart<\/p>\n","protected":false},"featured_media":43300,"comment_status":"open","ping_status":"closed","template":"","meta":[],"product_brand":[],"product_cat":[33],"product_tag":[],"class_list":{"0":"post-15488","1":"product","2":"type-product","3":"status-publish","4":"has-post-thumbnail","6":"product_cat-okategoriserad","8":"first","9":"instock","10":"shipping-taxable","11":"purchasable","12":"product-type-simple"},"_links":{"self":[{"href":"https:\/\/nordicmart.andreevmaster.com\/sv\/wp-json\/wp\/v2\/product\/15488","targetHints":{"allow":["GET"]}}],"collection":[{"href":"https:\/\/nordicmart.andreevmaster.com\/sv\/wp-json\/wp\/v2\/product"}],"about":[{"href":"https:\/\/nordicmart.andreevmaster.com\/sv\/wp-json\/wp\/v2\/types\/product"}],"replies":[{"embeddable":true,"href":"https:\/\/nordicmart.andreevmaster.com\/sv\/wp-json\/wp\/v2\/comments?post=15488"}],"wp:featuredmedia":[{"embeddable":true,"href":"https:\/\/nordicmart.andreevmaster.com\/sv\/wp-json\/wp\/v2\/media\/43300"}],"wp:attachment":[{"href":"https:\/\/nordicmart.andreevmaster.com\/sv\/wp-json\/wp\/v2\/media?parent=15488"}],"wp:term":[{"taxonomy":"product_brand","embeddable":true,"href":"https:\/\/nordicmart.andreevmaster.com\/sv\/wp-json\/wp\/v2\/product_brand?post=15488"},{"taxonomy":"product_cat","embeddable":true,"href":"https:\/\/nordicmart.andreevmaster.com\/sv\/wp-json\/wp\/v2\/product_cat?post=15488"},{"taxonomy":"product_tag","embeddable":true,"href":"https:\/\/nordicmart.andreevmaster.com\/sv\/wp-json\/wp\/v2\/product_tag?post=15488"}],"curies":[{"name":"wp","href":"https:\/\/api.w.org\/{rel}","templated":true}]}}