{"id":15487,"date":"2026-02-27T00:26:30","date_gmt":"2026-02-27T00:26:30","guid":{"rendered":"https:\/\/nordicmart.andreevmaster.com\/product\/vagn-med-4-hyllplan-smal-koksvagn-smal-hylla-med-hjul\/"},"modified":"2026-02-27T08:17:49","modified_gmt":"2026-02-27T08:17:49","slug":"vagn-med-4-hyllplan-smal-koksvagn-smal-hylla-med-hjul","status":"publish","type":"product","link":"https:\/\/nordicmart.andreevmaster.com\/sv\/produkt\/vagn-med-4-hyllplan-smal-koksvagn-smal-hylla-med-hjul\/","title":{"rendered":"Vagn med 4 hyllplan, smal k\u00f6ksvagn, smal hylla med hjul"},"content":{"rendered":"<p>Produktinformation: &#8211; F\u00e4rg: F\u00e4rg: F\u00e4rg: Vintage brun-svart: Material: sp\u00e5nskiva, st\u00e5l &#8211; Storlek: 13 x 45,4 x 77 cm (B x L x H) &#8211; Vikt: 3,8 kg &#8211; Statisk maximal belastning p\u00e5 \u00f6vre hyllan: 5 kg &#8211; Max. statisk belastning per gallerhylla: 5 kg &#8211; Max. statisk totalbelastning: 20 kg Leveransomfattning: &#8211; 1 x vagn &#8211; 1 x tillbeh\u00f6rspaket &#8211; 1 x bruksanvisning VASAGLE Anm\u00e4rkningar: &#8211; Av s\u00e4kerhetssk\u00e4l f\u00e5r barn inte kl\u00e4ttra p\u00e5 produkten eller leka med den. Produktens maximala statiska totalbelastning \u00e4r 20 kg. \u00d6verskrid inte denna maximala vikt. &#8211; Placera inte produkten i fuktig milj\u00f6 f\u00f6r att undvika skador. Om vatten r\u00e5kar spillas p\u00e5 produkten, torka omedelbart bort det med en torr trasa.<\/p>\n","protected":false},"excerpt":{"rendered":"<p>Produktinformation: &#8211; F\u00e4rg: F\u00e4rg: F\u00e4rg: Vintage brun-svart: Material: sp\u00e5nskiva, st\u00e5l &#8211; Storlek: 13 x 45,4 x 77 cm (B x L x H) &#8211; Vikt: 3,8 kg &#8211; Statisk maximal belastning p\u00e5 \u00f6vre hyllan: 5 kg &#8211; Max. statisk belastning per gallerhylla: 5 kg &#8211; Max. statisk totalbelastning: 20 kg Leveransomfattning: &#8211; 1 x vagn [&hellip;]<\/p>\n","protected":false},"featured_media":0,"comment_status":"open","ping_status":"closed","template":"","meta":[],"product_brand":[],"product_cat":[33],"product_tag":[],"class_list":{"0":"post-15487","1":"product","2":"type-product","3":"status-publish","5":"product_cat-okategoriserad","7":"first","8":"instock","9":"shipping-taxable","10":"product-type-simple"},"_links":{"self":[{"href":"https:\/\/nordicmart.andreevmaster.com\/sv\/wp-json\/wp\/v2\/product\/15487","targetHints":{"allow":["GET"]}}],"collection":[{"href":"https:\/\/nordicmart.andreevmaster.com\/sv\/wp-json\/wp\/v2\/product"}],"about":[{"href":"https:\/\/nordicmart.andreevmaster.com\/sv\/wp-json\/wp\/v2\/types\/product"}],"replies":[{"embeddable":true,"href":"https:\/\/nordicmart.andreevmaster.com\/sv\/wp-json\/wp\/v2\/comments?post=15487"}],"wp:attachment":[{"href":"https:\/\/nordicmart.andreevmaster.com\/sv\/wp-json\/wp\/v2\/media?parent=15487"}],"wp:term":[{"taxonomy":"product_brand","embeddable":true,"href":"https:\/\/nordicmart.andreevmaster.com\/sv\/wp-json\/wp\/v2\/product_brand?post=15487"},{"taxonomy":"product_cat","embeddable":true,"href":"https:\/\/nordicmart.andreevmaster.com\/sv\/wp-json\/wp\/v2\/product_cat?post=15487"},{"taxonomy":"product_tag","embeddable":true,"href":"https:\/\/nordicmart.andreevmaster.com\/sv\/wp-json\/wp\/v2\/product_tag?post=15487"}],"curies":[{"name":"wp","href":"https:\/\/api.w.org\/{rel}","templated":true}]}}