{"id":15485,"date":"2026-02-27T00:26:29","date_gmt":"2026-02-27T00:26:29","guid":{"rendered":"https:\/\/nordicmart.andreevmaster.com\/product\/vasagle-serveringsvagn-i-industriell-design\/"},"modified":"2026-02-27T08:17:48","modified_gmt":"2026-02-27T08:17:48","slug":"vasagle-serveringsvagn-i-industriell-design","status":"publish","type":"product","link":"https:\/\/nordicmart.andreevmaster.com\/sv\/produkt\/vasagle-serveringsvagn-i-industriell-design\/","title":{"rendered":"VASAGLE serveringsvagn i industriell design"},"content":{"rendered":"<p>Produktdetaljer: &#8211; F\u00e4rg: Vintagebrun-svart &#8211; Material: Sp\u00e5nskiva, st\u00e5l &#8211; M\u00e5tt: 60 x 77,5 x 40 cm (B x H x D) &#8211; Vikt: 11,21 kg &#8211; Max. total belastningskapacitet f\u00f6r hyllan: 80 kg Leveransomfattning: &#8211; 1 x k\u00f6ksvagn &#8211; 1 x bruksanvisning (DE, EN, FR, IT, ES)<\/p>\n","protected":false},"excerpt":{"rendered":"<p>VASAGLE serveringsvagn, k\u00f6ksvagn, rullvagn, k\u00f6kshylla p\u00e5 4 hjul, st\u00e5lstativ, 3 hyllplan, f\u00f6r k\u00f6k och vardagsrum, industriell design, vintagebrun-svart LRC78X<\/p>\n","protected":false},"featured_media":43298,"comment_status":"open","ping_status":"closed","template":"","meta":[],"product_brand":[],"product_cat":[33],"product_tag":[],"class_list":{"0":"post-15485","1":"product","2":"type-product","3":"status-publish","4":"has-post-thumbnail","6":"product_cat-okategoriserad","8":"first","9":"instock","10":"shipping-taxable","11":"purchasable","12":"product-type-simple"},"_links":{"self":[{"href":"https:\/\/nordicmart.andreevmaster.com\/sv\/wp-json\/wp\/v2\/product\/15485","targetHints":{"allow":["GET"]}}],"collection":[{"href":"https:\/\/nordicmart.andreevmaster.com\/sv\/wp-json\/wp\/v2\/product"}],"about":[{"href":"https:\/\/nordicmart.andreevmaster.com\/sv\/wp-json\/wp\/v2\/types\/product"}],"replies":[{"embeddable":true,"href":"https:\/\/nordicmart.andreevmaster.com\/sv\/wp-json\/wp\/v2\/comments?post=15485"}],"wp:featuredmedia":[{"embeddable":true,"href":"https:\/\/nordicmart.andreevmaster.com\/sv\/wp-json\/wp\/v2\/media\/43298"}],"wp:attachment":[{"href":"https:\/\/nordicmart.andreevmaster.com\/sv\/wp-json\/wp\/v2\/media?parent=15485"}],"wp:term":[{"taxonomy":"product_brand","embeddable":true,"href":"https:\/\/nordicmart.andreevmaster.com\/sv\/wp-json\/wp\/v2\/product_brand?post=15485"},{"taxonomy":"product_cat","embeddable":true,"href":"https:\/\/nordicmart.andreevmaster.com\/sv\/wp-json\/wp\/v2\/product_cat?post=15485"},{"taxonomy":"product_tag","embeddable":true,"href":"https:\/\/nordicmart.andreevmaster.com\/sv\/wp-json\/wp\/v2\/product_tag?post=15485"}],"curies":[{"name":"wp","href":"https:\/\/api.w.org\/{rel}","templated":true}]}}