{"id":15484,"date":"2026-02-27T00:26:29","date_gmt":"2026-02-27T00:26:29","guid":{"rendered":"https:\/\/nordicmart.andreevmaster.com\/product\/vasagle-koksvagn-med-universalhjul\/"},"modified":"2026-02-27T08:17:48","modified_gmt":"2026-02-27T08:17:48","slug":"vasagle-koksvagn-med-universalhjul","status":"publish","type":"product","link":"https:\/\/nordicmart.andreevmaster.com\/sv\/produkt\/vasagle-koksvagn-med-universalhjul\/","title":{"rendered":"VASAGLE k\u00f6ksvagn med universalhjul"},"content":{"rendered":"<p>Produktdetaljer: &#8211; F\u00e4rg: Vintagebrun-svart &#8211; Material: Sp\u00e5nskiva, st\u00e5l &#8211; Storlek: 60 x 40 x 75 cm (L x B x H) &#8211; Vikt: 8,5 kg &#8211; Maximal statisk belastningskapacitet yta: 20 kg &#8211; Maximal statisk belastningskapacitet per gallerplan: 5 kg Leveransomfattning:- 1 x serveringsvagn &#8211; 1 x monterings tillbeh\u00f6r &#8211; 1 x instruktioner (DE, EN, IT, FR, ES) VASAGLE Anm\u00e4rkningar: &#8211; H\u00e5ll produkten borta fr\u00e5n v\u00e4rmek\u00e4llor, fukt, direkt solljus och fr\u00e4tande kemikalier. &#8211; H\u00e5ll produkten borta fr\u00e5n vassa och spetsiga f\u00f6rem\u00e5l f\u00f6r att undvika skador p\u00e5 ytan.<\/p>\n","protected":false},"excerpt":{"rendered":"<p>VASAGLE serveringsvagn, k\u00f6ksvagn med universalhjul, k\u00f6kshylla med justerbara f\u00f6tter, stabil metallram, 2 gallerhyllor, 60 x 40 x 75 cm, industriell design, vintagebrun-svart LRC75BX<\/p>\n","protected":false},"featured_media":43297,"comment_status":"open","ping_status":"closed","template":"","meta":[],"product_brand":[],"product_cat":[33],"product_tag":[],"class_list":{"0":"post-15484","1":"product","2":"type-product","3":"status-publish","4":"has-post-thumbnail","6":"product_cat-okategoriserad","8":"first","9":"instock","10":"shipping-taxable","11":"purchasable","12":"product-type-simple"},"_links":{"self":[{"href":"https:\/\/nordicmart.andreevmaster.com\/sv\/wp-json\/wp\/v2\/product\/15484","targetHints":{"allow":["GET"]}}],"collection":[{"href":"https:\/\/nordicmart.andreevmaster.com\/sv\/wp-json\/wp\/v2\/product"}],"about":[{"href":"https:\/\/nordicmart.andreevmaster.com\/sv\/wp-json\/wp\/v2\/types\/product"}],"replies":[{"embeddable":true,"href":"https:\/\/nordicmart.andreevmaster.com\/sv\/wp-json\/wp\/v2\/comments?post=15484"}],"wp:featuredmedia":[{"embeddable":true,"href":"https:\/\/nordicmart.andreevmaster.com\/sv\/wp-json\/wp\/v2\/media\/43297"}],"wp:attachment":[{"href":"https:\/\/nordicmart.andreevmaster.com\/sv\/wp-json\/wp\/v2\/media?parent=15484"}],"wp:term":[{"taxonomy":"product_brand","embeddable":true,"href":"https:\/\/nordicmart.andreevmaster.com\/sv\/wp-json\/wp\/v2\/product_brand?post=15484"},{"taxonomy":"product_cat","embeddable":true,"href":"https:\/\/nordicmart.andreevmaster.com\/sv\/wp-json\/wp\/v2\/product_cat?post=15484"},{"taxonomy":"product_tag","embeddable":true,"href":"https:\/\/nordicmart.andreevmaster.com\/sv\/wp-json\/wp\/v2\/product_tag?post=15484"}],"curies":[{"name":"wp","href":"https:\/\/api.w.org\/{rel}","templated":true}]}}