{"id":15482,"date":"2026-02-27T00:26:28","date_gmt":"2026-02-27T00:26:28","guid":{"rendered":"https:\/\/nordicmart.andreevmaster.com\/product\/vasagle-serveringsvagn-3-hyllor-vit-natur\/"},"modified":"2026-02-27T08:17:48","modified_gmt":"2026-02-27T08:17:48","slug":"vasagle-serveringsvagn-3-hyllor-vit-natur","status":"publish","type":"product","link":"https:\/\/nordicmart.andreevmaster.com\/sv\/produkt\/vasagle-serveringsvagn-3-hyllor-vit-natur\/","title":{"rendered":"VASAGLE serveringsvagn 3 hyllor vit-natur"},"content":{"rendered":"<p>Produktdetaljer: &#8211; F\u00e4rg: Vit-natur &#8211; Material: Sp\u00e5nskiva, j\u00e4rn &#8211; Storlek: 66 x 26 x 85 cm (L x B x H) &#8211; Vikt: 9,9 kg &#8211; Maximal statisk belastningskapacitet per hyllplan: 10 kg Leveransomfattning:- 1 x serveringsvagn &#8211; 1 x monteringsdetaljer &#8211; 1 x bruksanvisning (DE, EN, IT, FR, ES) VASAGLE Anvisningar: &#8211; H\u00e5ll produkten borta fr\u00e5n v\u00e4rmek\u00e4llor, fukt, direkt solljus och fr\u00e4tande kemikalier. &#8211; H\u00e5ll produkten borta fr\u00e5n vassa och spetsiga f\u00f6rem\u00e5l f\u00f6r att undvika skador p\u00e5 ytan.- L\u00e5t inte barn kl\u00e4ttra p\u00e5 produkten.<\/p>\n","protected":false},"excerpt":{"rendered":"<p>VASAGLE serveringsvagn, platsbesparande k\u00f6ksvagn med universalhjul, k\u00f6kshylla med justerbara f\u00f6tter, stabil metallram, 66 x 26 x 85 cm, industriell design, vintage, m\u00f6rkbrun LRC66BX<\/p>\n","protected":false},"featured_media":43295,"comment_status":"open","ping_status":"closed","template":"","meta":[],"product_brand":[],"product_cat":[33],"product_tag":[],"class_list":{"0":"post-15482","1":"product","2":"type-product","3":"status-publish","4":"has-post-thumbnail","6":"product_cat-okategoriserad","8":"first","9":"instock","10":"shipping-taxable","11":"purchasable","12":"product-type-simple"},"_links":{"self":[{"href":"https:\/\/nordicmart.andreevmaster.com\/sv\/wp-json\/wp\/v2\/product\/15482","targetHints":{"allow":["GET"]}}],"collection":[{"href":"https:\/\/nordicmart.andreevmaster.com\/sv\/wp-json\/wp\/v2\/product"}],"about":[{"href":"https:\/\/nordicmart.andreevmaster.com\/sv\/wp-json\/wp\/v2\/types\/product"}],"replies":[{"embeddable":true,"href":"https:\/\/nordicmart.andreevmaster.com\/sv\/wp-json\/wp\/v2\/comments?post=15482"}],"wp:featuredmedia":[{"embeddable":true,"href":"https:\/\/nordicmart.andreevmaster.com\/sv\/wp-json\/wp\/v2\/media\/43295"}],"wp:attachment":[{"href":"https:\/\/nordicmart.andreevmaster.com\/sv\/wp-json\/wp\/v2\/media?parent=15482"}],"wp:term":[{"taxonomy":"product_brand","embeddable":true,"href":"https:\/\/nordicmart.andreevmaster.com\/sv\/wp-json\/wp\/v2\/product_brand?post=15482"},{"taxonomy":"product_cat","embeddable":true,"href":"https:\/\/nordicmart.andreevmaster.com\/sv\/wp-json\/wp\/v2\/product_cat?post=15482"},{"taxonomy":"product_tag","embeddable":true,"href":"https:\/\/nordicmart.andreevmaster.com\/sv\/wp-json\/wp\/v2\/product_tag?post=15482"}],"curies":[{"name":"wp","href":"https:\/\/api.w.org\/{rel}","templated":true}]}}