{"id":15480,"date":"2026-02-27T00:26:28","date_gmt":"2026-02-27T00:26:28","guid":{"rendered":"https:\/\/nordicmart.andreevmaster.com\/product\/vasagle-serveringsvagn-med-fotter-och-hjul-40-x-88-x-96-cm\/"},"modified":"2026-02-27T08:17:47","modified_gmt":"2026-02-27T08:17:47","slug":"vasagle-serveringsvagn-med-fotter-och-hjul-40-x-88-x-96-cm","status":"publish","type":"product","link":"https:\/\/nordicmart.andreevmaster.com\/sv\/produkt\/vasagle-serveringsvagn-med-fotter-och-hjul-40-x-88-x-96-cm\/","title":{"rendered":"VASAGLE serveringsvagn med f\u00f6tter och hjul 40 x 88 x 96 cm"},"content":{"rendered":"<p>VASAGLE serveringsvagn, k\u00f6ksvagn, avtagbart bricka, med justerbara f\u00f6tter och hjul, k\u00f6kshylla, st\u00e5lram, 40 x 88 x 96 cm, industriell design, vintagebrun-svart LRC093B01<br \/>\nF\u00e4rg: Vintagebrun-svart<br \/>\nMaterial: sp\u00e5nskiva, st\u00e5l<br \/>\nStorlek: 40 x 88 x 96 cm (D x B x H)<br \/>\nVikt: 15,7 kg<br \/>\nMaximal statisk belastningskapacitet totalt: 60 kg<br \/>\nMaximal statisk belastningskapacitet f\u00f6r brickan: 15 kg<\/p>\n","protected":false},"excerpt":{"rendered":"<p>VASAGLE serveringsvagn, k\u00f6ksvagn, avtagbart bricka, med justerbara f\u00f6tter och hjul, k\u00f6kshylla, st\u00e5lram, 40 x 88 x 96 cm, industriell design, vintagebrun-svart LRC093B01<\/p>\n","protected":false},"featured_media":43293,"comment_status":"open","ping_status":"closed","template":"","meta":[],"product_brand":[],"product_cat":[33],"product_tag":[],"class_list":{"0":"post-15480","1":"product","2":"type-product","3":"status-publish","4":"has-post-thumbnail","6":"product_cat-okategoriserad","8":"first","9":"instock","10":"shipping-taxable","11":"purchasable","12":"product-type-simple"},"_links":{"self":[{"href":"https:\/\/nordicmart.andreevmaster.com\/sv\/wp-json\/wp\/v2\/product\/15480","targetHints":{"allow":["GET"]}}],"collection":[{"href":"https:\/\/nordicmart.andreevmaster.com\/sv\/wp-json\/wp\/v2\/product"}],"about":[{"href":"https:\/\/nordicmart.andreevmaster.com\/sv\/wp-json\/wp\/v2\/types\/product"}],"replies":[{"embeddable":true,"href":"https:\/\/nordicmart.andreevmaster.com\/sv\/wp-json\/wp\/v2\/comments?post=15480"}],"wp:featuredmedia":[{"embeddable":true,"href":"https:\/\/nordicmart.andreevmaster.com\/sv\/wp-json\/wp\/v2\/media\/43293"}],"wp:attachment":[{"href":"https:\/\/nordicmart.andreevmaster.com\/sv\/wp-json\/wp\/v2\/media?parent=15480"}],"wp:term":[{"taxonomy":"product_brand","embeddable":true,"href":"https:\/\/nordicmart.andreevmaster.com\/sv\/wp-json\/wp\/v2\/product_brand?post=15480"},{"taxonomy":"product_cat","embeddable":true,"href":"https:\/\/nordicmart.andreevmaster.com\/sv\/wp-json\/wp\/v2\/product_cat?post=15480"},{"taxonomy":"product_tag","embeddable":true,"href":"https:\/\/nordicmart.andreevmaster.com\/sv\/wp-json\/wp\/v2\/product_tag?post=15480"}],"curies":[{"name":"wp","href":"https:\/\/api.w.org\/{rel}","templated":true}]}}